{"id":3313,"date":"2020-02-12T13:45:34","date_gmt":"2020-02-12T12:45:34","guid":{"rendered":"https:\/\/www.masferranpals.com\/?page_id=3313"},"modified":"2020-05-08T21:45:10","modified_gmt":"2020-05-08T20:45:10","slug":"castell-gala-dali-pubol","status":"publish","type":"page","link":"https:\/\/www.masferranpals.com\/en\/environment\/castell-gala-dali-pubol\/","title":{"rendered":"CASTELL GALA DAL\u00cd P\u00daBOL"},"content":{"rendered":"\n<style type=\"text\/css\" data-created_by=\"avia_inline_auto\" id=\"style-css-av-cctim-6bc23355add449a9ab9f1d61b3fc125f\">\n.flex_column.av-cctim-6bc23355add449a9ab9f1d61b3fc125f{\nborder-radius:0px 0px 0px 0px;\npadding:0px 0px 0px 0px;\n}\n<\/style>\n<div  class='flex_column av-cctim-6bc23355add449a9ab9f1d61b3fc125f av_one_full  avia-builder-el-0  el_before_av_one_half  avia-builder-el-first  first flex_column_div av-zero-column-padding  '     ><style type=\"text\/css\" data-created_by=\"avia_inline_auto\" id=\"style-css-av-k92z5oxv-b5479e3822e867a19c8b4895878a4ea0\">\n#top .av-special-heading.av-k92z5oxv-b5479e3822e867a19c8b4895878a4ea0{\npadding-bottom:5px;\n}\nbody .av-special-heading.av-k92z5oxv-b5479e3822e867a19c8b4895878a4ea0 .av-special-heading-tag .heading-char{\nfont-size:25px;\n}\n.av-special-heading.av-k92z5oxv-b5479e3822e867a19c8b4895878a4ea0 .av-subheading{\nfont-size:15px;\n}\n<\/style>\n<div  class='av-special-heading av-k92z5oxv-b5479e3822e867a19c8b4895878a4ea0 av-special-heading-h1  avia-builder-el-1  avia-builder-el-no-sibling  av-linked-heading'><h1 class='av-special-heading-tag '  itemprop=\"headline\"  >GALA-DAL\u00cd P\u00daBOL CASTLE<\/h1><div class=\"special-heading-border\"><div class=\"special-heading-inner-border\"><\/div><\/div><\/div><\/div>\n\n<style type=\"text\/css\" data-created_by=\"avia_inline_auto\" id=\"style-css-av-1qp42-dd2f184ed8b74bf9d1baeb6ae2f44109\">\n.flex_column.av-1qp42-dd2f184ed8b74bf9d1baeb6ae2f44109{\nborder-radius:0px 0px 0px 0px;\npadding:0px 0px 0px 0px;\n}\n<\/style>\n<div  class='flex_column av-1qp42-dd2f184ed8b74bf9d1baeb6ae2f44109 av_one_half  avia-builder-el-2  el_after_av_one_full  el_before_av_one_half  first flex_column_div av-zero-column-padding  column-top-margin'     ><section  class='av_textblock_section av-asgcm-90f7fc53c1727e0ec304c8a74233f53d '   itemscope=\"itemscope\" itemtype=\"https:\/\/schema.org\/CreativeWork\" ><div class='avia_textblock'  itemprop=\"text\" ><p><strong>The Gala-Dal\u00ed Castle in P\u00fabol, <\/strong>open to the public since 1996<strong>, discovers a medieval building where Salvador Dal\u00ed materialized a great creative thinking in only one person, Gala<\/strong>, and a function, a suitable place for rest and refuge for his wife.<\/p>\n<p>When Dal\u00ed bought the Castle in 1969, it was very deteriorated. All of this gave the complex a romantic aspect, which is what the Dal\u00ed\u2019s tried to maintain in the restoration they commissioned.<\/p>\n<p>Salvador Dal\u00ed used the semi-ruined walls and ceilings in a very intelligent way, creating unsuspected spaces with very contrasting dimensions; he conceived the interior decoration based on pictorial representations on the walls, false architectures, textile baroque, antiques, symbolism of a romantic nature &#8230; The result is a closed, mysterious, private, austere and sober place, with spaces of great beauty such as the former kitchen converted into a bathroom or the curious Piano Room.<\/p>\n<p>P\u00fabol Castle has its own personality. <strong>It is Dal\u00ed&#8217;s gift to Gala, <\/strong>whom he adores and he cannot access without her written permission. In this sense, Dal\u00ed&#8217;s handwritten text, &#8220;Le ch\u00e2teau de Gala, la Gala du ch\u00e2teau&#8221; (sic), in the book by Jean-Charles Pichon, L&#8217;homme et les dieux, is illustrative.<\/p>\n<\/div><\/section><\/div>\n\n<style type=\"text\/css\" data-created_by=\"avia_inline_auto\" id=\"style-css-av-qj12-2f81ef96171b8e1f27e1205f17309016\">\n.flex_column.av-qj12-2f81ef96171b8e1f27e1205f17309016{\nborder-radius:0px 0px 0px 0px;\npadding:0px 0px 0px 0px;\n}\n<\/style>\n<div  class='flex_column av-qj12-2f81ef96171b8e1f27e1205f17309016 av_one_half  avia-builder-el-4  el_after_av_one_half  el_before_av_hr  flex_column_div av-zero-column-padding  column-top-margin'     ><p>\n<style type=\"text\/css\" data-created_by=\"avia_inline_auto\" id=\"style-css-av-k9yo4s9s-22cb77f2d0cb24e0b534dc041ede98cb\">\n#top .hr.hr-invisible.av-k9yo4s9s-22cb77f2d0cb24e0b534dc041ede98cb{\nheight:60px;\n}\n<\/style>\n<div  class='hr av-k9yo4s9s-22cb77f2d0cb24e0b534dc041ede98cb hr-invisible  avia-builder-el-5  el_before_av_image  avia-builder-el-first '><span class='hr-inner '><span class=\"hr-inner-style\"><\/span><\/span><\/div><br \/>\n\n<style type=\"text\/css\" data-created_by=\"avia_inline_auto\" id=\"style-css-av-k6j0bfin-218f9ec0e7234b4d86abbae4ab31cf59\">\n.avia-image-container.av-k6j0bfin-218f9ec0e7234b4d86abbae4ab31cf59 img.avia_image{\nbox-shadow:none;\n}\n.avia-image-container.av-k6j0bfin-218f9ec0e7234b4d86abbae4ab31cf59 .av-image-caption-overlay-center{\ncolor:#ffffff;\n}\n<\/style>\n<div  class='avia-image-container av-k6j0bfin-218f9ec0e7234b4d86abbae4ab31cf59 av-styling- avia-align-center  avia-builder-el-6  el_after_av_hr  avia-builder-el-last '   itemprop=\"image\" itemscope=\"itemscope\" itemtype=\"https:\/\/schema.org\/ImageObject\" ><div class=\"avia-image-container-inner\"><div class=\"avia-image-overlay-wrap\"><img decoding=\"async\" fetchpriority=\"high\" class='wp-image-3236 avia-img-lazy-loading-not-3236 avia_image ' src=\"https:\/\/www.masferranpals.com\/wp-content\/uploads\/2020\/02\/castell-gala-dali-pubol.jpg\" alt='Castell Gala-Dal\u00ed' title='Castell Gala-Dal\u00ed'  height=\"363\" width=\"548\"  itemprop=\"thumbnailUrl\" srcset=\"https:\/\/www.masferranpals.com\/wp-content\/uploads\/2020\/02\/castell-gala-dali-pubol.jpg 548w, https:\/\/www.masferranpals.com\/wp-content\/uploads\/2020\/02\/castell-gala-dali-pubol-300x199.jpg 300w\" sizes=\"(max-width: 548px) 100vw, 548px\" \/><\/div><\/div><\/div><\/p><\/div>\n<style type=\"text\/css\" data-created_by=\"avia_inline_auto\" id=\"style-css-av-k6j1x6dp-a515434237ab4330e0e74e4052faac37\">\n#top .hr.hr-invisible.av-k6j1x6dp-a515434237ab4330e0e74e4052faac37{\nheight:50px;\n}\n<\/style>\n<div  class='hr av-k6j1x6dp-a515434237ab4330e0e74e4052faac37 hr-invisible  avia-builder-el-7  el_after_av_one_half  avia-builder-el-last '><span class='hr-inner '><span class=\"hr-inner-style\"><\/span><\/span><\/div><\/p>\n","protected":false},"excerpt":{"rendered":"","protected":false},"author":4,"featured_media":0,"parent":3348,"menu_order":0,"comment_status":"closed","ping_status":"closed","template":"","meta":{"footnotes":""},"class_list":["post-3313","page","type-page","status-publish","hentry"],"yoast_head":"<!-- This site is optimized with the Yoast SEO plugin v27.0 - https:\/\/yoast.com\/product\/yoast-seo-wordpress\/ -->\n<title>CASTELL GALA DAL\u00cd P\u00daBOL - Mas Ferran Pals<\/title>\n<meta name=\"robots\" content=\"index, follow, max-snippet:-1, max-image-preview:large, max-video-preview:-1\" \/>\n<link rel=\"canonical\" href=\"https:\/\/www.masferranpals.com\/en\/environment\/castell-gala-dali-pubol\/\" \/>\n<meta property=\"og:locale\" content=\"en_US\" \/>\n<meta property=\"og:type\" content=\"article\" \/>\n<meta property=\"og:title\" content=\"CASTELL GALA DAL\u00cd P\u00daBOL - Mas Ferran Pals\" \/>\n<meta property=\"og:url\" content=\"https:\/\/www.masferranpals.com\/en\/environment\/castell-gala-dali-pubol\/\" \/>\n<meta property=\"og:site_name\" content=\"Mas Ferran Pals\" \/>\n<meta property=\"article:modified_time\" content=\"2020-05-08T20:45:10+00:00\" \/>\n<meta name=\"twitter:card\" content=\"summary_large_image\" \/>\n<meta name=\"twitter:label1\" content=\"Est. reading time\" \/>\n\t<meta name=\"twitter:data1\" content=\"4 minutes\" \/>\n<script type=\"application\/ld+json\" class=\"yoast-schema-graph\">{\"@context\":\"https:\/\/schema.org\",\"@graph\":[{\"@type\":\"WebPage\",\"@id\":\"https:\/\/www.masferranpals.com\/en\/environment\/castell-gala-dali-pubol\/\",\"url\":\"https:\/\/www.masferranpals.com\/en\/environment\/castell-gala-dali-pubol\/\",\"name\":\"CASTELL GALA DAL\u00cd P\u00daBOL - Mas Ferran Pals\",\"isPartOf\":{\"@id\":\"https:\/\/www.masferranpals.com\/fr\/#website\"},\"datePublished\":\"2020-02-12T12:45:34+00:00\",\"dateModified\":\"2020-05-08T20:45:10+00:00\",\"breadcrumb\":{\"@id\":\"https:\/\/www.masferranpals.com\/en\/environment\/castell-gala-dali-pubol\/#breadcrumb\"},\"inLanguage\":\"en-US\",\"potentialAction\":[{\"@type\":\"ReadAction\",\"target\":[\"https:\/\/www.masferranpals.com\/en\/environment\/castell-gala-dali-pubol\/\"]}]},{\"@type\":\"BreadcrumbList\",\"@id\":\"https:\/\/www.masferranpals.com\/en\/environment\/castell-gala-dali-pubol\/#breadcrumb\",\"itemListElement\":[{\"@type\":\"ListItem\",\"position\":1,\"name\":\"Home\",\"item\":\"https:\/\/www.masferranpals.com\/en\/\"},{\"@type\":\"ListItem\",\"position\":2,\"name\":\"Surroundings &#8211; beaches\",\"item\":\"https:\/\/www.masferranpals.com\/en\/environment\/\"},{\"@type\":\"ListItem\",\"position\":3,\"name\":\"CASTELL GALA DAL\u00cd P\u00daBOL\"}]},{\"@type\":\"WebSite\",\"@id\":\"https:\/\/www.masferranpals.com\/fr\/#website\",\"url\":\"https:\/\/www.masferranpals.com\/fr\/\",\"name\":\"Mas Ferran Pals\",\"description\":\"Habitacions en un espai privilegiat a l\u2019Empord\u00e0.\",\"potentialAction\":[{\"@type\":\"SearchAction\",\"target\":{\"@type\":\"EntryPoint\",\"urlTemplate\":\"https:\/\/www.masferranpals.com\/fr\/?s={search_term_string}\"},\"query-input\":{\"@type\":\"PropertyValueSpecification\",\"valueRequired\":true,\"valueName\":\"search_term_string\"}}],\"inLanguage\":\"en-US\"}]}<\/script>\n<!-- \/ Yoast SEO plugin. -->","yoast_head_json":{"title":"CASTELL GALA DAL\u00cd P\u00daBOL - Mas Ferran Pals","robots":{"index":"index","follow":"follow","max-snippet":"max-snippet:-1","max-image-preview":"max-image-preview:large","max-video-preview":"max-video-preview:-1"},"canonical":"https:\/\/www.masferranpals.com\/en\/environment\/castell-gala-dali-pubol\/","og_locale":"en_US","og_type":"article","og_title":"CASTELL GALA DAL\u00cd P\u00daBOL - Mas Ferran Pals","og_url":"https:\/\/www.masferranpals.com\/en\/environment\/castell-gala-dali-pubol\/","og_site_name":"Mas Ferran Pals","article_modified_time":"2020-05-08T20:45:10+00:00","twitter_card":"summary_large_image","twitter_misc":{"Est. reading time":"4 minutes"},"schema":{"@context":"https:\/\/schema.org","@graph":[{"@type":"WebPage","@id":"https:\/\/www.masferranpals.com\/en\/environment\/castell-gala-dali-pubol\/","url":"https:\/\/www.masferranpals.com\/en\/environment\/castell-gala-dali-pubol\/","name":"CASTELL GALA DAL\u00cd P\u00daBOL - Mas Ferran Pals","isPartOf":{"@id":"https:\/\/www.masferranpals.com\/fr\/#website"},"datePublished":"2020-02-12T12:45:34+00:00","dateModified":"2020-05-08T20:45:10+00:00","breadcrumb":{"@id":"https:\/\/www.masferranpals.com\/en\/environment\/castell-gala-dali-pubol\/#breadcrumb"},"inLanguage":"en-US","potentialAction":[{"@type":"ReadAction","target":["https:\/\/www.masferranpals.com\/en\/environment\/castell-gala-dali-pubol\/"]}]},{"@type":"BreadcrumbList","@id":"https:\/\/www.masferranpals.com\/en\/environment\/castell-gala-dali-pubol\/#breadcrumb","itemListElement":[{"@type":"ListItem","position":1,"name":"Home","item":"https:\/\/www.masferranpals.com\/en\/"},{"@type":"ListItem","position":2,"name":"Surroundings &#8211; beaches","item":"https:\/\/www.masferranpals.com\/en\/environment\/"},{"@type":"ListItem","position":3,"name":"CASTELL GALA DAL\u00cd P\u00daBOL"}]},{"@type":"WebSite","@id":"https:\/\/www.masferranpals.com\/fr\/#website","url":"https:\/\/www.masferranpals.com\/fr\/","name":"Mas Ferran Pals","description":"Habitacions en un espai privilegiat a l\u2019Empord\u00e0.","potentialAction":[{"@type":"SearchAction","target":{"@type":"EntryPoint","urlTemplate":"https:\/\/www.masferranpals.com\/fr\/?s={search_term_string}"},"query-input":{"@type":"PropertyValueSpecification","valueRequired":true,"valueName":"search_term_string"}}],"inLanguage":"en-US"}]}},"_links":{"self":[{"href":"https:\/\/www.masferranpals.com\/en\/wp-json\/wp\/v2\/pages\/3313","targetHints":{"allow":["GET"]}}],"collection":[{"href":"https:\/\/www.masferranpals.com\/en\/wp-json\/wp\/v2\/pages"}],"about":[{"href":"https:\/\/www.masferranpals.com\/en\/wp-json\/wp\/v2\/types\/page"}],"author":[{"embeddable":true,"href":"https:\/\/www.masferranpals.com\/en\/wp-json\/wp\/v2\/users\/4"}],"replies":[{"embeddable":true,"href":"https:\/\/www.masferranpals.com\/en\/wp-json\/wp\/v2\/comments?post=3313"}],"version-history":[{"count":10,"href":"https:\/\/www.masferranpals.com\/en\/wp-json\/wp\/v2\/pages\/3313\/revisions"}],"predecessor-version":[{"id":7192,"href":"https:\/\/www.masferranpals.com\/en\/wp-json\/wp\/v2\/pages\/3313\/revisions\/7192"}],"up":[{"embeddable":true,"href":"https:\/\/www.masferranpals.com\/en\/wp-json\/wp\/v2\/pages\/3348"}],"wp:attachment":[{"href":"https:\/\/www.masferranpals.com\/en\/wp-json\/wp\/v2\/media?parent=3313"}],"curies":[{"name":"wp","href":"https:\/\/api.w.org\/{rel}","templated":true}]}}