{"id":3323,"date":"2020-02-12T13:46:08","date_gmt":"2020-02-12T12:46:08","guid":{"rendered":"https:\/\/www.masferranpals.com\/?page_id=3323"},"modified":"2020-05-08T21:40:42","modified_gmt":"2020-05-08T20:40:42","slug":"teatre-museu-dali","status":"publish","type":"page","link":"https:\/\/www.masferranpals.com\/en\/environment\/teatre-museu-dali\/","title":{"rendered":"TEATRE MUSEU DAL\u00cd"},"content":{"rendered":"\n<style type=\"text\/css\" data-created_by=\"avia_inline_auto\" id=\"style-css-av-cctim-6bc23355add449a9ab9f1d61b3fc125f\">\n.flex_column.av-cctim-6bc23355add449a9ab9f1d61b3fc125f{\nborder-radius:0px 0px 0px 0px;\npadding:0px 0px 0px 0px;\n}\n<\/style>\n<div  class='flex_column av-cctim-6bc23355add449a9ab9f1d61b3fc125f av_one_full  avia-builder-el-0  el_before_av_one_half  avia-builder-el-first  first flex_column_div av-zero-column-padding  '     ><style type=\"text\/css\" data-created_by=\"avia_inline_auto\" id=\"style-css-av-k92ze64m-e984d8ff5d05824aa88bd2fa5678264d\">\n#top .av-special-heading.av-k92ze64m-e984d8ff5d05824aa88bd2fa5678264d{\npadding-bottom:5px;\n}\nbody .av-special-heading.av-k92ze64m-e984d8ff5d05824aa88bd2fa5678264d .av-special-heading-tag .heading-char{\nfont-size:25px;\n}\n.av-special-heading.av-k92ze64m-e984d8ff5d05824aa88bd2fa5678264d .av-subheading{\nfont-size:15px;\n}\n<\/style>\n<div  class='av-special-heading av-k92ze64m-e984d8ff5d05824aa88bd2fa5678264d av-special-heading-h1  avia-builder-el-1  avia-builder-el-no-sibling  av-linked-heading'><h1 class='av-special-heading-tag '  itemprop=\"headline\"  >DAL\u00cd THEATER-MUSEUM<\/h1><div class=\"special-heading-border\"><div class=\"special-heading-inner-border\"><\/div><\/div><\/div><\/div>\n\n<style type=\"text\/css\" data-created_by=\"avia_inline_auto\" id=\"style-css-av-1qp42-dd2f184ed8b74bf9d1baeb6ae2f44109\">\n.flex_column.av-1qp42-dd2f184ed8b74bf9d1baeb6ae2f44109{\nborder-radius:0px 0px 0px 0px;\npadding:0px 0px 0px 0px;\n}\n<\/style>\n<div  class='flex_column av-1qp42-dd2f184ed8b74bf9d1baeb6ae2f44109 av_one_half  avia-builder-el-2  el_after_av_one_full  el_before_av_one_half  first flex_column_div av-zero-column-padding  column-top-margin'     ><section  class='av_textblock_section av-asgcm-90f7fc53c1727e0ec304c8a74233f53d '   itemscope=\"itemscope\" itemtype=\"https:\/\/schema.org\/CreativeWork\" ><div class='avia_textblock'  itemprop=\"text\" ><h3><b>The world&#8217;s largest surreal object<\/b><\/h3>\n<p>The Dal\u00ed Theater-Museum, opened in 1974, stands on the remains of the old Municipal Theater of Figueres and is considered the last great work of Salvador Dal\u00ed. Everything in it was conceived and designed by the artist, in order to offer visitors a true experience and immerse them in a captivating and unique world.<\/p>\n<p>The Dal\u00ed Theater-Museum collection allows the viewer to capture the artistic career of Salvador Dal\u00ed (1904-1989) through the widest range of works. The rooms tour allows to observe his first artistic experiences, surrealism, nuclear mysticism and a passion for science until he reaches the works of recent years.<\/p>\n<p><strong>Visit museum represents a unique experience to observe, live and enjoy the work and thought of the genius<\/strong>. As Dal\u00ed himself explained: &#8220;It is evident that there are other worlds, that&#8217;s for sure; but, as I have said many times, those other worlds are in ours, they reside on earth and precisely in the centre of the dome of the Museum Dal\u00ed, where the whole new unsuspected and amazing world of surrealism is&#8221;.<\/p>\n<\/div><\/section><\/div>\n\n<style type=\"text\/css\" data-created_by=\"avia_inline_auto\" id=\"style-css-av-qj12-2f81ef96171b8e1f27e1205f17309016\">\n.flex_column.av-qj12-2f81ef96171b8e1f27e1205f17309016{\nborder-radius:0px 0px 0px 0px;\npadding:0px 0px 0px 0px;\n}\n<\/style>\n<div  class='flex_column av-qj12-2f81ef96171b8e1f27e1205f17309016 av_one_half  avia-builder-el-4  el_after_av_one_half  el_before_av_one_full  flex_column_div av-zero-column-padding  column-top-margin'     ><p>\n<style type=\"text\/css\" data-created_by=\"avia_inline_auto\" id=\"style-css-av-k9ynz2a0-15b8796b41325830867cc46e6fcff3a6\">\n#top .hr.hr-invisible.av-k9ynz2a0-15b8796b41325830867cc46e6fcff3a6{\nheight:50px;\n}\n<\/style>\n<div  class='hr av-k9ynz2a0-15b8796b41325830867cc46e6fcff3a6 hr-invisible  avia-builder-el-5  el_before_av_image  avia-builder-el-first '><span class='hr-inner '><span class=\"hr-inner-style\"><\/span><\/span><\/div><br \/>\n\n<style type=\"text\/css\" data-created_by=\"avia_inline_auto\" id=\"style-css-av-k6j0bfin-8f5a148406e0f788055df5f30dd0bf20\">\n.avia-image-container.av-k6j0bfin-8f5a148406e0f788055df5f30dd0bf20 img.avia_image{\nbox-shadow:none;\n}\n.avia-image-container.av-k6j0bfin-8f5a148406e0f788055df5f30dd0bf20 .av-image-caption-overlay-center{\ncolor:#ffffff;\n}\n<\/style>\n<div  class='avia-image-container av-k6j0bfin-8f5a148406e0f788055df5f30dd0bf20 av-styling- avia-align-center  avia-builder-el-6  el_after_av_hr  avia-builder-el-last '   itemprop=\"image\" itemscope=\"itemscope\" itemtype=\"https:\/\/schema.org\/ImageObject\" ><div class=\"avia-image-container-inner\"><div class=\"avia-image-overlay-wrap\"><img decoding=\"async\" fetchpriority=\"high\" class='wp-image-3228 avia-img-lazy-loading-not-3228 avia_image ' src=\"https:\/\/www.masferranpals.com\/wp-content\/uploads\/2020\/02\/teatre-museu-dali-figueres.jpg\" alt='Teatre Museu Dal\u00ed Figueres' title='Teatre Museu Dal\u00ed Figueres'  height=\"363\" width=\"548\"  itemprop=\"thumbnailUrl\" srcset=\"https:\/\/www.masferranpals.com\/wp-content\/uploads\/2020\/02\/teatre-museu-dali-figueres.jpg 548w, https:\/\/www.masferranpals.com\/wp-content\/uploads\/2020\/02\/teatre-museu-dali-figueres-300x199.jpg 300w\" sizes=\"(max-width: 548px) 100vw, 548px\" \/><\/div><\/div><\/div><\/p><\/div>\n<style type=\"text\/css\" data-created_by=\"avia_inline_auto\" id=\"style-css-av-1qp42-dd2f184ed8b74bf9d1baeb6ae2f44109\">\n.flex_column.av-1qp42-dd2f184ed8b74bf9d1baeb6ae2f44109{\nborder-radius:0px 0px 0px 0px;\npadding:0px 0px 0px 0px;\n}\n<\/style>\n<div  class='flex_column av-1qp42-dd2f184ed8b74bf9d1baeb6ae2f44109 av_one_full  avia-builder-el-7  el_after_av_one_half  avia-builder-el-last  first flex_column_div av-zero-column-padding  column-top-margin'     ><section  class='av_textblock_section av-asgcm-90f7fc53c1727e0ec304c8a74233f53d '   itemscope=\"itemscope\" itemtype=\"https:\/\/schema.org\/CreativeWork\" ><div class='avia_textblock'  itemprop=\"text\" ><h3><b>Origins and creation<\/b><\/h3>\n<p>The beginings of the Theater-Museum project are in the early sixties. Ramon Guardiola, then mayor of Figueres, asks Salvador Dal\u00ed to donate a work for the Empord\u00e0 Museum. Dal\u00ed&#8217;s answer is immediate, in Figueres he will not only give him a work, but an entire museum:<\/p>\n<p>&#8220;Where, if not in my city, should the most extravagant and solid of my work last, where else? The Municipal Theater, what was left of it, seemed very appropriate to me, and for three reasons: the first, because I am a eminently theatrical painter, the second, because the theater is just in front of the church where I was baptized, and the third, because it was precisely in the hall of the theater where I exhibited my first sample of painting.&#8221;<\/p>\n<p>The Gala-Salvador Dal\u00ed Foundation collections include all kinds of art works: painting, drawing, sculpture, engraving, installation, hologram, stereoscopy, photography, etc. Of these, some 1500 are exhibited at the Dal\u00ed Theater-Museum in Figueres.<\/p>\n<p><strong>Three well-differentiated museum spaces offer visitors a free and personal tour of Dal\u00ed Theater-Museum rooms:<\/strong><\/p>\n<p>1. The Theater-Museum, properly speaking, formed by the old burned-out municipal theatre and converted into a Theater-Museum based on the criteria and design of Salvador Dal\u00ed himself. This set of spaces forms a unique artistic object where each element is an inseparable part of the whole.<\/p>\n<p>2. The rooms, the result of the progressive extensions of the Theater-Museum, where Dal\u00ed&#8217;s personal intervention is testimonial or non-existent. These rooms display numerous works from the artist&#8217;s legacy, stereoscopic works and installations, anamorphisms, as well as new acquisitions made by the Foundation.<\/p>\n<p>3. The Dal\u00ed \u00b7 Jewels showrooms, inaugurated in 2001, where the thirty-seven gold and precious stone jewels from the old Owen Cheatham collection are presented, two jewels made later, and the previous designs made by the painter.<\/p>\n<p>The Dal\u00ed Theater-Museum contains a wide range of works that describe the artistic career of the Empord\u00e0 painter, from his first artistic experiences-impressionism, futurism, cubism, etc &#8230;- and his surrealist creations, to the creations of the last years of his life. Some of the most outstanding works on display are Self-portrait with l&#8217;Humanit\u00e9 (1923), Port Alguer (1924), The spectre of sex appeal (1932), Portrait of Gala with two lamb ribs balanced on his shoulder (1933 ), Soft Self-Portrait with Fried Bacon (1941), Poetry of America-The Cosmic Athletes (1943), Galarina (1944-45), The Basket of Bread (1945), Atomic Leda (1949) and Galatea of \u200b\u200bthe Spheres (1952) , among many others.<\/p>\n<p>It is also worth noting the set of works made by the artist with the express purpose of being permanently exhibited in the museum, works ranging from paintings and sculptures to complex monumental installations. In this group, the Mae West room, the Palacio del Viento room, the Monument to Francesc Pujols and the rainy Cadillac stand out.<\/p>\n<p>In addition, in some Theater-Museum spaces, we can see creations by John de Andrea, Wolf Vostell, Meifr\u00e9n and Ernst Fuchs. Since Salvador Dal\u00ed&#8217;s death in 1989, you can also visit the crypt with his tomb, located in the centre of the museum; a space that was remodelled in 1997 to expose a collection of gold jewellery designed by the artist.<\/p>\n<\/div><\/section><\/div><\/p>\n","protected":false},"excerpt":{"rendered":"","protected":false},"author":4,"featured_media":0,"parent":3348,"menu_order":0,"comment_status":"closed","ping_status":"closed","template":"","meta":{"footnotes":""},"class_list":["post-3323","page","type-page","status-publish","hentry"],"yoast_head":"<!-- This site is optimized with the Yoast SEO plugin v27.0 - https:\/\/yoast.com\/product\/yoast-seo-wordpress\/ -->\n<title>TEATRE MUSEU DAL\u00cd - Mas Ferran Pals<\/title>\n<meta name=\"robots\" content=\"index, follow, max-snippet:-1, max-image-preview:large, max-video-preview:-1\" \/>\n<link rel=\"canonical\" href=\"https:\/\/www.masferranpals.com\/en\/environment\/teatre-museu-dali\/\" \/>\n<meta property=\"og:locale\" content=\"en_US\" \/>\n<meta property=\"og:type\" content=\"article\" \/>\n<meta property=\"og:title\" content=\"TEATRE MUSEU DAL\u00cd - Mas Ferran Pals\" \/>\n<meta property=\"og:url\" content=\"https:\/\/www.masferranpals.com\/en\/environment\/teatre-museu-dali\/\" \/>\n<meta property=\"og:site_name\" content=\"Mas Ferran Pals\" \/>\n<meta property=\"article:modified_time\" content=\"2020-05-08T20:40:42+00:00\" \/>\n<meta name=\"twitter:card\" content=\"summary_large_image\" \/>\n<meta name=\"twitter:label1\" content=\"Est. reading time\" \/>\n\t<meta name=\"twitter:data1\" content=\"7 minutes\" \/>\n<script type=\"application\/ld+json\" class=\"yoast-schema-graph\">{\"@context\":\"https:\/\/schema.org\",\"@graph\":[{\"@type\":\"WebPage\",\"@id\":\"https:\/\/www.masferranpals.com\/en\/environment\/teatre-museu-dali\/\",\"url\":\"https:\/\/www.masferranpals.com\/en\/environment\/teatre-museu-dali\/\",\"name\":\"TEATRE MUSEU DAL\u00cd - Mas Ferran Pals\",\"isPartOf\":{\"@id\":\"https:\/\/www.masferranpals.com\/fr\/#website\"},\"datePublished\":\"2020-02-12T12:46:08+00:00\",\"dateModified\":\"2020-05-08T20:40:42+00:00\",\"breadcrumb\":{\"@id\":\"https:\/\/www.masferranpals.com\/en\/environment\/teatre-museu-dali\/#breadcrumb\"},\"inLanguage\":\"en-US\",\"potentialAction\":[{\"@type\":\"ReadAction\",\"target\":[\"https:\/\/www.masferranpals.com\/en\/environment\/teatre-museu-dali\/\"]}]},{\"@type\":\"BreadcrumbList\",\"@id\":\"https:\/\/www.masferranpals.com\/en\/environment\/teatre-museu-dali\/#breadcrumb\",\"itemListElement\":[{\"@type\":\"ListItem\",\"position\":1,\"name\":\"Home\",\"item\":\"https:\/\/www.masferranpals.com\/en\/\"},{\"@type\":\"ListItem\",\"position\":2,\"name\":\"Surroundings &#8211; beaches\",\"item\":\"https:\/\/www.masferranpals.com\/en\/environment\/\"},{\"@type\":\"ListItem\",\"position\":3,\"name\":\"TEATRE MUSEU DAL\u00cd\"}]},{\"@type\":\"WebSite\",\"@id\":\"https:\/\/www.masferranpals.com\/fr\/#website\",\"url\":\"https:\/\/www.masferranpals.com\/fr\/\",\"name\":\"Mas Ferran Pals\",\"description\":\"Habitacions en un espai privilegiat a l\u2019Empord\u00e0.\",\"potentialAction\":[{\"@type\":\"SearchAction\",\"target\":{\"@type\":\"EntryPoint\",\"urlTemplate\":\"https:\/\/www.masferranpals.com\/fr\/?s={search_term_string}\"},\"query-input\":{\"@type\":\"PropertyValueSpecification\",\"valueRequired\":true,\"valueName\":\"search_term_string\"}}],\"inLanguage\":\"en-US\"}]}<\/script>\n<!-- \/ Yoast SEO plugin. -->","yoast_head_json":{"title":"TEATRE MUSEU DAL\u00cd - Mas Ferran Pals","robots":{"index":"index","follow":"follow","max-snippet":"max-snippet:-1","max-image-preview":"max-image-preview:large","max-video-preview":"max-video-preview:-1"},"canonical":"https:\/\/www.masferranpals.com\/en\/environment\/teatre-museu-dali\/","og_locale":"en_US","og_type":"article","og_title":"TEATRE MUSEU DAL\u00cd - Mas Ferran Pals","og_url":"https:\/\/www.masferranpals.com\/en\/environment\/teatre-museu-dali\/","og_site_name":"Mas Ferran Pals","article_modified_time":"2020-05-08T20:40:42+00:00","twitter_card":"summary_large_image","twitter_misc":{"Est. reading time":"7 minutes"},"schema":{"@context":"https:\/\/schema.org","@graph":[{"@type":"WebPage","@id":"https:\/\/www.masferranpals.com\/en\/environment\/teatre-museu-dali\/","url":"https:\/\/www.masferranpals.com\/en\/environment\/teatre-museu-dali\/","name":"TEATRE MUSEU DAL\u00cd - Mas Ferran Pals","isPartOf":{"@id":"https:\/\/www.masferranpals.com\/fr\/#website"},"datePublished":"2020-02-12T12:46:08+00:00","dateModified":"2020-05-08T20:40:42+00:00","breadcrumb":{"@id":"https:\/\/www.masferranpals.com\/en\/environment\/teatre-museu-dali\/#breadcrumb"},"inLanguage":"en-US","potentialAction":[{"@type":"ReadAction","target":["https:\/\/www.masferranpals.com\/en\/environment\/teatre-museu-dali\/"]}]},{"@type":"BreadcrumbList","@id":"https:\/\/www.masferranpals.com\/en\/environment\/teatre-museu-dali\/#breadcrumb","itemListElement":[{"@type":"ListItem","position":1,"name":"Home","item":"https:\/\/www.masferranpals.com\/en\/"},{"@type":"ListItem","position":2,"name":"Surroundings &#8211; beaches","item":"https:\/\/www.masferranpals.com\/en\/environment\/"},{"@type":"ListItem","position":3,"name":"TEATRE MUSEU DAL\u00cd"}]},{"@type":"WebSite","@id":"https:\/\/www.masferranpals.com\/fr\/#website","url":"https:\/\/www.masferranpals.com\/fr\/","name":"Mas Ferran Pals","description":"Habitacions en un espai privilegiat a l\u2019Empord\u00e0.","potentialAction":[{"@type":"SearchAction","target":{"@type":"EntryPoint","urlTemplate":"https:\/\/www.masferranpals.com\/fr\/?s={search_term_string}"},"query-input":{"@type":"PropertyValueSpecification","valueRequired":true,"valueName":"search_term_string"}}],"inLanguage":"en-US"}]}},"_links":{"self":[{"href":"https:\/\/www.masferranpals.com\/en\/wp-json\/wp\/v2\/pages\/3323","targetHints":{"allow":["GET"]}}],"collection":[{"href":"https:\/\/www.masferranpals.com\/en\/wp-json\/wp\/v2\/pages"}],"about":[{"href":"https:\/\/www.masferranpals.com\/en\/wp-json\/wp\/v2\/types\/page"}],"author":[{"embeddable":true,"href":"https:\/\/www.masferranpals.com\/en\/wp-json\/wp\/v2\/users\/4"}],"replies":[{"embeddable":true,"href":"https:\/\/www.masferranpals.com\/en\/wp-json\/wp\/v2\/comments?post=3323"}],"version-history":[{"count":10,"href":"https:\/\/www.masferranpals.com\/en\/wp-json\/wp\/v2\/pages\/3323\/revisions"}],"predecessor-version":[{"id":7182,"href":"https:\/\/www.masferranpals.com\/en\/wp-json\/wp\/v2\/pages\/3323\/revisions\/7182"}],"up":[{"embeddable":true,"href":"https:\/\/www.masferranpals.com\/en\/wp-json\/wp\/v2\/pages\/3348"}],"wp:attachment":[{"href":"https:\/\/www.masferranpals.com\/en\/wp-json\/wp\/v2\/media?parent=3323"}],"curies":[{"name":"wp","href":"https:\/\/api.w.org\/{rel}","templated":true}]}}