{"id":1044,"date":"2018-05-18T09:17:50","date_gmt":"2018-05-18T08:17:50","guid":{"rendered":"https:\/\/www.masferranpals.com\/?page_id=1044"},"modified":"2023-08-30T12:22:32","modified_gmt":"2023-08-30T11:22:32","slug":"servicios","status":"publish","type":"page","link":"https:\/\/www.masferranpals.com\/es\/servicios\/","title":{"rendered":"Servicios"},"content":{"rendered":"\n<style type=\"text\/css\" data-created_by=\"avia_inline_auto\" id=\"style-css-av-av_heading-199e812df491070fb3d46bdd59ca1a92\">\n#top .av-special-heading.av-av_heading-199e812df491070fb3d46bdd59ca1a92{\npadding-bottom:0;\n}\nbody .av-special-heading.av-av_heading-199e812df491070fb3d46bdd59ca1a92 .av-special-heading-tag .heading-char{\nfont-size:25px;\n}\n.av-special-heading.av-av_heading-199e812df491070fb3d46bdd59ca1a92 .av-subheading{\nfont-size:15px;\n}\n<\/style>\n<div  class='av-special-heading av-av_heading-199e812df491070fb3d46bdd59ca1a92 av-special-heading-h1  avia-builder-el-0  el_before_av_three_fourth  avia-builder-el-first '><h1 class='av-special-heading-tag '  itemprop=\"headline\"  >Serveis<\/h1><div class=\"special-heading-border\"><div class=\"special-heading-inner-border\"><\/div><\/div><\/div>\n\n<style type=\"text\/css\" data-created_by=\"avia_inline_auto\" id=\"style-css-av-3sdys-271d1442c1b00c9c80ad24b4538e129b\">\n.flex_column.av-3sdys-271d1442c1b00c9c80ad24b4538e129b{\nborder-radius:0px 0px 0px 0px;\npadding:0px 0px 0px 0px;\n}\n<\/style>\n<div  class='flex_column av-3sdys-271d1442c1b00c9c80ad24b4538e129b av_three_fourth  avia-builder-el-1  el_after_av_heading  el_before_av_one_fourth  first flex_column_div av-zero-column-padding  '     ><p>\n<style type=\"text\/css\" data-created_by=\"avia_inline_auto\" id=\"style-css-av-k9wwu9z4-c6c854270cb6fc4c9270ffdea34dc42a\">\n#top .hr.hr-invisible.av-k9wwu9z4-c6c854270cb6fc4c9270ffdea34dc42a{\nheight:35px;\n}\n<\/style>\n<div  class='hr av-k9wwu9z4-c6c854270cb6fc4c9270ffdea34dc42a hr-invisible  avia-builder-el-2  el_before_av_textblock  avia-builder-el-first '><span class='hr-inner '><span class=\"hr-inner-style\"><\/span><\/span><\/div><br \/>\n<section  class='av_textblock_section av-32l6o-ceea480132abaff8bfd92ff5aa0aa735 '   itemscope=\"itemscope\" itemtype=\"https:\/\/schema.org\/CreativeWork\" ><div class='avia_textblock'  itemprop=\"text\" ><ul>\n<li style=\"text-align: justify;\"><strong>Desayuno<\/strong> incluido en el precio, con productos de la zona, embutidos, fruta de temporada, jugos naturales, reposter\u00eda y pan reci\u00e9n cocidos, confituras, galletas, cereales&#8230;<\/li>\n<li>Disponemos de <strong>servicio de catering externo<\/strong> para comidas y\/o cenas.<\/li>\n<li><strong>Chimenea<\/strong> en la sala de estar.<\/li>\n<li><strong>TV<\/strong> con canales internacionales y plataformas de pago.<\/li>\n<li>Servicio de <strong>lavadora y secadora<\/strong> , 3\u20ac.<\/li>\n<li>Habitaciones de no fumadores.<\/li>\n<li><strong>Wifi gratuita<\/strong> en toda la casa.<\/li>\n<li>Servicio diario de habitaciones.<\/li>\n<li>Ni\u00f1os a partir de 18 a\u00f1os (establecimiento Adults Only).<\/li>\n<li>No se aceptan mascotas.<\/li>\n<li>Servicio de <strong>terapias y masajes<\/strong> (previa reserva).<\/li>\n<li><strong>Desde el establecimiento ofrecemos alquiler de bicicletas, alquiler de GPS con rutas marcadas, servicio de gu\u00eda y confecci\u00f3n personalizada de rutas<\/strong> (<em><em>consulta el apartado CICLISMO<\/em><\/em>).<\/li>\n<\/ul>\n<p>Tenemos <strong>estacionamiento gratuito<\/strong> justo delante de casa.<\/p>\n<p style=\"text-align: justify;\">Nuestras <strong>habitaciones<\/strong> tienen ba\u00f1o privado con ducha, art\u00edculos de ba\u00f1o y secador, cama <em>King Size<\/em>, tv, adaptadores con conexi\u00f3n para iPod, iPhone y Mp3, altavoces <em>bluetooth<\/em>, aire acondicionado con regulaci\u00f3n individual.<\/p>\n<p style=\"text-align: justify;\">El resto de estancias, cocina, sala de estar, comedor, jard\u00edn, se comparten con el resto de hu\u00e9spedes, en caso de que haya.<\/p>\n<p>Hablamos catal\u00e1n, castellano, ingl\u00e9s, franc\u00e9s e italiano.<\/p>\n<\/div><\/section><br \/>\n\n<style type=\"text\/css\" data-created_by=\"avia_inline_auto\" id=\"style-css-av-k9wwpt1h-d1cedbd7e06d78508a04e0f72fb1707b\">\n#top .hr.hr-invisible.av-k9wwpt1h-d1cedbd7e06d78508a04e0f72fb1707b{\nheight:20px;\n}\n<\/style>\n<div  class='hr av-k9wwpt1h-d1cedbd7e06d78508a04e0f72fb1707b hr-invisible  avia-builder-el-4  el_after_av_textblock  el_before_av_hr '><span class='hr-inner '><span class=\"hr-inner-style\"><\/span><\/span><\/div><br \/>\n<div  class='hr av-k9wwpt1h-80c45db93fab7c8e94e933f9753d1e0b hr-short  avia-builder-el-5  el_after_av_hr  el_before_av_textblock  hr-center'><span class='hr-inner '><span class=\"hr-inner-style\"><\/span><\/span><\/div><br \/>\n\n<style type=\"text\/css\" data-created_by=\"avia_inline_auto\" id=\"style-css-av-1xvwo-966f5f0ea83ba26c96af98658c131eaa\">\n#top .av_textblock_section.av-1xvwo-966f5f0ea83ba26c96af98658c131eaa .avia_textblock{\nfont-size:21px;\n}\n<\/style>\n<section  class='av_textblock_section av-1xvwo-966f5f0ea83ba26c96af98658c131eaa '   itemscope=\"itemscope\" itemtype=\"https:\/\/schema.org\/CreativeWork\" ><div class='avia_textblock'  itemprop=\"text\" ><blockquote>\n<p style=\"text-align: justify;\"><em>Peque\u00f1a <strong>biblioteca genuina<\/strong> con libros que pertenecieron al abuelo materno del actual propietario de Masferran, donde consta un <strong>precioso y original ex-libris<\/strong> con sus iniciales. Este distintivo confiere a cada ejemplar un valor especial y \u00fanico.<\/em><\/p>\n<\/blockquote>\n<\/div><\/section><\/p><\/div>\n\n<style type=\"text\/css\" data-created_by=\"avia_inline_auto\" id=\"style-css-av-1o6lo-5bd4d464c0c5becc8a136d4ff4f914de\">\n.flex_column.av-1o6lo-5bd4d464c0c5becc8a136d4ff4f914de{\nborder-radius:0px 0px 0px 0px;\npadding:0px 0px 0px 0px;\n}\n<\/style>\n<div  class='flex_column av-1o6lo-5bd4d464c0c5becc8a136d4ff4f914de av_one_fourth  avia-builder-el-7  el_after_av_three_fourth  avia-builder-el-last  flex_column_div av-zero-column-padding  '     ><style type=\"text\/css\" data-created_by=\"avia_inline_auto\" id=\"style-css-av-2uv8-fa46176103728be3150cc8a7713d4ee2\">\n#top .avia-gallery.av-2uv8-fa46176103728be3150cc8a7713d4ee2 .avia-gallery-thumb a{\nwidth:100%;\n}\n<\/style>\n<div  class='avia-gallery av-2uv8-fa46176103728be3150cc8a7713d4ee2 avia_animate_when_visible  avia-builder-el-8  avia-builder-el-no-sibling  deactivate_avia_lazyload avia-gallery-animate avia-gallery-1'  itemprop=\"image\" itemscope=\"itemscope\" itemtype=\"https:\/\/schema.org\/ImageObject\" ><meta itemprop=\"contentURL\" content=\"https:\/\/www.masferranpals.com\/es\/servicios\/\"><div class='avia-gallery-thumb'><a href=\"https:\/\/www.masferranpals.com\/wp-content\/uploads\/2018\/05\/85643711-e1526315921763.jpg\" data-rel='gallery-1' data-prev-img='https:\/\/www.masferranpals.com\/wp-content\/uploads\/2018\/05\/85643711-e1526315921763.jpg' class='first_thumb lightbox ' data-onclick='1' title='Mas Ferran Pals'  itemprop=\"thumbnailUrl\"  ><img decoding=\"async\" fetchpriority=\"high\" class=\"wp-image-4674 avia-img-lazy-loading-not-4674\"  data-avia-tooltip='Mas Ferran Pals' src=\"https:\/\/www.masferranpals.com\/wp-content\/uploads\/2018\/05\/85643711-e1526315921763.jpg\" width=\"200\" height=\"132\"  title='Mas Ferran Pals' alt='' \/><div class='big-prev-fake'><img decoding=\"async\" loading=\"lazy\" class=\"wp-image-4674 avia-img-lazy-loading-4674\"  width=\"200\" height=\"132\" src=\"https:\/\/www.masferranpals.com\/wp-content\/uploads\/2018\/05\/85643711-e1526315921763.jpg\" title='Mas Ferran Pals' alt='' \/><\/div><\/a><a href=\"https:\/\/www.masferranpals.com\/wp-content\/uploads\/2018\/03\/01-esmorza.jpg\" data-srcset=\"https:\/\/www.masferranpals.com\/wp-content\/uploads\/2018\/03\/01-esmorza.jpg 750w, https:\/\/www.masferranpals.com\/wp-content\/uploads\/2018\/03\/01-esmorza-300x224.jpg 300w, https:\/\/www.masferranpals.com\/wp-content\/uploads\/2018\/03\/01-esmorza-705x527.jpg 705w, https:\/\/www.masferranpals.com\/wp-content\/uploads\/2018\/03\/01-esmorza-450x337.jpg 450w\" data-sizes=\"(max-width: 750px) 100vw, 750px\" data-rel='gallery-1' data-prev-img='https:\/\/www.masferranpals.com\/wp-content\/uploads\/2018\/03\/01-esmorza-495x400.jpg' class='first_thumb lightbox ' data-onclick='2' title='Mas Ferran Pals'  itemprop=\"thumbnailUrl\"  ><img decoding=\"async\" fetchpriority=\"high\" class=\"wp-image-6473 avia-img-lazy-loading-not-6473\"  data-avia-tooltip='Mas Ferran Pals' src=\"https:\/\/www.masferranpals.com\/wp-content\/uploads\/2018\/03\/01-esmorza-260x185.jpg\" width=\"260\" height=\"185\"  title='Mas Ferran Pals' alt='' \/><div class='big-prev-fake'><img decoding=\"async\" loading=\"lazy\" class=\"wp-image-6473 avia-img-lazy-loading-6473\"  width=\"495\" height=\"400\" src=\"https:\/\/www.masferranpals.com\/wp-content\/uploads\/2018\/03\/01-esmorza-495x400.jpg\" title='Mas Ferran Pals' alt='' \/><\/div><\/a><a href=\"https:\/\/www.masferranpals.com\/wp-content\/uploads\/2018\/05\/2-1030x687.jpg\" data-srcset=\"https:\/\/www.masferranpals.com\/wp-content\/uploads\/2018\/05\/2-1030x687.jpg 1030w, https:\/\/www.masferranpals.com\/wp-content\/uploads\/2018\/05\/2-300x200.jpg 300w, https:\/\/www.masferranpals.com\/wp-content\/uploads\/2018\/05\/2-768x512.jpg 768w, https:\/\/www.masferranpals.com\/wp-content\/uploads\/2018\/05\/2-705x470.jpg 705w, https:\/\/www.masferranpals.com\/wp-content\/uploads\/2018\/05\/2-450x300.jpg 450w, https:\/\/www.masferranpals.com\/wp-content\/uploads\/2018\/05\/2.jpg 1200w\" data-sizes=\"(max-width: 1030px) 100vw, 1030px\" data-rel='gallery-1' data-prev-img='https:\/\/www.masferranpals.com\/wp-content\/uploads\/2018\/05\/2-495x400.jpg' class='first_thumb lightbox ' data-onclick='3' title='Mas Ferran Pals'  itemprop=\"thumbnailUrl\"  ><img decoding=\"async\" fetchpriority=\"high\" class=\"wp-image-4101 avia-img-lazy-loading-not-4101\"  data-avia-tooltip='Mas Ferran Pals' src=\"https:\/\/www.masferranpals.com\/wp-content\/uploads\/2018\/05\/2-260x185.jpg\" width=\"260\" height=\"185\"  title='C\u00e0tering' alt='' \/><div class='big-prev-fake'><img decoding=\"async\" loading=\"lazy\" class=\"wp-image-4101 avia-img-lazy-loading-4101\"  width=\"495\" height=\"400\" src=\"https:\/\/www.masferranpals.com\/wp-content\/uploads\/2018\/05\/2-495x400.jpg\" title='C\u00e0tering' alt='' srcset=\"https:\/\/www.masferranpals.com\/wp-content\/uploads\/2018\/05\/2-495x400.jpg 495w, https:\/\/www.masferranpals.com\/wp-content\/uploads\/2018\/05\/2-845x684.jpg 845w\" sizes=\"auto, (max-width: 495px) 100vw, 495px\" \/><\/div><\/a><a href=\"https:\/\/www.masferranpals.com\/wp-content\/uploads\/2018\/05\/4d8ce363_original.jpg\" data-srcset=\"https:\/\/www.masferranpals.com\/wp-content\/uploads\/2018\/05\/4d8ce363_original.jpg 441w, https:\/\/www.masferranpals.com\/wp-content\/uploads\/2018\/05\/4d8ce363_original-300x204.jpg 300w\" data-sizes=\"(max-width: 441px) 100vw, 441px\" data-rel='gallery-1' data-prev-img='https:\/\/www.masferranpals.com\/wp-content\/uploads\/2018\/05\/4d8ce363_original.jpg' class='first_thumb lightbox ' data-onclick='4' title='Mas Ferran Pals'  itemprop=\"thumbnailUrl\"  ><img decoding=\"async\" fetchpriority=\"high\" class=\"wp-image-6321 avia-img-lazy-loading-not-6321\"  data-avia-tooltip='Mas Ferran Pals' src=\"https:\/\/www.masferranpals.com\/wp-content\/uploads\/2018\/05\/4d8ce363_original-260x185.jpg\" width=\"260\" height=\"185\"  title='Mas Ferran Pals' alt='' \/><div class='big-prev-fake'><img decoding=\"async\" loading=\"lazy\" class=\"wp-image-6321 avia-img-lazy-loading-6321\"  width=\"441\" height=\"300\" src=\"https:\/\/www.masferranpals.com\/wp-content\/uploads\/2018\/05\/4d8ce363_original.jpg\" title='Mas Ferran Pals' alt='' srcset=\"https:\/\/www.masferranpals.com\/wp-content\/uploads\/2018\/05\/4d8ce363_original.jpg 441w, https:\/\/www.masferranpals.com\/wp-content\/uploads\/2018\/05\/4d8ce363_original-300x204.jpg 300w\" sizes=\"auto, (max-width: 441px) 100vw, 441px\" \/><\/div><\/a><\/div><\/div><\/div>\n","protected":false},"excerpt":{"rendered":"","protected":false},"author":4,"featured_media":0,"parent":0,"menu_order":0,"comment_status":"closed","ping_status":"closed","template":"","meta":{"footnotes":""},"class_list":["post-1044","page","type-page","status-publish","hentry"],"yoast_head":"<!-- This site is optimized with the Yoast SEO plugin v27.0 - https:\/\/yoast.com\/product\/yoast-seo-wordpress\/ -->\n<title>Servicios - Mas Ferran Pals<\/title>\n<meta name=\"robots\" content=\"index, follow, max-snippet:-1, max-image-preview:large, max-video-preview:-1\" \/>\n<link rel=\"canonical\" href=\"https:\/\/www.masferranpals.com\/es\/servicios\/\" \/>\n<meta property=\"og:locale\" content=\"es_ES\" \/>\n<meta property=\"og:type\" content=\"article\" \/>\n<meta property=\"og:title\" content=\"Servicios - Mas Ferran Pals\" \/>\n<meta property=\"og:url\" content=\"https:\/\/www.masferranpals.com\/es\/servicios\/\" \/>\n<meta property=\"og:site_name\" content=\"Mas Ferran Pals\" \/>\n<meta property=\"article:modified_time\" content=\"2023-08-30T11:22:32+00:00\" \/>\n<meta name=\"twitter:card\" content=\"summary_large_image\" \/>\n<meta name=\"twitter:label1\" content=\"Tiempo de lectura\" \/>\n\t<meta name=\"twitter:data1\" content=\"3 minutos\" \/>\n<script type=\"application\/ld+json\" class=\"yoast-schema-graph\">{\"@context\":\"https:\/\/schema.org\",\"@graph\":[{\"@type\":\"WebPage\",\"@id\":\"https:\/\/www.masferranpals.com\/es\/servicios\/\",\"url\":\"https:\/\/www.masferranpals.com\/es\/servicios\/\",\"name\":\"Servicios - Mas Ferran Pals\",\"isPartOf\":{\"@id\":\"https:\/\/www.masferranpals.com\/fr\/#website\"},\"datePublished\":\"2018-05-18T08:17:50+00:00\",\"dateModified\":\"2023-08-30T11:22:32+00:00\",\"breadcrumb\":{\"@id\":\"https:\/\/www.masferranpals.com\/es\/servicios\/#breadcrumb\"},\"inLanguage\":\"es\",\"potentialAction\":[{\"@type\":\"ReadAction\",\"target\":[\"https:\/\/www.masferranpals.com\/es\/servicios\/\"]}]},{\"@type\":\"BreadcrumbList\",\"@id\":\"https:\/\/www.masferranpals.com\/es\/servicios\/#breadcrumb\",\"itemListElement\":[{\"@type\":\"ListItem\",\"position\":1,\"name\":\"Home\",\"item\":\"https:\/\/www.masferranpals.com\/es\/\"},{\"@type\":\"ListItem\",\"position\":2,\"name\":\"Servicios\"}]},{\"@type\":\"WebSite\",\"@id\":\"https:\/\/www.masferranpals.com\/fr\/#website\",\"url\":\"https:\/\/www.masferranpals.com\/fr\/\",\"name\":\"Mas Ferran Pals\",\"description\":\"Habitacions en un espai privilegiat a l\u2019Empord\u00e0.\",\"potentialAction\":[{\"@type\":\"SearchAction\",\"target\":{\"@type\":\"EntryPoint\",\"urlTemplate\":\"https:\/\/www.masferranpals.com\/fr\/?s={search_term_string}\"},\"query-input\":{\"@type\":\"PropertyValueSpecification\",\"valueRequired\":true,\"valueName\":\"search_term_string\"}}],\"inLanguage\":\"es\"}]}<\/script>\n<!-- \/ Yoast SEO plugin. -->","yoast_head_json":{"title":"Servicios - Mas Ferran Pals","robots":{"index":"index","follow":"follow","max-snippet":"max-snippet:-1","max-image-preview":"max-image-preview:large","max-video-preview":"max-video-preview:-1"},"canonical":"https:\/\/www.masferranpals.com\/es\/servicios\/","og_locale":"es_ES","og_type":"article","og_title":"Servicios - Mas Ferran Pals","og_url":"https:\/\/www.masferranpals.com\/es\/servicios\/","og_site_name":"Mas Ferran Pals","article_modified_time":"2023-08-30T11:22:32+00:00","twitter_card":"summary_large_image","twitter_misc":{"Tiempo de lectura":"3 minutos"},"schema":{"@context":"https:\/\/schema.org","@graph":[{"@type":"WebPage","@id":"https:\/\/www.masferranpals.com\/es\/servicios\/","url":"https:\/\/www.masferranpals.com\/es\/servicios\/","name":"Servicios - Mas Ferran Pals","isPartOf":{"@id":"https:\/\/www.masferranpals.com\/fr\/#website"},"datePublished":"2018-05-18T08:17:50+00:00","dateModified":"2023-08-30T11:22:32+00:00","breadcrumb":{"@id":"https:\/\/www.masferranpals.com\/es\/servicios\/#breadcrumb"},"inLanguage":"es","potentialAction":[{"@type":"ReadAction","target":["https:\/\/www.masferranpals.com\/es\/servicios\/"]}]},{"@type":"BreadcrumbList","@id":"https:\/\/www.masferranpals.com\/es\/servicios\/#breadcrumb","itemListElement":[{"@type":"ListItem","position":1,"name":"Home","item":"https:\/\/www.masferranpals.com\/es\/"},{"@type":"ListItem","position":2,"name":"Servicios"}]},{"@type":"WebSite","@id":"https:\/\/www.masferranpals.com\/fr\/#website","url":"https:\/\/www.masferranpals.com\/fr\/","name":"Mas Ferran Pals","description":"Habitacions en un espai privilegiat a l\u2019Empord\u00e0.","potentialAction":[{"@type":"SearchAction","target":{"@type":"EntryPoint","urlTemplate":"https:\/\/www.masferranpals.com\/fr\/?s={search_term_string}"},"query-input":{"@type":"PropertyValueSpecification","valueRequired":true,"valueName":"search_term_string"}}],"inLanguage":"es"}]}},"_links":{"self":[{"href":"https:\/\/www.masferranpals.com\/es\/wp-json\/wp\/v2\/pages\/1044","targetHints":{"allow":["GET"]}}],"collection":[{"href":"https:\/\/www.masferranpals.com\/es\/wp-json\/wp\/v2\/pages"}],"about":[{"href":"https:\/\/www.masferranpals.com\/es\/wp-json\/wp\/v2\/types\/page"}],"author":[{"embeddable":true,"href":"https:\/\/www.masferranpals.com\/es\/wp-json\/wp\/v2\/users\/4"}],"replies":[{"embeddable":true,"href":"https:\/\/www.masferranpals.com\/es\/wp-json\/wp\/v2\/comments?post=1044"}],"version-history":[{"count":10,"href":"https:\/\/www.masferranpals.com\/es\/wp-json\/wp\/v2\/pages\/1044\/revisions"}],"predecessor-version":[{"id":8822,"href":"https:\/\/www.masferranpals.com\/es\/wp-json\/wp\/v2\/pages\/1044\/revisions\/8822"}],"wp:attachment":[{"href":"https:\/\/www.masferranpals.com\/es\/wp-json\/wp\/v2\/media?parent=1044"}],"curies":[{"name":"wp","href":"https:\/\/api.w.org\/{rel}","templated":true}]}}