{"id":3439,"date":"2020-02-12T14:11:46","date_gmt":"2020-02-12T13:11:46","guid":{"rendered":"https:\/\/www.masferranpals.com\/?page_id=3439"},"modified":"2020-04-30T18:17:36","modified_gmt":"2020-04-30T17:17:36","slug":"castell-del-montgri","status":"publish","type":"page","link":"https:\/\/www.masferranpals.com\/es\/entorno\/castell-del-montgri\/","title":{"rendered":"CASTELL DEL MONTGR\u00cd"},"content":{"rendered":"\n<style type=\"text\/css\" data-created_by=\"avia_inline_auto\" id=\"style-css-av-cctim-6bc23355add449a9ab9f1d61b3fc125f\">\n.flex_column.av-cctim-6bc23355add449a9ab9f1d61b3fc125f{\nborder-radius:0px 0px 0px 0px;\npadding:0px 0px 0px 0px;\n}\n<\/style>\n<div  class='flex_column av-cctim-6bc23355add449a9ab9f1d61b3fc125f av_one_full  avia-builder-el-0  el_before_av_one_half  avia-builder-el-first  first flex_column_div av-zero-column-padding  '     ><style type=\"text\/css\" data-created_by=\"avia_inline_auto\" id=\"style-css-av-k906w871-baf85bc40babe310290fa8883e1b7f1c\">\n#top .av-special-heading.av-k906w871-baf85bc40babe310290fa8883e1b7f1c{\npadding-bottom:5px;\n}\nbody .av-special-heading.av-k906w871-baf85bc40babe310290fa8883e1b7f1c .av-special-heading-tag .heading-char{\nfont-size:25px;\n}\n.av-special-heading.av-k906w871-baf85bc40babe310290fa8883e1b7f1c .av-subheading{\nfont-size:15px;\n}\n<\/style>\n<div  class='av-special-heading av-k906w871-baf85bc40babe310290fa8883e1b7f1c av-special-heading-h1  avia-builder-el-1  avia-builder-el-no-sibling  av-linked-heading'><h1 class='av-special-heading-tag '  itemprop=\"headline\"  >CASTILLO DEL MONTGR\u00cd<\/h1><div class=\"special-heading-border\"><div class=\"special-heading-inner-border\"><\/div><\/div><\/div><\/div>\n\n<style type=\"text\/css\" data-created_by=\"avia_inline_auto\" id=\"style-css-av-1qp42-dd2f184ed8b74bf9d1baeb6ae2f44109\">\n.flex_column.av-1qp42-dd2f184ed8b74bf9d1baeb6ae2f44109{\nborder-radius:0px 0px 0px 0px;\npadding:0px 0px 0px 0px;\n}\n<\/style>\n<div  class='flex_column av-1qp42-dd2f184ed8b74bf9d1baeb6ae2f44109 av_one_half  avia-builder-el-2  el_after_av_one_full  el_before_av_one_half  first flex_column_div av-zero-column-padding  column-top-margin'     ><section  class='av_textblock_section av-asgcm-90f7fc53c1727e0ec304c8a74233f53d '   itemscope=\"itemscope\" itemtype=\"https:\/\/schema.org\/CreativeWork\" ><div class='avia_textblock'  itemprop=\"text\" ><p>Se necesita <strong>calzado de monta\u00f1a<\/strong>, agua y alg\u00fan sombrero si el d\u00eda se prev\u00e9 soleado, para <strong>subir hasta el Castillo del Montgr\u00ed<\/strong>. Visible desde muchos puntos del Empord\u00e0 y asentado sobre una monta\u00f1a rocosa que no se encuentra a muchos kil\u00f3metros del mar que ba\u00f1a la Costa Brava. Aprovechando que la tenemos cerca nos podemos acercar hasta la ermita de Santa Caterina, otro edificio emblem\u00e1tico dentro del t\u00e9rmino de Torroella de Mongr\u00ed.<\/p>\n<p style=\"text-align: justify;\">Es a este municipio, Torroella de Montgr\u00ed, donde nos debemos dirigir para iniciar la caminata. <strong>Ir a pie es la \u00fanica manera de llegar al castillo<\/strong>. No es una excursi\u00f3n dif\u00edcil, es apta para todo aquel que se valga por s\u00ed solo y adem\u00e1s no tiene p\u00e9rdida. La duraci\u00f3n depender\u00e1 del tiempo que se disfrute de la vista desde las torres del castillo y mirando el paisaje, o en las dependencias de Santa Caterina, pero calcule poco m\u00e1s de dos horas.<\/p>\n<\/div><\/section><\/div>\n<style type=\"text\/css\" data-created_by=\"avia_inline_auto\" id=\"style-css-av-qj12-2f81ef96171b8e1f27e1205f17309016\">\n.flex_column.av-qj12-2f81ef96171b8e1f27e1205f17309016{\nborder-radius:0px 0px 0px 0px;\npadding:0px 0px 0px 0px;\n}\n<\/style>\n<div  class='flex_column av-qj12-2f81ef96171b8e1f27e1205f17309016 av_one_half  avia-builder-el-4  el_after_av_one_half  el_before_av_hr  flex_column_div av-zero-column-padding  column-top-margin'     ><style type=\"text\/css\" data-created_by=\"avia_inline_auto\" id=\"style-css-av-k6j0bfin-b9233e5c48cb1ec83e24332193ca7acc\">\n.avia-image-container.av-k6j0bfin-b9233e5c48cb1ec83e24332193ca7acc img.avia_image{\nbox-shadow:none;\n}\n.avia-image-container.av-k6j0bfin-b9233e5c48cb1ec83e24332193ca7acc .av-image-caption-overlay-center{\ncolor:#ffffff;\n}\n<\/style>\n<div  class='avia-image-container av-k6j0bfin-b9233e5c48cb1ec83e24332193ca7acc av-styling- avia-align-center  avia-builder-el-5  avia-builder-el-no-sibling '   itemprop=\"image\" itemscope=\"itemscope\" itemtype=\"https:\/\/schema.org\/ImageObject\" ><div class=\"avia-image-container-inner\"><div class=\"avia-image-overlay-wrap\"><img decoding=\"async\" fetchpriority=\"high\" class='wp-image-3198 avia-img-lazy-loading-not-3198 avia_image ' src=\"https:\/\/www.masferranpals.com\/wp-content\/uploads\/2020\/02\/castell-montgri-495x363.jpg\" alt='Castell del Montgr\u00ed' title='Castell del Montgr\u00ed'  height=\"363\" width=\"495\"  itemprop=\"thumbnailUrl\"  \/><\/div><\/div><\/div><\/div><\/p>\n\n<style type=\"text\/css\" data-created_by=\"avia_inline_auto\" id=\"style-css-av-k6j1x6dp-a515434237ab4330e0e74e4052faac37\">\n#top .hr.hr-invisible.av-k6j1x6dp-a515434237ab4330e0e74e4052faac37{\nheight:50px;\n}\n<\/style>\n<div  class='hr av-k6j1x6dp-a515434237ab4330e0e74e4052faac37 hr-invisible  avia-builder-el-6  el_after_av_one_half  el_before_av_one_full '><span class='hr-inner '><span class=\"hr-inner-style\"><\/span><\/span><\/div>\n\n<style type=\"text\/css\" data-created_by=\"avia_inline_auto\" id=\"style-css-av-1qp42-dd2f184ed8b74bf9d1baeb6ae2f44109\">\n.flex_column.av-1qp42-dd2f184ed8b74bf9d1baeb6ae2f44109{\nborder-radius:0px 0px 0px 0px;\npadding:0px 0px 0px 0px;\n}\n<\/style>\n<div  class='flex_column av-1qp42-dd2f184ed8b74bf9d1baeb6ae2f44109 av_one_full  avia-builder-el-7  el_after_av_hr  avia-builder-el-last  first flex_column_div av-zero-column-padding  '     ><section  class='av_textblock_section av-asgcm-90f7fc53c1727e0ec304c8a74233f53d '   itemscope=\"itemscope\" itemtype=\"https:\/\/schema.org\/CreativeWork\" ><div class='avia_textblock'  itemprop=\"text\" ><h3>Camino de peregrinaje<\/h3>\n<p>Debemos ir siguiendo los hitos en paralelo de color rojo y blanco. En el primer tramo, el camino es sencillo y ancho. La pendiente es casi imperceptible, si bien, cuando nos volvemos, ya podemos empezar a ver la llanura ampurdanesa con el Ter atraves\u00e1ndola cuando el r\u00edo enfila su \u00faltimo tramo, y el campanario inacabado de la iglesia parroquial de Sant Gen\u00eds.<\/p>\n<p>La majestuosidad de la parroquia muestra la importancia que ten\u00eda la villa siglos atr\u00e1s; la iglesia es sobria pero de aspecto contundente, quedando toda ella como elevada por encima de las viviendas. Se comenz\u00f3 a construir en el a\u00f1o 1.306 encima de otra ya existente, y se consagr\u00f3 tres siglos m\u00e1s tarde, en 1609.<\/p>\n<p>Hasta hace poco la iglesia acog\u00eda el prestigioso Festival Internacional de M\u00fasica de Torroella de Montgr\u00ed, pero el flamante espacio Ter, que hace de auditorio, de teatro, y de espacio ferial y de congresos, le ha quitado el protagonismo de la anual cita veraniega.<\/p>\n<p>Con esta mirada a la iglesia desde la lejan\u00eda no hemos dejado de hablar del macizo en el que nos encontramos, ya que la piedra para levantar el templo fue extra\u00edda del Montgr\u00ed.<\/p>\n<p>Continuamos caminando y pronto nos damos cuenta de que nos encontramos en un camino de peregrinaje. Una capilla nos espera en el horizonte, es de piedra y con techo de b\u00f3veda. Esta capilla, como sus dos \u00abgemelas\u00bb que encontraremos a los pocos metros, se construyeron con motivo de la devoci\u00f3n a Santa Caterina. Tambi\u00e9n se utilizaban como refugio por los pastores de reba\u00f1os. Es a partir de esta primera capilla que el camino comienza a hacer m\u00e1s subida y con piedras puntiagudas y mal puestas. Enseguida encontramos la segunda de las capillas, y ya vemos la tercera all\u00ed mismo.<\/p>\n<p><strong>Los paisajes empiezan a ser sensacionales.<\/strong><\/p>\n<p>Una vez ante el castillo y atravesada la puerta, quiz\u00e1s nos decepcionar\u00e1 ver que el interior est\u00e1 vac\u00edo. Simplemente, el castillo no se lleg\u00f3 a terminar. El motivo de la construcci\u00f3n fue el conflicto entre los condes de Emp\u00faries y los condes de Barcelona; cuando el condado de Emp\u00faries qued\u00f3 anexado a la Corona, el castillo perdi\u00f3 toda utilidad y las obras se suspendieron. Hace algunos a\u00f1os se llev\u00f3 a cabo una importante rehabilitaci\u00f3n y, entre otros, se hizo una escalera de caracol que permite subirse a la parte superior del castillo, paseando entre las cuatro torres cil\u00edndricas.<\/p>\n<p><strong>Desde aqu\u00ed arriba la panor\u00e1mica es espectacular. Las islas Medes, el golfo de Roses, el cabo de Creus, la llanura del Empord\u00e0, diferentes pueblos de los alrededores, la desembocadura del Ter, el Canig\u00f3 &#8230;<\/strong><\/p>\n<\/div><\/section><\/div>\n","protected":false},"excerpt":{"rendered":"","protected":false},"author":4,"featured_media":0,"parent":3376,"menu_order":0,"comment_status":"closed","ping_status":"closed","template":"","meta":{"footnotes":""},"class_list":["post-3439","page","type-page","status-publish","hentry"],"yoast_head":"<!-- This site is optimized with the Yoast SEO plugin v27.0 - https:\/\/yoast.com\/product\/yoast-seo-wordpress\/ -->\n<title>CASTELL DEL MONTGR\u00cd - Mas Ferran Pals<\/title>\n<meta name=\"robots\" content=\"index, follow, max-snippet:-1, max-image-preview:large, max-video-preview:-1\" \/>\n<link rel=\"canonical\" href=\"https:\/\/www.masferranpals.com\/es\/entorno\/castell-del-montgri\/\" \/>\n<meta property=\"og:locale\" content=\"es_ES\" \/>\n<meta property=\"og:type\" content=\"article\" \/>\n<meta property=\"og:title\" content=\"CASTELL DEL MONTGR\u00cd - Mas Ferran Pals\" \/>\n<meta property=\"og:url\" content=\"https:\/\/www.masferranpals.com\/es\/entorno\/castell-del-montgri\/\" \/>\n<meta property=\"og:site_name\" content=\"Mas Ferran Pals\" \/>\n<meta property=\"article:modified_time\" content=\"2020-04-30T17:17:36+00:00\" \/>\n<meta name=\"twitter:card\" content=\"summary_large_image\" \/>\n<meta name=\"twitter:label1\" content=\"Tiempo de lectura\" \/>\n\t<meta name=\"twitter:data1\" content=\"6 minutos\" \/>\n<script type=\"application\/ld+json\" class=\"yoast-schema-graph\">{\"@context\":\"https:\/\/schema.org\",\"@graph\":[{\"@type\":\"WebPage\",\"@id\":\"https:\/\/www.masferranpals.com\/es\/entorno\/castell-del-montgri\/\",\"url\":\"https:\/\/www.masferranpals.com\/es\/entorno\/castell-del-montgri\/\",\"name\":\"CASTELL DEL MONTGR\u00cd - Mas Ferran Pals\",\"isPartOf\":{\"@id\":\"https:\/\/www.masferranpals.com\/fr\/#website\"},\"datePublished\":\"2020-02-12T13:11:46+00:00\",\"dateModified\":\"2020-04-30T17:17:36+00:00\",\"breadcrumb\":{\"@id\":\"https:\/\/www.masferranpals.com\/es\/entorno\/castell-del-montgri\/#breadcrumb\"},\"inLanguage\":\"es\",\"potentialAction\":[{\"@type\":\"ReadAction\",\"target\":[\"https:\/\/www.masferranpals.com\/es\/entorno\/castell-del-montgri\/\"]}]},{\"@type\":\"BreadcrumbList\",\"@id\":\"https:\/\/www.masferranpals.com\/es\/entorno\/castell-del-montgri\/#breadcrumb\",\"itemListElement\":[{\"@type\":\"ListItem\",\"position\":1,\"name\":\"Home\",\"item\":\"https:\/\/www.masferranpals.com\/es\/\"},{\"@type\":\"ListItem\",\"position\":2,\"name\":\"Entorno &#8211; playas\",\"item\":\"https:\/\/www.masferranpals.com\/es\/entorno\/\"},{\"@type\":\"ListItem\",\"position\":3,\"name\":\"CASTELL DEL MONTGR\u00cd\"}]},{\"@type\":\"WebSite\",\"@id\":\"https:\/\/www.masferranpals.com\/fr\/#website\",\"url\":\"https:\/\/www.masferranpals.com\/fr\/\",\"name\":\"Mas Ferran Pals\",\"description\":\"Habitacions en un espai privilegiat a l\u2019Empord\u00e0.\",\"potentialAction\":[{\"@type\":\"SearchAction\",\"target\":{\"@type\":\"EntryPoint\",\"urlTemplate\":\"https:\/\/www.masferranpals.com\/fr\/?s={search_term_string}\"},\"query-input\":{\"@type\":\"PropertyValueSpecification\",\"valueRequired\":true,\"valueName\":\"search_term_string\"}}],\"inLanguage\":\"es\"}]}<\/script>\n<!-- \/ Yoast SEO plugin. -->","yoast_head_json":{"title":"CASTELL DEL MONTGR\u00cd - Mas Ferran Pals","robots":{"index":"index","follow":"follow","max-snippet":"max-snippet:-1","max-image-preview":"max-image-preview:large","max-video-preview":"max-video-preview:-1"},"canonical":"https:\/\/www.masferranpals.com\/es\/entorno\/castell-del-montgri\/","og_locale":"es_ES","og_type":"article","og_title":"CASTELL DEL MONTGR\u00cd - Mas Ferran Pals","og_url":"https:\/\/www.masferranpals.com\/es\/entorno\/castell-del-montgri\/","og_site_name":"Mas Ferran Pals","article_modified_time":"2020-04-30T17:17:36+00:00","twitter_card":"summary_large_image","twitter_misc":{"Tiempo de lectura":"6 minutos"},"schema":{"@context":"https:\/\/schema.org","@graph":[{"@type":"WebPage","@id":"https:\/\/www.masferranpals.com\/es\/entorno\/castell-del-montgri\/","url":"https:\/\/www.masferranpals.com\/es\/entorno\/castell-del-montgri\/","name":"CASTELL DEL MONTGR\u00cd - Mas Ferran Pals","isPartOf":{"@id":"https:\/\/www.masferranpals.com\/fr\/#website"},"datePublished":"2020-02-12T13:11:46+00:00","dateModified":"2020-04-30T17:17:36+00:00","breadcrumb":{"@id":"https:\/\/www.masferranpals.com\/es\/entorno\/castell-del-montgri\/#breadcrumb"},"inLanguage":"es","potentialAction":[{"@type":"ReadAction","target":["https:\/\/www.masferranpals.com\/es\/entorno\/castell-del-montgri\/"]}]},{"@type":"BreadcrumbList","@id":"https:\/\/www.masferranpals.com\/es\/entorno\/castell-del-montgri\/#breadcrumb","itemListElement":[{"@type":"ListItem","position":1,"name":"Home","item":"https:\/\/www.masferranpals.com\/es\/"},{"@type":"ListItem","position":2,"name":"Entorno &#8211; playas","item":"https:\/\/www.masferranpals.com\/es\/entorno\/"},{"@type":"ListItem","position":3,"name":"CASTELL DEL MONTGR\u00cd"}]},{"@type":"WebSite","@id":"https:\/\/www.masferranpals.com\/fr\/#website","url":"https:\/\/www.masferranpals.com\/fr\/","name":"Mas Ferran Pals","description":"Habitacions en un espai privilegiat a l\u2019Empord\u00e0.","potentialAction":[{"@type":"SearchAction","target":{"@type":"EntryPoint","urlTemplate":"https:\/\/www.masferranpals.com\/fr\/?s={search_term_string}"},"query-input":{"@type":"PropertyValueSpecification","valueRequired":true,"valueName":"search_term_string"}}],"inLanguage":"es"}]}},"_links":{"self":[{"href":"https:\/\/www.masferranpals.com\/es\/wp-json\/wp\/v2\/pages\/3439","targetHints":{"allow":["GET"]}}],"collection":[{"href":"https:\/\/www.masferranpals.com\/es\/wp-json\/wp\/v2\/pages"}],"about":[{"href":"https:\/\/www.masferranpals.com\/es\/wp-json\/wp\/v2\/types\/page"}],"author":[{"embeddable":true,"href":"https:\/\/www.masferranpals.com\/es\/wp-json\/wp\/v2\/users\/4"}],"replies":[{"embeddable":true,"href":"https:\/\/www.masferranpals.com\/es\/wp-json\/wp\/v2\/comments?post=3439"}],"version-history":[{"count":10,"href":"https:\/\/www.masferranpals.com\/es\/wp-json\/wp\/v2\/pages\/3439\/revisions"}],"predecessor-version":[{"id":7171,"href":"https:\/\/www.masferranpals.com\/es\/wp-json\/wp\/v2\/pages\/3439\/revisions\/7171"}],"up":[{"embeddable":true,"href":"https:\/\/www.masferranpals.com\/es\/wp-json\/wp\/v2\/pages\/3376"}],"wp:attachment":[{"href":"https:\/\/www.masferranpals.com\/es\/wp-json\/wp\/v2\/media?parent=3439"}],"curies":[{"name":"wp","href":"https:\/\/api.w.org\/{rel}","templated":true}]}}