{"id":3454,"date":"2020-02-12T14:11:53","date_gmt":"2020-02-12T13:11:53","guid":{"rendered":"https:\/\/www.masferranpals.com\/?page_id=3454"},"modified":"2020-05-08T21:59:23","modified_gmt":"2020-05-08T20:59:23","slug":"conjunt-medieval-de-peratallada","status":"publish","type":"page","link":"https:\/\/www.masferranpals.com\/es\/entorno\/conjunt-medieval-de-peratallada\/","title":{"rendered":"CONJUNT MEDIEVAL DE PERATALLADA"},"content":{"rendered":"\n<style type=\"text\/css\" data-created_by=\"avia_inline_auto\" id=\"style-css-av-cctim-6bc23355add449a9ab9f1d61b3fc125f\">\n.flex_column.av-cctim-6bc23355add449a9ab9f1d61b3fc125f{\nborder-radius:0px 0px 0px 0px;\npadding:0px 0px 0px 0px;\n}\n<\/style>\n<div  class='flex_column av-cctim-6bc23355add449a9ab9f1d61b3fc125f av_one_full  avia-builder-el-0  el_before_av_three_fifth  avia-builder-el-first  first flex_column_div av-zero-column-padding  '     ><style type=\"text\/css\" data-created_by=\"avia_inline_auto\" id=\"style-css-av-k9070kxr-6e5cb0ee01da4f909abd7ced855fd6c8\">\n#top .av-special-heading.av-k9070kxr-6e5cb0ee01da4f909abd7ced855fd6c8{\npadding-bottom:5px;\n}\nbody .av-special-heading.av-k9070kxr-6e5cb0ee01da4f909abd7ced855fd6c8 .av-special-heading-tag .heading-char{\nfont-size:25px;\n}\n.av-special-heading.av-k9070kxr-6e5cb0ee01da4f909abd7ced855fd6c8 .av-subheading{\nfont-size:15px;\n}\n<\/style>\n<div  class='av-special-heading av-k9070kxr-6e5cb0ee01da4f909abd7ced855fd6c8 av-special-heading-h1  avia-builder-el-1  avia-builder-el-no-sibling  av-linked-heading'><h1 class='av-special-heading-tag '  itemprop=\"headline\"  >CONJUNTO MEDIEVAL DE PERATALLADA<\/h1><div class=\"special-heading-border\"><div class=\"special-heading-inner-border\"><\/div><\/div><\/div><\/div>\n\n<style type=\"text\/css\" data-created_by=\"avia_inline_auto\" id=\"style-css-av-1qp42-dd2f184ed8b74bf9d1baeb6ae2f44109\">\n.flex_column.av-1qp42-dd2f184ed8b74bf9d1baeb6ae2f44109{\nborder-radius:0px 0px 0px 0px;\npadding:0px 0px 0px 0px;\n}\n<\/style>\n<div  class='flex_column av-1qp42-dd2f184ed8b74bf9d1baeb6ae2f44109 av_three_fifth  avia-builder-el-2  el_after_av_one_full  el_before_av_two_fifth  first flex_column_div av-zero-column-padding  column-top-margin'     ><section  class='av_textblock_section av-asgcm-90f7fc53c1727e0ec304c8a74233f53d '   itemscope=\"itemscope\" itemtype=\"https:\/\/schema.org\/CreativeWork\" ><div class='avia_textblock'  itemprop=\"text\" ><p><b>Peratallada<\/b>, situada en la provincia de Girona, a medio camino de Barcelona y de la frontera francesa, en el coraz\u00f3n del Empord\u00e0 y a pocos kil\u00f3metros de la Costa Brava.<\/p>\n<p>Aparte de sus atractivos arquitect\u00f3nicos e hist\u00f3ricos, la ciudad es reconocida por su importante oferta artesanal y sobre todo gastron\u00f3mica. Los callejones del n\u00facleo est\u00e1n llenos de numerosos y sugestivos restaurantes de todo tipo, que ofrecen el complemento id\u00f3neo de una visita al pueblo.<\/p>\n<p>La villa <strong>conserva a\u00fan su distribuci\u00f3n urbana medieval<\/strong>. Desde la plaza de Les Voltes, con sus singulares porches, hasta la trama de estrechas callejuelas, donde se puede descubrir un interesante conjunto de arquitectura popular. Sobre muros m\u00e1s antiguos, se mantienen todav\u00eda viviendas caracter\u00edsticas de los siglos XVI. La vivienda tradicional de Peratallada suele tener los bajos recubiertos con b\u00f3vedas de piedra, destinados a almacenes y bodegas, mientras la planta superior se dedica a habit\u00e1culo.<\/p>\n<p>El top\u00f3nimo <em>Petra Scissa<\/em> o Petra tallada est\u00e1 documentado, al parecer, a partir del siglo X.<\/p>\n<h3><b>La iglesia de San Esteban<\/b><\/h3>\n<p>Templo rom\u00e1nico de dos naves talladas a levante por \u00e1bsides semicirculares, construido con aparato de grandes sillares escuadrados. En la fachada destaca la portada, de un arco de medio punto adovelado, reseguido por molduras, el sencillo roset\u00f3n y tres m\u00e9nsulas que quiz\u00e1s sosten\u00edan vigas de un p\u00f3rtico desaparecido. La obra rom\u00e1nica ha sufrido varias alteraciones tard\u00edas, lo que queda patente sobre todo en el interior. La nave de mediod\u00eda tiene la b\u00f3veda apuntada con tres arcos torales; a la de tramontana la vuelta es seguida con un tramo de ca\u00f1\u00f3n y otro apuntado.<\/p>\n<p>Actualmente el interior del edificio no es visitable.<\/p>\n<h3><b>El Castillo-Palacio<\/b><\/h3>\n<p>El n\u00facleo fortificado o defensivo, es decir, el castillo propiamente dicho, est\u00e1 situado en lo alto de una enorme pieza de roca natural, cortado artificialmente para darle verticalidad.<\/p>\n<p>La planta esquem\u00e1tica del castillo responde al tipo de fortaleza de \u00e9poca alto-medieval, muy corriente en tiempo carolingios. Sin embargo, la estructura arquitect\u00f3nica existente hoy es fruto de reconstrucciones m\u00e1s tard\u00edas. Se puede considerar obra rom\u00e1nica (siglo XI-XII) como buena parte del recinto amurallado, que evidencia a\u00fan reformas posteriores. Los restos del poblado antiguo, anterior a los edificios medievales que subsisten, se rastrean al n\u00facleo fortificado, pero tambi\u00e9n a sus pies: el patio posterior del palacio y debajo de estos. Destacan una <strong>gran profusi\u00f3n de cavidades y surcos tallados en la roca del suelo.<\/strong><\/p>\n<\/div><\/section><\/div>\n\n<style type=\"text\/css\" data-created_by=\"avia_inline_auto\" id=\"style-css-av-qj12-2f81ef96171b8e1f27e1205f17309016\">\n.flex_column.av-qj12-2f81ef96171b8e1f27e1205f17309016{\nborder-radius:0px 0px 0px 0px;\npadding:0px 0px 0px 0px;\n}\n<\/style>\n<div  class='flex_column av-qj12-2f81ef96171b8e1f27e1205f17309016 av_two_fifth  avia-builder-el-4  el_after_av_three_fifth  avia-builder-el-last  flex_column_div av-zero-column-padding  column-top-margin'     ><p>\n<style type=\"text\/css\" data-created_by=\"avia_inline_auto\" id=\"style-css-av-k9yon2ts-80688c9213f345109cbbf302f87c351a\">\n#top .hr.hr-invisible.av-k9yon2ts-80688c9213f345109cbbf302f87c351a{\nheight:50px;\n}\n<\/style>\n<div  class='hr av-k9yon2ts-80688c9213f345109cbbf302f87c351a hr-invisible  avia-builder-el-5  el_before_av_image  avia-builder-el-first '><span class='hr-inner '><span class=\"hr-inner-style\"><\/span><\/span><\/div><br \/>\n\n<style type=\"text\/css\" data-created_by=\"avia_inline_auto\" id=\"style-css-av-k6j0bfin-a3dc18350191ee49e882ddb187c4f8c3\">\n.avia-image-container.av-k6j0bfin-a3dc18350191ee49e882ddb187c4f8c3 img.avia_image{\nbox-shadow:none;\n}\n.avia-image-container.av-k6j0bfin-a3dc18350191ee49e882ddb187c4f8c3 .av-image-caption-overlay-center{\ncolor:#ffffff;\n}\n<\/style>\n<div  class='avia-image-container av-k6j0bfin-a3dc18350191ee49e882ddb187c4f8c3 av-styling- avia-align-center  avia-builder-el-6  el_after_av_hr  avia-builder-el-last '   itemprop=\"image\" itemscope=\"itemscope\" itemtype=\"https:\/\/schema.org\/ImageObject\" ><div class=\"avia-image-container-inner\"><div class=\"avia-image-overlay-wrap\"><img decoding=\"async\" fetchpriority=\"high\" class='wp-image-3294 avia-img-lazy-loading-not-3294 avia_image ' src=\"https:\/\/www.masferranpals.com\/wp-content\/uploads\/2020\/02\/peratallada-495x363.jpg\" alt='' title='Peratallada'  height=\"363\" width=\"495\"  itemprop=\"thumbnailUrl\"  \/><\/div><\/div><\/div><\/p><\/div>\n","protected":false},"excerpt":{"rendered":"","protected":false},"author":4,"featured_media":0,"parent":3376,"menu_order":0,"comment_status":"closed","ping_status":"closed","template":"","meta":{"footnotes":""},"class_list":["post-3454","page","type-page","status-publish","hentry"],"yoast_head":"<!-- This site is optimized with the Yoast SEO plugin v27.0 - https:\/\/yoast.com\/product\/yoast-seo-wordpress\/ -->\n<title>CONJUNT MEDIEVAL DE PERATALLADA - Mas Ferran Pals<\/title>\n<meta name=\"robots\" content=\"index, follow, max-snippet:-1, max-image-preview:large, max-video-preview:-1\" \/>\n<link rel=\"canonical\" href=\"https:\/\/www.masferranpals.com\/es\/entorno\/conjunt-medieval-de-peratallada\/\" \/>\n<meta property=\"og:locale\" content=\"es_ES\" \/>\n<meta property=\"og:type\" content=\"article\" \/>\n<meta property=\"og:title\" content=\"CONJUNT MEDIEVAL DE PERATALLADA - Mas Ferran Pals\" \/>\n<meta property=\"og:url\" content=\"https:\/\/www.masferranpals.com\/es\/entorno\/conjunt-medieval-de-peratallada\/\" \/>\n<meta property=\"og:site_name\" content=\"Mas Ferran Pals\" \/>\n<meta property=\"article:modified_time\" content=\"2020-05-08T20:59:23+00:00\" \/>\n<meta name=\"twitter:card\" content=\"summary_large_image\" \/>\n<meta name=\"twitter:label1\" content=\"Tiempo de lectura\" \/>\n\t<meta name=\"twitter:data1\" content=\"5 minutos\" \/>\n<script type=\"application\/ld+json\" class=\"yoast-schema-graph\">{\"@context\":\"https:\/\/schema.org\",\"@graph\":[{\"@type\":\"WebPage\",\"@id\":\"https:\/\/www.masferranpals.com\/es\/entorno\/conjunt-medieval-de-peratallada\/\",\"url\":\"https:\/\/www.masferranpals.com\/es\/entorno\/conjunt-medieval-de-peratallada\/\",\"name\":\"CONJUNT MEDIEVAL DE PERATALLADA - Mas Ferran Pals\",\"isPartOf\":{\"@id\":\"https:\/\/www.masferranpals.com\/fr\/#website\"},\"datePublished\":\"2020-02-12T13:11:53+00:00\",\"dateModified\":\"2020-05-08T20:59:23+00:00\",\"breadcrumb\":{\"@id\":\"https:\/\/www.masferranpals.com\/es\/entorno\/conjunt-medieval-de-peratallada\/#breadcrumb\"},\"inLanguage\":\"es\",\"potentialAction\":[{\"@type\":\"ReadAction\",\"target\":[\"https:\/\/www.masferranpals.com\/es\/entorno\/conjunt-medieval-de-peratallada\/\"]}]},{\"@type\":\"BreadcrumbList\",\"@id\":\"https:\/\/www.masferranpals.com\/es\/entorno\/conjunt-medieval-de-peratallada\/#breadcrumb\",\"itemListElement\":[{\"@type\":\"ListItem\",\"position\":1,\"name\":\"Home\",\"item\":\"https:\/\/www.masferranpals.com\/es\/\"},{\"@type\":\"ListItem\",\"position\":2,\"name\":\"Entorno &#8211; playas\",\"item\":\"https:\/\/www.masferranpals.com\/es\/entorno\/\"},{\"@type\":\"ListItem\",\"position\":3,\"name\":\"CONJUNT MEDIEVAL DE PERATALLADA\"}]},{\"@type\":\"WebSite\",\"@id\":\"https:\/\/www.masferranpals.com\/fr\/#website\",\"url\":\"https:\/\/www.masferranpals.com\/fr\/\",\"name\":\"Mas Ferran Pals\",\"description\":\"Habitacions en un espai privilegiat a l\u2019Empord\u00e0.\",\"potentialAction\":[{\"@type\":\"SearchAction\",\"target\":{\"@type\":\"EntryPoint\",\"urlTemplate\":\"https:\/\/www.masferranpals.com\/fr\/?s={search_term_string}\"},\"query-input\":{\"@type\":\"PropertyValueSpecification\",\"valueRequired\":true,\"valueName\":\"search_term_string\"}}],\"inLanguage\":\"es\"}]}<\/script>\n<!-- \/ Yoast SEO plugin. -->","yoast_head_json":{"title":"CONJUNT MEDIEVAL DE PERATALLADA - Mas Ferran Pals","robots":{"index":"index","follow":"follow","max-snippet":"max-snippet:-1","max-image-preview":"max-image-preview:large","max-video-preview":"max-video-preview:-1"},"canonical":"https:\/\/www.masferranpals.com\/es\/entorno\/conjunt-medieval-de-peratallada\/","og_locale":"es_ES","og_type":"article","og_title":"CONJUNT MEDIEVAL DE PERATALLADA - Mas Ferran Pals","og_url":"https:\/\/www.masferranpals.com\/es\/entorno\/conjunt-medieval-de-peratallada\/","og_site_name":"Mas Ferran Pals","article_modified_time":"2020-05-08T20:59:23+00:00","twitter_card":"summary_large_image","twitter_misc":{"Tiempo de lectura":"5 minutos"},"schema":{"@context":"https:\/\/schema.org","@graph":[{"@type":"WebPage","@id":"https:\/\/www.masferranpals.com\/es\/entorno\/conjunt-medieval-de-peratallada\/","url":"https:\/\/www.masferranpals.com\/es\/entorno\/conjunt-medieval-de-peratallada\/","name":"CONJUNT MEDIEVAL DE PERATALLADA - Mas Ferran Pals","isPartOf":{"@id":"https:\/\/www.masferranpals.com\/fr\/#website"},"datePublished":"2020-02-12T13:11:53+00:00","dateModified":"2020-05-08T20:59:23+00:00","breadcrumb":{"@id":"https:\/\/www.masferranpals.com\/es\/entorno\/conjunt-medieval-de-peratallada\/#breadcrumb"},"inLanguage":"es","potentialAction":[{"@type":"ReadAction","target":["https:\/\/www.masferranpals.com\/es\/entorno\/conjunt-medieval-de-peratallada\/"]}]},{"@type":"BreadcrumbList","@id":"https:\/\/www.masferranpals.com\/es\/entorno\/conjunt-medieval-de-peratallada\/#breadcrumb","itemListElement":[{"@type":"ListItem","position":1,"name":"Home","item":"https:\/\/www.masferranpals.com\/es\/"},{"@type":"ListItem","position":2,"name":"Entorno &#8211; playas","item":"https:\/\/www.masferranpals.com\/es\/entorno\/"},{"@type":"ListItem","position":3,"name":"CONJUNT MEDIEVAL DE PERATALLADA"}]},{"@type":"WebSite","@id":"https:\/\/www.masferranpals.com\/fr\/#website","url":"https:\/\/www.masferranpals.com\/fr\/","name":"Mas Ferran Pals","description":"Habitacions en un espai privilegiat a l\u2019Empord\u00e0.","potentialAction":[{"@type":"SearchAction","target":{"@type":"EntryPoint","urlTemplate":"https:\/\/www.masferranpals.com\/fr\/?s={search_term_string}"},"query-input":{"@type":"PropertyValueSpecification","valueRequired":true,"valueName":"search_term_string"}}],"inLanguage":"es"}]}},"_links":{"self":[{"href":"https:\/\/www.masferranpals.com\/es\/wp-json\/wp\/v2\/pages\/3454","targetHints":{"allow":["GET"]}}],"collection":[{"href":"https:\/\/www.masferranpals.com\/es\/wp-json\/wp\/v2\/pages"}],"about":[{"href":"https:\/\/www.masferranpals.com\/es\/wp-json\/wp\/v2\/types\/page"}],"author":[{"embeddable":true,"href":"https:\/\/www.masferranpals.com\/es\/wp-json\/wp\/v2\/users\/4"}],"replies":[{"embeddable":true,"href":"https:\/\/www.masferranpals.com\/es\/wp-json\/wp\/v2\/comments?post=3454"}],"version-history":[{"count":8,"href":"https:\/\/www.masferranpals.com\/es\/wp-json\/wp\/v2\/pages\/3454\/revisions"}],"predecessor-version":[{"id":7212,"href":"https:\/\/www.masferranpals.com\/es\/wp-json\/wp\/v2\/pages\/3454\/revisions\/7212"}],"up":[{"embeddable":true,"href":"https:\/\/www.masferranpals.com\/es\/wp-json\/wp\/v2\/pages\/3376"}],"wp:attachment":[{"href":"https:\/\/www.masferranpals.com\/es\/wp-json\/wp\/v2\/media?parent=3454"}],"curies":[{"name":"wp","href":"https:\/\/api.w.org\/{rel}","templated":true}]}}