{"id":3458,"date":"2020-02-12T14:12:34","date_gmt":"2020-02-12T13:12:34","guid":{"rendered":"https:\/\/www.masferranpals.com\/?page_id=3458"},"modified":"2020-05-08T18:59:50","modified_gmt":"2020-05-08T17:59:50","slug":"festival-cap-roig","status":"publish","type":"page","link":"https:\/\/www.masferranpals.com\/es\/entorno\/festival-cap-roig\/","title":{"rendered":"FESTIVAL CAP ROIG"},"content":{"rendered":"\n<style type=\"text\/css\" data-created_by=\"avia_inline_auto\" id=\"style-css-av-cctim-6bc23355add449a9ab9f1d61b3fc125f\">\n.flex_column.av-cctim-6bc23355add449a9ab9f1d61b3fc125f{\nborder-radius:0px 0px 0px 0px;\npadding:0px 0px 0px 0px;\n}\n<\/style>\n<div  class='flex_column av-cctim-6bc23355add449a9ab9f1d61b3fc125f av_one_full  avia-builder-el-0  el_before_av_three_fifth  avia-builder-el-first  first flex_column_div av-zero-column-padding  '     ><style type=\"text\/css\" data-created_by=\"avia_inline_auto\" id=\"style-css-av-k6j1suu1-5ae74a4471027f59403f305dd00cd9b0\">\n#top .av-special-heading.av-k6j1suu1-5ae74a4471027f59403f305dd00cd9b0{\npadding-bottom:5px;\n}\nbody .av-special-heading.av-k6j1suu1-5ae74a4471027f59403f305dd00cd9b0 .av-special-heading-tag .heading-char{\nfont-size:25px;\n}\n.av-special-heading.av-k6j1suu1-5ae74a4471027f59403f305dd00cd9b0 .av-subheading{\nfont-size:15px;\n}\n<\/style>\n<div  class='av-special-heading av-k6j1suu1-5ae74a4471027f59403f305dd00cd9b0 av-special-heading-h1  avia-builder-el-1  avia-builder-el-no-sibling  av-linked-heading'><h1 class='av-special-heading-tag '  itemprop=\"headline\"  >FESTIVAL CAP ROIG<\/h1><div class=\"special-heading-border\"><div class=\"special-heading-inner-border\"><\/div><\/div><\/div><\/div>\n\n<style type=\"text\/css\" data-created_by=\"avia_inline_auto\" id=\"style-css-av-1qp42-dd2f184ed8b74bf9d1baeb6ae2f44109\">\n.flex_column.av-1qp42-dd2f184ed8b74bf9d1baeb6ae2f44109{\nborder-radius:0px 0px 0px 0px;\npadding:0px 0px 0px 0px;\n}\n<\/style>\n<div  class='flex_column av-1qp42-dd2f184ed8b74bf9d1baeb6ae2f44109 av_three_fifth  avia-builder-el-2  el_after_av_one_full  el_before_av_two_fifth  first flex_column_div av-zero-column-padding  column-top-margin'     ><section  class='av_textblock_section av-asgcm-90f7fc53c1727e0ec304c8a74233f53d '   itemscope=\"itemscope\" itemtype=\"https:\/\/schema.org\/CreativeWork\" ><div class='avia_textblock'  itemprop=\"text\" ><p>Los or\u00edgenes del castillo y el jard\u00edn bot\u00e1nico de Cap Roig se remontan al a\u00f1o 1927, cuando el coronel ruso Nicolai Woevodsky, aficionado al dibujo y la arquitectura, y su esposa, la arist\u00f3crata inglesa Dorothy Webster, decoradora y aficionada a la arqueolog\u00eda y la jardiner\u00eda, dejaron atr\u00e1s su vida cortesana en Londres para establecerse y construir su sue\u00f1o en este paraje \u00fanico, situado en un enclave singular y especial junto del mar.<\/p>\n<p><strong>Un lugar donde reina la naturaleza y la calma.<\/strong><\/p>\n<p>Actualmente, su ideario y su legado permanecen vivos gracias a la conservaci\u00f3n del medio ambiente y con la preservaci\u00f3n del patrimonio paisaj\u00edstico y arquitect\u00f3nico.<\/p>\n<p>El festival, con un escenario al aire libre con capacidad para 2.118 espectadores, concentra cada a\u00f1o los mejores artistas del mundo de la m\u00fasica en un paraje natural impresionante de 17 hect\u00e1reas de superficie frente al mar, en <strong>uno de los jardines bot\u00e1nicos m\u00e1s importantes del Mediterr\u00e1neo.<\/strong><\/p>\n<\/div><\/section><\/div>\n\n<style type=\"text\/css\" data-created_by=\"avia_inline_auto\" id=\"style-css-av-qj12-2f81ef96171b8e1f27e1205f17309016\">\n.flex_column.av-qj12-2f81ef96171b8e1f27e1205f17309016{\nborder-radius:0px 0px 0px 0px;\npadding:0px 0px 0px 0px;\n}\n<\/style>\n<div  class='flex_column av-qj12-2f81ef96171b8e1f27e1205f17309016 av_two_fifth  avia-builder-el-4  el_after_av_three_fifth  avia-builder-el-last  flex_column_div av-zero-column-padding  column-top-margin'     ><p>\n<style type=\"text\/css\" data-created_by=\"avia_inline_auto\" id=\"style-css-av-k9yi4nfb-65c4d340eefabe7da0f31e28dd951543\">\n#top .hr.hr-invisible.av-k9yi4nfb-65c4d340eefabe7da0f31e28dd951543{\nheight:30px;\n}\n<\/style>\n<div  class='hr av-k9yi4nfb-65c4d340eefabe7da0f31e28dd951543 hr-invisible  avia-builder-el-5  el_before_av_image  avia-builder-el-first '><span class='hr-inner '><span class=\"hr-inner-style\"><\/span><\/span><\/div><br \/>\n\n<style type=\"text\/css\" data-created_by=\"avia_inline_auto\" id=\"style-css-av-k6j0bfin-790c8a6ba7d4e848b344b38a7c1c9c34\">\n.avia-image-container.av-k6j0bfin-790c8a6ba7d4e848b344b38a7c1c9c34 img.avia_image{\nbox-shadow:none;\n}\n.avia-image-container.av-k6j0bfin-790c8a6ba7d4e848b344b38a7c1c9c34 .av-image-caption-overlay-center{\ncolor:#ffffff;\n}\n<\/style>\n<div  class='avia-image-container av-k6j0bfin-790c8a6ba7d4e848b344b38a7c1c9c34 av-styling- avia-align-center  avia-builder-el-6  el_after_av_hr  avia-builder-el-last '   itemprop=\"image\" itemscope=\"itemscope\" itemtype=\"https:\/\/schema.org\/ImageObject\" ><div class=\"avia-image-container-inner\"><div class=\"avia-image-overlay-wrap\"><img decoding=\"async\" fetchpriority=\"high\" class='wp-image-3210 avia-img-lazy-loading-not-3210 avia_image ' src=\"https:\/\/www.masferranpals.com\/wp-content\/uploads\/2020\/02\/festival-cap-roig-495x363.jpg\" alt='Festival de Cap Roig' title='Festival de Cap Roig'  height=\"363\" width=\"495\"  itemprop=\"thumbnailUrl\"  \/><\/div><\/div><\/div><\/p><\/div>\n","protected":false},"excerpt":{"rendered":"","protected":false},"author":4,"featured_media":0,"parent":3376,"menu_order":0,"comment_status":"closed","ping_status":"closed","template":"","meta":{"footnotes":""},"class_list":["post-3458","page","type-page","status-publish","hentry"],"yoast_head":"<!-- This site is optimized with the Yoast SEO plugin v27.0 - https:\/\/yoast.com\/product\/yoast-seo-wordpress\/ -->\n<title>FESTIVAL CAP ROIG - Mas Ferran Pals<\/title>\n<meta name=\"robots\" content=\"index, follow, max-snippet:-1, max-image-preview:large, max-video-preview:-1\" \/>\n<link rel=\"canonical\" href=\"https:\/\/www.masferranpals.com\/es\/entorno\/festival-cap-roig\/\" \/>\n<meta property=\"og:locale\" content=\"es_ES\" \/>\n<meta property=\"og:type\" content=\"article\" \/>\n<meta property=\"og:title\" content=\"FESTIVAL CAP ROIG - Mas Ferran Pals\" \/>\n<meta property=\"og:url\" content=\"https:\/\/www.masferranpals.com\/es\/entorno\/festival-cap-roig\/\" \/>\n<meta property=\"og:site_name\" content=\"Mas Ferran Pals\" \/>\n<meta property=\"article:modified_time\" content=\"2020-05-08T17:59:50+00:00\" \/>\n<meta name=\"twitter:card\" content=\"summary_large_image\" \/>\n<meta name=\"twitter:label1\" content=\"Tiempo de lectura\" \/>\n\t<meta name=\"twitter:data1\" content=\"3 minutos\" \/>\n<script type=\"application\/ld+json\" class=\"yoast-schema-graph\">{\"@context\":\"https:\/\/schema.org\",\"@graph\":[{\"@type\":\"WebPage\",\"@id\":\"https:\/\/www.masferranpals.com\/es\/entorno\/festival-cap-roig\/\",\"url\":\"https:\/\/www.masferranpals.com\/es\/entorno\/festival-cap-roig\/\",\"name\":\"FESTIVAL CAP ROIG - Mas Ferran Pals\",\"isPartOf\":{\"@id\":\"https:\/\/www.masferranpals.com\/fr\/#website\"},\"datePublished\":\"2020-02-12T13:12:34+00:00\",\"dateModified\":\"2020-05-08T17:59:50+00:00\",\"breadcrumb\":{\"@id\":\"https:\/\/www.masferranpals.com\/es\/entorno\/festival-cap-roig\/#breadcrumb\"},\"inLanguage\":\"es\",\"potentialAction\":[{\"@type\":\"ReadAction\",\"target\":[\"https:\/\/www.masferranpals.com\/es\/entorno\/festival-cap-roig\/\"]}]},{\"@type\":\"BreadcrumbList\",\"@id\":\"https:\/\/www.masferranpals.com\/es\/entorno\/festival-cap-roig\/#breadcrumb\",\"itemListElement\":[{\"@type\":\"ListItem\",\"position\":1,\"name\":\"Home\",\"item\":\"https:\/\/www.masferranpals.com\/es\/\"},{\"@type\":\"ListItem\",\"position\":2,\"name\":\"Entorno &#8211; playas\",\"item\":\"https:\/\/www.masferranpals.com\/es\/entorno\/\"},{\"@type\":\"ListItem\",\"position\":3,\"name\":\"FESTIVAL CAP ROIG\"}]},{\"@type\":\"WebSite\",\"@id\":\"https:\/\/www.masferranpals.com\/fr\/#website\",\"url\":\"https:\/\/www.masferranpals.com\/fr\/\",\"name\":\"Mas Ferran Pals\",\"description\":\"Habitacions en un espai privilegiat a l\u2019Empord\u00e0.\",\"potentialAction\":[{\"@type\":\"SearchAction\",\"target\":{\"@type\":\"EntryPoint\",\"urlTemplate\":\"https:\/\/www.masferranpals.com\/fr\/?s={search_term_string}\"},\"query-input\":{\"@type\":\"PropertyValueSpecification\",\"valueRequired\":true,\"valueName\":\"search_term_string\"}}],\"inLanguage\":\"es\"}]}<\/script>\n<!-- \/ Yoast SEO plugin. -->","yoast_head_json":{"title":"FESTIVAL CAP ROIG - Mas Ferran Pals","robots":{"index":"index","follow":"follow","max-snippet":"max-snippet:-1","max-image-preview":"max-image-preview:large","max-video-preview":"max-video-preview:-1"},"canonical":"https:\/\/www.masferranpals.com\/es\/entorno\/festival-cap-roig\/","og_locale":"es_ES","og_type":"article","og_title":"FESTIVAL CAP ROIG - Mas Ferran Pals","og_url":"https:\/\/www.masferranpals.com\/es\/entorno\/festival-cap-roig\/","og_site_name":"Mas Ferran Pals","article_modified_time":"2020-05-08T17:59:50+00:00","twitter_card":"summary_large_image","twitter_misc":{"Tiempo de lectura":"3 minutos"},"schema":{"@context":"https:\/\/schema.org","@graph":[{"@type":"WebPage","@id":"https:\/\/www.masferranpals.com\/es\/entorno\/festival-cap-roig\/","url":"https:\/\/www.masferranpals.com\/es\/entorno\/festival-cap-roig\/","name":"FESTIVAL CAP ROIG - Mas Ferran Pals","isPartOf":{"@id":"https:\/\/www.masferranpals.com\/fr\/#website"},"datePublished":"2020-02-12T13:12:34+00:00","dateModified":"2020-05-08T17:59:50+00:00","breadcrumb":{"@id":"https:\/\/www.masferranpals.com\/es\/entorno\/festival-cap-roig\/#breadcrumb"},"inLanguage":"es","potentialAction":[{"@type":"ReadAction","target":["https:\/\/www.masferranpals.com\/es\/entorno\/festival-cap-roig\/"]}]},{"@type":"BreadcrumbList","@id":"https:\/\/www.masferranpals.com\/es\/entorno\/festival-cap-roig\/#breadcrumb","itemListElement":[{"@type":"ListItem","position":1,"name":"Home","item":"https:\/\/www.masferranpals.com\/es\/"},{"@type":"ListItem","position":2,"name":"Entorno &#8211; playas","item":"https:\/\/www.masferranpals.com\/es\/entorno\/"},{"@type":"ListItem","position":3,"name":"FESTIVAL CAP ROIG"}]},{"@type":"WebSite","@id":"https:\/\/www.masferranpals.com\/fr\/#website","url":"https:\/\/www.masferranpals.com\/fr\/","name":"Mas Ferran Pals","description":"Habitacions en un espai privilegiat a l\u2019Empord\u00e0.","potentialAction":[{"@type":"SearchAction","target":{"@type":"EntryPoint","urlTemplate":"https:\/\/www.masferranpals.com\/fr\/?s={search_term_string}"},"query-input":{"@type":"PropertyValueSpecification","valueRequired":true,"valueName":"search_term_string"}}],"inLanguage":"es"}]}},"_links":{"self":[{"href":"https:\/\/www.masferranpals.com\/es\/wp-json\/wp\/v2\/pages\/3458","targetHints":{"allow":["GET"]}}],"collection":[{"href":"https:\/\/www.masferranpals.com\/es\/wp-json\/wp\/v2\/pages"}],"about":[{"href":"https:\/\/www.masferranpals.com\/es\/wp-json\/wp\/v2\/types\/page"}],"author":[{"embeddable":true,"href":"https:\/\/www.masferranpals.com\/es\/wp-json\/wp\/v2\/users\/4"}],"replies":[{"embeddable":true,"href":"https:\/\/www.masferranpals.com\/es\/wp-json\/wp\/v2\/comments?post=3458"}],"version-history":[{"count":10,"href":"https:\/\/www.masferranpals.com\/es\/wp-json\/wp\/v2\/pages\/3458\/revisions"}],"predecessor-version":[{"id":7169,"href":"https:\/\/www.masferranpals.com\/es\/wp-json\/wp\/v2\/pages\/3458\/revisions\/7169"}],"up":[{"embeddable":true,"href":"https:\/\/www.masferranpals.com\/es\/wp-json\/wp\/v2\/pages\/3376"}],"wp:attachment":[{"href":"https:\/\/www.masferranpals.com\/es\/wp-json\/wp\/v2\/media?parent=3458"}],"curies":[{"name":"wp","href":"https:\/\/api.w.org\/{rel}","templated":true}]}}