{"id":3459,"date":"2020-02-12T14:12:44","date_gmt":"2020-02-12T13:12:44","guid":{"rendered":"https:\/\/www.masferranpals.com\/?page_id=3459"},"modified":"2020-05-08T21:38:25","modified_gmt":"2020-05-08T20:38:25","slug":"festival-internacional-de-musica-de-torroella-de-montgri","status":"publish","type":"page","link":"https:\/\/www.masferranpals.com\/es\/entorno\/festival-internacional-de-musica-de-torroella-de-montgri\/","title":{"rendered":"FESTIVAL INTERNACIONAL DE M\u00daSICA DE TORROELLA DE MONTGR\u00cd"},"content":{"rendered":"\n<style type=\"text\/css\" data-created_by=\"avia_inline_auto\" id=\"style-css-av-cctim-6bc23355add449a9ab9f1d61b3fc125f\">\n.flex_column.av-cctim-6bc23355add449a9ab9f1d61b3fc125f{\nborder-radius:0px 0px 0px 0px;\npadding:0px 0px 0px 0px;\n}\n<\/style>\n<div  class='flex_column av-cctim-6bc23355add449a9ab9f1d61b3fc125f av_one_full  avia-builder-el-0  el_before_av_three_fifth  avia-builder-el-first  first flex_column_div av-zero-column-padding  '     ><style type=\"text\/css\" data-created_by=\"avia_inline_auto\" id=\"style-css-av-k9n1fasq-68bc832fb74f9b1561457594624d718e\">\n#top .av-special-heading.av-k9n1fasq-68bc832fb74f9b1561457594624d718e{\npadding-bottom:5px;\n}\nbody .av-special-heading.av-k9n1fasq-68bc832fb74f9b1561457594624d718e .av-special-heading-tag .heading-char{\nfont-size:25px;\n}\n.av-special-heading.av-k9n1fasq-68bc832fb74f9b1561457594624d718e .av-subheading{\nfont-size:15px;\n}\n<\/style>\n<div  class='av-special-heading av-k9n1fasq-68bc832fb74f9b1561457594624d718e av-special-heading-h2  avia-builder-el-1  avia-builder-el-no-sibling  av-linked-heading'><h2 class='av-special-heading-tag '  itemprop=\"headline\"  >FESTIVAL INTERNACIONAL DE M\u00daSICA DE TORROELLA DE MONTGR\u00cd<\/h2><div class=\"special-heading-border\"><div class=\"special-heading-inner-border\"><\/div><\/div><\/div><\/div>\n\n<style type=\"text\/css\" data-created_by=\"avia_inline_auto\" id=\"style-css-av-1qp42-dd2f184ed8b74bf9d1baeb6ae2f44109\">\n.flex_column.av-1qp42-dd2f184ed8b74bf9d1baeb6ae2f44109{\nborder-radius:0px 0px 0px 0px;\npadding:0px 0px 0px 0px;\n}\n<\/style>\n<div  class='flex_column av-1qp42-dd2f184ed8b74bf9d1baeb6ae2f44109 av_three_fifth  avia-builder-el-2  el_after_av_one_full  el_before_av_two_fifth  first flex_column_div av-zero-column-padding  column-top-margin'     ><section  class='av_textblock_section av-asgcm-90f7fc53c1727e0ec304c8a74233f53d '   itemscope=\"itemscope\" itemtype=\"https:\/\/schema.org\/CreativeWork\" ><div class='avia_textblock'  itemprop=\"text\" ><p>El Festival de Torroella de Montgr\u00ed <strong>se inici\u00f3 en 1981 <\/strong>con un ciclo de pocos conciertos que se celebraban en la iglesia g\u00f3tica de Sant Gen\u00eds, plaza porticada g\u00f3tico-renacentista y antiguo Convento de los Agustinos, de finales del siglo XVII. <strong>Hasta el a\u00f1o 2019 se han celebrado 39 ediciones y un total de 928 conciertos con asistencia de m\u00e1s de 435.729 espectadores.<\/strong><\/p>\n<p>El Festival de Torroella de Montgr\u00ed ha recibido el sello de calidad Effe Label 2017-2018 y Label 2019-2020 que otorga la Asociaci\u00f3n Europea de Festivales y que reconoce los mejores festivales de Europa. Las razones del jurado para distinguir el festival han sido \u00absus esfuerzos para llegar a un p\u00fablico amplio, para establecer relaciones entre los j\u00f3venes artistas y los profesionales consolidados y por la solidez de sus instalaciones, que son un potencial para un Festival que, a pesar de su larga trayectoria, no ha dejado de tener su sentido en la sociedad\u00bb.<\/p>\n<p><strong>No deje de consultar la programaci\u00f3n anual!<\/strong><\/p>\n<\/div><\/section><\/div>\n\n<style type=\"text\/css\" data-created_by=\"avia_inline_auto\" id=\"style-css-av-qj12-2f81ef96171b8e1f27e1205f17309016\">\n.flex_column.av-qj12-2f81ef96171b8e1f27e1205f17309016{\nborder-radius:0px 0px 0px 0px;\npadding:0px 0px 0px 0px;\n}\n<\/style>\n<div  class='flex_column av-qj12-2f81ef96171b8e1f27e1205f17309016 av_two_fifth  avia-builder-el-4  el_after_av_three_fifth  avia-builder-el-last  flex_column_div av-zero-column-padding  column-top-margin'     ><p>\n<style type=\"text\/css\" data-created_by=\"avia_inline_auto\" id=\"style-css-av-k9ynvzb9-9540225554b312e3634679c16e4ab419\">\n#top .hr.hr-invisible.av-k9ynvzb9-9540225554b312e3634679c16e4ab419{\nheight:20px;\n}\n<\/style>\n<div  class='hr av-k9ynvzb9-9540225554b312e3634679c16e4ab419 hr-invisible  avia-builder-el-5  el_before_av_image  avia-builder-el-first '><span class='hr-inner '><span class=\"hr-inner-style\"><\/span><\/span><\/div><br \/>\n\n<style type=\"text\/css\" data-created_by=\"avia_inline_auto\" id=\"style-css-av-k6j0bfin-7b0ecec11ad2c4d0e4e3346eb488d278\">\n.avia-image-container.av-k6j0bfin-7b0ecec11ad2c4d0e4e3346eb488d278 img.avia_image{\nbox-shadow:none;\n}\n.avia-image-container.av-k6j0bfin-7b0ecec11ad2c4d0e4e3346eb488d278 .av-image-caption-overlay-center{\ncolor:#ffffff;\n}\n<\/style>\n<div  class='avia-image-container av-k6j0bfin-7b0ecec11ad2c4d0e4e3346eb488d278 av-styling- avia-align-center  avia-builder-el-6  el_after_av_hr  avia-builder-el-last '   itemprop=\"image\" itemscope=\"itemscope\" itemtype=\"https:\/\/schema.org\/ImageObject\" ><div class=\"avia-image-container-inner\"><div class=\"avia-image-overlay-wrap\"><img decoding=\"async\" fetchpriority=\"high\" class='wp-image-3214 avia-img-lazy-loading-not-3214 avia_image ' src=\"https:\/\/www.masferranpals.com\/wp-content\/uploads\/2020\/02\/FIM-Torroella-495x363.jpg\" alt='FESTIVAL M\u00daSICA DE TORROELLA DE MONTGR\u00cd' title='FESTIVAL M\u00daSICA DE TORROELLA DE MONTGR\u00cd'  height=\"363\" width=\"495\"  itemprop=\"thumbnailUrl\"  \/><\/div><\/div><\/div><\/p><\/div>\n","protected":false},"excerpt":{"rendered":"","protected":false},"author":4,"featured_media":0,"parent":3376,"menu_order":0,"comment_status":"closed","ping_status":"closed","template":"","meta":{"footnotes":""},"class_list":["post-3459","page","type-page","status-publish","hentry"],"yoast_head":"<!-- This site is optimized with the Yoast SEO plugin v27.0 - https:\/\/yoast.com\/product\/yoast-seo-wordpress\/ -->\n<title>FESTIVAL INTERNACIONAL DE M\u00daSICA DE TORROELLA DE MONTGR\u00cd - Mas Ferran Pals<\/title>\n<meta name=\"robots\" content=\"index, follow, max-snippet:-1, max-image-preview:large, max-video-preview:-1\" \/>\n<link rel=\"canonical\" href=\"https:\/\/www.masferranpals.com\/es\/entorno\/festival-internacional-de-musica-de-torroella-de-montgri\/\" \/>\n<meta property=\"og:locale\" content=\"es_ES\" \/>\n<meta property=\"og:type\" content=\"article\" \/>\n<meta property=\"og:title\" content=\"FESTIVAL INTERNACIONAL DE M\u00daSICA DE TORROELLA DE MONTGR\u00cd - Mas Ferran Pals\" \/>\n<meta property=\"og:url\" content=\"https:\/\/www.masferranpals.com\/es\/entorno\/festival-internacional-de-musica-de-torroella-de-montgri\/\" \/>\n<meta property=\"og:site_name\" content=\"Mas Ferran Pals\" \/>\n<meta property=\"article:modified_time\" content=\"2020-05-08T20:38:25+00:00\" \/>\n<meta name=\"twitter:card\" content=\"summary_large_image\" \/>\n<meta name=\"twitter:label1\" content=\"Tiempo de lectura\" \/>\n\t<meta name=\"twitter:data1\" content=\"3 minutos\" \/>\n<script type=\"application\/ld+json\" class=\"yoast-schema-graph\">{\"@context\":\"https:\/\/schema.org\",\"@graph\":[{\"@type\":\"WebPage\",\"@id\":\"https:\/\/www.masferranpals.com\/es\/entorno\/festival-internacional-de-musica-de-torroella-de-montgri\/\",\"url\":\"https:\/\/www.masferranpals.com\/es\/entorno\/festival-internacional-de-musica-de-torroella-de-montgri\/\",\"name\":\"FESTIVAL INTERNACIONAL DE M\u00daSICA DE TORROELLA DE MONTGR\u00cd - Mas Ferran Pals\",\"isPartOf\":{\"@id\":\"https:\/\/www.masferranpals.com\/fr\/#website\"},\"datePublished\":\"2020-02-12T13:12:44+00:00\",\"dateModified\":\"2020-05-08T20:38:25+00:00\",\"breadcrumb\":{\"@id\":\"https:\/\/www.masferranpals.com\/es\/entorno\/festival-internacional-de-musica-de-torroella-de-montgri\/#breadcrumb\"},\"inLanguage\":\"es\",\"potentialAction\":[{\"@type\":\"ReadAction\",\"target\":[\"https:\/\/www.masferranpals.com\/es\/entorno\/festival-internacional-de-musica-de-torroella-de-montgri\/\"]}]},{\"@type\":\"BreadcrumbList\",\"@id\":\"https:\/\/www.masferranpals.com\/es\/entorno\/festival-internacional-de-musica-de-torroella-de-montgri\/#breadcrumb\",\"itemListElement\":[{\"@type\":\"ListItem\",\"position\":1,\"name\":\"Home\",\"item\":\"https:\/\/www.masferranpals.com\/es\/\"},{\"@type\":\"ListItem\",\"position\":2,\"name\":\"Entorno &#8211; playas\",\"item\":\"https:\/\/www.masferranpals.com\/es\/entorno\/\"},{\"@type\":\"ListItem\",\"position\":3,\"name\":\"FESTIVAL INTERNACIONAL DE M\u00daSICA DE TORROELLA DE MONTGR\u00cd\"}]},{\"@type\":\"WebSite\",\"@id\":\"https:\/\/www.masferranpals.com\/fr\/#website\",\"url\":\"https:\/\/www.masferranpals.com\/fr\/\",\"name\":\"Mas Ferran Pals\",\"description\":\"Habitacions en un espai privilegiat a l\u2019Empord\u00e0.\",\"potentialAction\":[{\"@type\":\"SearchAction\",\"target\":{\"@type\":\"EntryPoint\",\"urlTemplate\":\"https:\/\/www.masferranpals.com\/fr\/?s={search_term_string}\"},\"query-input\":{\"@type\":\"PropertyValueSpecification\",\"valueRequired\":true,\"valueName\":\"search_term_string\"}}],\"inLanguage\":\"es\"}]}<\/script>\n<!-- \/ Yoast SEO plugin. -->","yoast_head_json":{"title":"FESTIVAL INTERNACIONAL DE M\u00daSICA DE TORROELLA DE MONTGR\u00cd - Mas Ferran Pals","robots":{"index":"index","follow":"follow","max-snippet":"max-snippet:-1","max-image-preview":"max-image-preview:large","max-video-preview":"max-video-preview:-1"},"canonical":"https:\/\/www.masferranpals.com\/es\/entorno\/festival-internacional-de-musica-de-torroella-de-montgri\/","og_locale":"es_ES","og_type":"article","og_title":"FESTIVAL INTERNACIONAL DE M\u00daSICA DE TORROELLA DE MONTGR\u00cd - Mas Ferran Pals","og_url":"https:\/\/www.masferranpals.com\/es\/entorno\/festival-internacional-de-musica-de-torroella-de-montgri\/","og_site_name":"Mas Ferran Pals","article_modified_time":"2020-05-08T20:38:25+00:00","twitter_card":"summary_large_image","twitter_misc":{"Tiempo de lectura":"3 minutos"},"schema":{"@context":"https:\/\/schema.org","@graph":[{"@type":"WebPage","@id":"https:\/\/www.masferranpals.com\/es\/entorno\/festival-internacional-de-musica-de-torroella-de-montgri\/","url":"https:\/\/www.masferranpals.com\/es\/entorno\/festival-internacional-de-musica-de-torroella-de-montgri\/","name":"FESTIVAL INTERNACIONAL DE M\u00daSICA DE TORROELLA DE MONTGR\u00cd - Mas Ferran Pals","isPartOf":{"@id":"https:\/\/www.masferranpals.com\/fr\/#website"},"datePublished":"2020-02-12T13:12:44+00:00","dateModified":"2020-05-08T20:38:25+00:00","breadcrumb":{"@id":"https:\/\/www.masferranpals.com\/es\/entorno\/festival-internacional-de-musica-de-torroella-de-montgri\/#breadcrumb"},"inLanguage":"es","potentialAction":[{"@type":"ReadAction","target":["https:\/\/www.masferranpals.com\/es\/entorno\/festival-internacional-de-musica-de-torroella-de-montgri\/"]}]},{"@type":"BreadcrumbList","@id":"https:\/\/www.masferranpals.com\/es\/entorno\/festival-internacional-de-musica-de-torroella-de-montgri\/#breadcrumb","itemListElement":[{"@type":"ListItem","position":1,"name":"Home","item":"https:\/\/www.masferranpals.com\/es\/"},{"@type":"ListItem","position":2,"name":"Entorno &#8211; playas","item":"https:\/\/www.masferranpals.com\/es\/entorno\/"},{"@type":"ListItem","position":3,"name":"FESTIVAL INTERNACIONAL DE M\u00daSICA DE TORROELLA DE MONTGR\u00cd"}]},{"@type":"WebSite","@id":"https:\/\/www.masferranpals.com\/fr\/#website","url":"https:\/\/www.masferranpals.com\/fr\/","name":"Mas Ferran Pals","description":"Habitacions en un espai privilegiat a l\u2019Empord\u00e0.","potentialAction":[{"@type":"SearchAction","target":{"@type":"EntryPoint","urlTemplate":"https:\/\/www.masferranpals.com\/fr\/?s={search_term_string}"},"query-input":{"@type":"PropertyValueSpecification","valueRequired":true,"valueName":"search_term_string"}}],"inLanguage":"es"}]}},"_links":{"self":[{"href":"https:\/\/www.masferranpals.com\/es\/wp-json\/wp\/v2\/pages\/3459","targetHints":{"allow":["GET"]}}],"collection":[{"href":"https:\/\/www.masferranpals.com\/es\/wp-json\/wp\/v2\/pages"}],"about":[{"href":"https:\/\/www.masferranpals.com\/es\/wp-json\/wp\/v2\/types\/page"}],"author":[{"embeddable":true,"href":"https:\/\/www.masferranpals.com\/es\/wp-json\/wp\/v2\/users\/4"}],"replies":[{"embeddable":true,"href":"https:\/\/www.masferranpals.com\/es\/wp-json\/wp\/v2\/comments?post=3459"}],"version-history":[{"count":7,"href":"https:\/\/www.masferranpals.com\/es\/wp-json\/wp\/v2\/pages\/3459\/revisions"}],"predecessor-version":[{"id":7178,"href":"https:\/\/www.masferranpals.com\/es\/wp-json\/wp\/v2\/pages\/3459\/revisions\/7178"}],"up":[{"embeddable":true,"href":"https:\/\/www.masferranpals.com\/es\/wp-json\/wp\/v2\/pages\/3376"}],"wp:attachment":[{"href":"https:\/\/www.masferranpals.com\/es\/wp-json\/wp\/v2\/media?parent=3459"}],"curies":[{"name":"wp","href":"https:\/\/api.w.org\/{rel}","templated":true}]}}