{"id":3461,"date":"2020-02-12T14:13:47","date_gmt":"2020-02-12T13:13:47","guid":{"rendered":"https:\/\/www.masferranpals.com\/?page_id=3461"},"modified":"2020-05-08T18:39:12","modified_gmt":"2020-05-08T17:39:12","slug":"jaciment-arqueologic-dempuries","status":"publish","type":"page","link":"https:\/\/www.masferranpals.com\/es\/entorno\/jaciment-arqueologic-dempuries\/","title":{"rendered":"JACIMENT ARQUEOL\u00d2GIC D\u2019EMP\u00daRIES"},"content":{"rendered":"\n<style type=\"text\/css\" data-created_by=\"avia_inline_auto\" id=\"style-css-av-cctim-6bc23355add449a9ab9f1d61b3fc125f\">\n.flex_column.av-cctim-6bc23355add449a9ab9f1d61b3fc125f{\nborder-radius:0px 0px 0px 0px;\npadding:0px 0px 0px 0px;\n}\n<\/style>\n<div  class='flex_column av-cctim-6bc23355add449a9ab9f1d61b3fc125f av_one_full  avia-builder-el-0  el_before_av_three_fifth  avia-builder-el-first  first flex_column_div av-zero-column-padding  '     ><style type=\"text\/css\" data-created_by=\"avia_inline_auto\" id=\"style-css-av-k907d0wx-a787fd94f0765c8b11f0c21213aa64c3\">\n#top .av-special-heading.av-k907d0wx-a787fd94f0765c8b11f0c21213aa64c3{\npadding-bottom:5px;\n}\nbody .av-special-heading.av-k907d0wx-a787fd94f0765c8b11f0c21213aa64c3 .av-special-heading-tag .heading-char{\nfont-size:25px;\n}\n.av-special-heading.av-k907d0wx-a787fd94f0765c8b11f0c21213aa64c3 .av-subheading{\nfont-size:15px;\n}\n<\/style>\n<div  class='av-special-heading av-k907d0wx-a787fd94f0765c8b11f0c21213aa64c3 av-special-heading-h1  avia-builder-el-1  avia-builder-el-no-sibling  av-linked-heading'><h1 class='av-special-heading-tag '  itemprop=\"headline\"  >YACIMIENTO ARQUEOL\u00d3GICO DE EMP\u00daRIES<\/h1><div class=\"special-heading-border\"><div class=\"special-heading-inner-border\"><\/div><\/div><\/div><\/div>\n\n<style type=\"text\/css\" data-created_by=\"avia_inline_auto\" id=\"style-css-av-1qp42-dd2f184ed8b74bf9d1baeb6ae2f44109\">\n.flex_column.av-1qp42-dd2f184ed8b74bf9d1baeb6ae2f44109{\nborder-radius:0px 0px 0px 0px;\npadding:0px 0px 0px 0px;\n}\n<\/style>\n<div  class='flex_column av-1qp42-dd2f184ed8b74bf9d1baeb6ae2f44109 av_three_fifth  avia-builder-el-2  el_after_av_one_full  el_before_av_two_fifth  first flex_column_div av-zero-column-padding  column-top-margin'     ><section  class='av_textblock_section av-asgcm-90f7fc53c1727e0ec304c8a74233f53d '   itemscope=\"itemscope\" itemtype=\"https:\/\/schema.org\/CreativeWork\" ><div class='avia_textblock'  itemprop=\"text\" ><p><strong>Puerta de entrada de la cultura griega y romana<\/strong> a la Pen\u00ednsula Ib\u00e9rica, Emp\u00faries es un yacimiento excepcional, donde conviven los restos de una ciudad griega, el enclave colonial de <i>Emporion<\/i>, con los de una ciudad romana, la antigua <i>Emporiae<\/i>, creada a inicios del siglo I aC sobre las estructuras de un antiguo campamento militar romano.<\/p>\n<p>El yacimiento de Emp\u00faries se encuentra en el municipio de L&#8217;Escala, frente al mar, al sur de la bah\u00eda de Roses, y ha sido <strong>calificado por la UNESCO como uno de los m\u00e1s bonitos del mundo<\/strong>. Durante la visita podr\u00e1 pisar las calles de las ciudades griega y romana, deleitarse con los mosaicos que decoraban los suelos de las casas acomodadas o pedir un deseo al dios <b>Esculapio<\/b>, que velaba por la salud de los emporitanos. Un peque\u00f1o museo muestra una selecci\u00f3n de los objetos encontrados durante las excavaciones, testigos de la vida en la ciudad: juguetes infantiles, joyas y enseres personales y dom\u00e9sticos, pinturas &#8230;<\/p>\n<p><b>Cada a\u00f1o se excava<\/b> y salen a la luz nuevos tesoros que ayudan a construir el relato hist\u00f3rico. Los restos que se ven tienen aproximadamente 2000 a\u00f1os de historia.<\/p>\n<\/div><\/section><\/div>\n\n<style type=\"text\/css\" data-created_by=\"avia_inline_auto\" id=\"style-css-av-qj12-2f81ef96171b8e1f27e1205f17309016\">\n.flex_column.av-qj12-2f81ef96171b8e1f27e1205f17309016{\nborder-radius:0px 0px 0px 0px;\npadding:0px 0px 0px 0px;\n}\n<\/style>\n<div  class='flex_column av-qj12-2f81ef96171b8e1f27e1205f17309016 av_two_fifth  avia-builder-el-4  el_after_av_three_fifth  el_before_av_hr  flex_column_div av-zero-column-padding  column-top-margin'     ><p>\n<style type=\"text\/css\" data-created_by=\"avia_inline_auto\" id=\"style-css-av-k9yhhkuq-60ba88600829a7d2b31e19ae0d6714ab\">\n#top .hr.hr-invisible.av-k9yhhkuq-60ba88600829a7d2b31e19ae0d6714ab{\nheight:50px;\n}\n<\/style>\n<div  class='hr av-k9yhhkuq-60ba88600829a7d2b31e19ae0d6714ab hr-invisible  avia-builder-el-5  el_before_av_image  avia-builder-el-first '><span class='hr-inner '><span class=\"hr-inner-style\"><\/span><\/span><\/div><br \/>\n\n<style type=\"text\/css\" data-created_by=\"avia_inline_auto\" id=\"style-css-av-k6j0bfin-9cdf025a7b05b1d114c86714fec8510f\">\n.avia-image-container.av-k6j0bfin-9cdf025a7b05b1d114c86714fec8510f img.avia_image{\nbox-shadow:none;\n}\n.avia-image-container.av-k6j0bfin-9cdf025a7b05b1d114c86714fec8510f .av-image-caption-overlay-center{\ncolor:#ffffff;\n}\n<\/style>\n<div  class='avia-image-container av-k6j0bfin-9cdf025a7b05b1d114c86714fec8510f av-styling- avia-align-center  avia-builder-el-6  el_after_av_hr  avia-builder-el-last '   itemprop=\"image\" itemscope=\"itemscope\" itemtype=\"https:\/\/schema.org\/ImageObject\" ><div class=\"avia-image-container-inner\"><div class=\"avia-image-overlay-wrap\"><img decoding=\"async\" fetchpriority=\"high\" class='wp-image-3218 avia-img-lazy-loading-not-3218 avia_image ' src=\"https:\/\/www.masferranpals.com\/wp-content\/uploads\/2020\/02\/jaciment-arqueologic-empuries.jpg\" alt='Jaciment Arqueol\u00f2gic d&#039;Emp\u00faries' title='Jaciment Arqueol\u00f2gic d&#039;Emp\u00faries'  height=\"363\" width=\"548\"  itemprop=\"thumbnailUrl\" srcset=\"https:\/\/www.masferranpals.com\/wp-content\/uploads\/2020\/02\/jaciment-arqueologic-empuries.jpg 548w, https:\/\/www.masferranpals.com\/wp-content\/uploads\/2020\/02\/jaciment-arqueologic-empuries-300x199.jpg 300w\" sizes=\"(max-width: 548px) 100vw, 548px\" \/><\/div><\/div><\/div><\/p><\/div>\n<style type=\"text\/css\" data-created_by=\"avia_inline_auto\" id=\"style-css-av-k6j1k2q5-d63a96bdad4b13fb63d951bfda99ddde\">\n#top .hr.hr-invisible.av-k6j1k2q5-d63a96bdad4b13fb63d951bfda99ddde{\nheight:50px;\n}\n<\/style>\n<div  class='hr av-k6j1k2q5-d63a96bdad4b13fb63d951bfda99ddde hr-invisible  avia-builder-el-7  el_after_av_two_fifth  el_before_av_one_half '><span class='hr-inner '><span class=\"hr-inner-style\"><\/span><\/span><\/div><\/p>\n\n<style type=\"text\/css\" data-created_by=\"avia_inline_auto\" id=\"style-css-av-1qp42-dd2f184ed8b74bf9d1baeb6ae2f44109\">\n.flex_column.av-1qp42-dd2f184ed8b74bf9d1baeb6ae2f44109{\nborder-radius:0px 0px 0px 0px;\npadding:0px 0px 0px 0px;\n}\n<\/style>\n<div  class='flex_column av-1qp42-dd2f184ed8b74bf9d1baeb6ae2f44109 av_one_half  avia-builder-el-8  el_after_av_hr  el_before_av_one_half  first flex_column_div av-zero-column-padding  '     ><section  class='av_textblock_section av-asgcm-90f7fc53c1727e0ec304c8a74233f53d '   itemscope=\"itemscope\" itemtype=\"https:\/\/schema.org\/CreativeWork\" ><div class='avia_textblock'  itemprop=\"text\" ><h2>Ciudad griega d&#8217;Emp\u00faries<\/h2>\n<p>Durante la primera mitad del siglo VI aC, los comerciantes griegos procedentes de <i>Focea<\/i> establecieron sobre un peque\u00f1o promontorio estrat\u00e9gicamente situado en el extremo sur del golfo de Roses, la <i>Palaia Polis<\/i>. Un promontorio, adem\u00e1s, ocupado ya desde el bronce final y la primera edad del hierro por una poblaci\u00f3n ind\u00edgena que hab\u00eda mantenido contactos con el comercio fenicio.<\/p>\n<p>Poco tiempo m\u00e1s tarde del establecimiento griego en la <i>Palaia Polis<\/i>, los emporitanos crearon un nuevo n\u00facleo urbano inmediatamente al sur de la bah\u00eda natural, garantizando el control de las instalaciones portuarias. Este nuevo asentamiento, ubicado al este de una de las elevaciones que se levantaban en el entorno de las marismas que delimitaban la antigua l\u00ednea de costa es lo que se conoce con el nombre de Ne\u00e1polis (ciudad nueva), denominaci\u00f3n otorgada por J. Puig i Cadafalch. La ciudad griega de <i>Emporion<\/i>, con los n\u00facleos de la <i>Palaia Polis<\/i> y de la <i>Neapolis<\/i>, desarroll\u00f3 su actividad urbana desde el siglo VI aC hasta la presencia romana en el a\u00f1o 218 aC, cuando el puerto emporitano es utilizado como punto de entrada a la pen\u00ednsula para las tropas romanas en su lucha contra el ej\u00e9rcito cartagin\u00e9s.<\/p>\n<\/div><\/section><\/div>\n\n<style type=\"text\/css\" data-created_by=\"avia_inline_auto\" id=\"style-css-av-1qp42-701d0dabf31b485ea9952e251f5e8858\">\n.flex_column.av-1qp42-701d0dabf31b485ea9952e251f5e8858{\nborder-radius:0px 0px 0px 0px;\npadding:0px 0px 0px 0px;\n}\n<\/style>\n<div  class='flex_column av-1qp42-701d0dabf31b485ea9952e251f5e8858 av_one_half  avia-builder-el-10  el_after_av_one_half  avia-builder-el-last  flex_column_div av-zero-column-padding  '     ><section  class='av_textblock_section av-asgcm-90f7fc53c1727e0ec304c8a74233f53d '   itemscope=\"itemscope\" itemtype=\"https:\/\/schema.org\/CreativeWork\" ><div class='avia_textblock'  itemprop=\"text\" ><h2>Ciudad romana<\/h2>\n<p>El 195 aC, Marco Porcio Cat\u00f3n instal\u00f3 un campamento militar en Emp\u00faries que fue el embri\u00f3n de una nueva ciudad, creada a principios del siglo I aC. En \u00e9poca del emperador Augusto, las ciudades griega y romana se unieron f\u00edsica y jur\u00eddicamente bajo el nombre de <i>Municipium Emporiae.<\/i><\/p>\n<p>Mientras <i>Gerunda<\/i> (Girona), <i>Barcino<\/i> (Barcelona), <i>Tarraco<\/i> (Tarragona) adquir\u00edan cada vez m\u00e1s importancia, <i>Emporiae<\/i> la perd\u00eda progresivamente. En la segunda mitad del siglo III dC, toda la ciudad romana y el sector de la <i>Neapolis<\/i> estaban ya abandonados, y la poblaci\u00f3n se concentr\u00f3 en San Mart\u00ed d\u2019Empuries. Esta ciudad fue sede episcopal durante toda la Antig\u00fcedad Tard\u00eda y sus habitantes utilizaban como cementerio el \u00e1rea norte de la <i>Neapolis,<\/i> donde encontramos los restos de una capilla funeraria.<\/p>\n<p>Tras la invasi\u00f3n \u00e1rabe y de la recuperaci\u00f3n franca (s. VIII), Emp\u00faries fue capital del condado carolingio de Emp\u00faries y posteriormente capital del condado medieval de Emp\u00faries hasta el siglo XI, momento en que el conde traslada la capital a Castell\u00f3. A partir de ese momento, Emp\u00faries se convirti\u00f3 en un peque\u00f1o n\u00facleo de pescadores que en el siglo XVI fundan la ciudad de L\u2019Escala.<\/p>\n<\/div><\/section><\/div>\n","protected":false},"excerpt":{"rendered":"","protected":false},"author":4,"featured_media":0,"parent":3376,"menu_order":0,"comment_status":"closed","ping_status":"closed","template":"","meta":{"footnotes":""},"class_list":["post-3461","page","type-page","status-publish","hentry"],"yoast_head":"<!-- This site is optimized with the Yoast SEO plugin v27.0 - https:\/\/yoast.com\/product\/yoast-seo-wordpress\/ -->\n<title>JACIMENT ARQUEOL\u00d2GIC D\u2019EMP\u00daRIES - Mas Ferran Pals<\/title>\n<meta name=\"robots\" content=\"index, follow, max-snippet:-1, max-image-preview:large, max-video-preview:-1\" \/>\n<link rel=\"canonical\" href=\"https:\/\/www.masferranpals.com\/es\/entorno\/jaciment-arqueologic-dempuries\/\" \/>\n<meta property=\"og:locale\" content=\"es_ES\" \/>\n<meta property=\"og:type\" content=\"article\" \/>\n<meta property=\"og:title\" content=\"JACIMENT ARQUEOL\u00d2GIC D\u2019EMP\u00daRIES - Mas Ferran Pals\" \/>\n<meta property=\"og:url\" content=\"https:\/\/www.masferranpals.com\/es\/entorno\/jaciment-arqueologic-dempuries\/\" \/>\n<meta property=\"og:site_name\" content=\"Mas Ferran Pals\" \/>\n<meta property=\"article:modified_time\" content=\"2020-05-08T17:39:12+00:00\" \/>\n<meta name=\"twitter:card\" content=\"summary_large_image\" \/>\n<meta name=\"twitter:label1\" content=\"Tiempo de lectura\" \/>\n\t<meta name=\"twitter:data1\" content=\"7 minutos\" \/>\n<script type=\"application\/ld+json\" class=\"yoast-schema-graph\">{\"@context\":\"https:\/\/schema.org\",\"@graph\":[{\"@type\":\"WebPage\",\"@id\":\"https:\/\/www.masferranpals.com\/es\/entorno\/jaciment-arqueologic-dempuries\/\",\"url\":\"https:\/\/www.masferranpals.com\/es\/entorno\/jaciment-arqueologic-dempuries\/\",\"name\":\"JACIMENT ARQUEOL\u00d2GIC D\u2019EMP\u00daRIES - Mas Ferran Pals\",\"isPartOf\":{\"@id\":\"https:\/\/www.masferranpals.com\/fr\/#website\"},\"datePublished\":\"2020-02-12T13:13:47+00:00\",\"dateModified\":\"2020-05-08T17:39:12+00:00\",\"breadcrumb\":{\"@id\":\"https:\/\/www.masferranpals.com\/es\/entorno\/jaciment-arqueologic-dempuries\/#breadcrumb\"},\"inLanguage\":\"es\",\"potentialAction\":[{\"@type\":\"ReadAction\",\"target\":[\"https:\/\/www.masferranpals.com\/es\/entorno\/jaciment-arqueologic-dempuries\/\"]}]},{\"@type\":\"BreadcrumbList\",\"@id\":\"https:\/\/www.masferranpals.com\/es\/entorno\/jaciment-arqueologic-dempuries\/#breadcrumb\",\"itemListElement\":[{\"@type\":\"ListItem\",\"position\":1,\"name\":\"Home\",\"item\":\"https:\/\/www.masferranpals.com\/es\/\"},{\"@type\":\"ListItem\",\"position\":2,\"name\":\"Entorno &#8211; playas\",\"item\":\"https:\/\/www.masferranpals.com\/es\/entorno\/\"},{\"@type\":\"ListItem\",\"position\":3,\"name\":\"JACIMENT ARQUEOL\u00d2GIC D\u2019EMP\u00daRIES\"}]},{\"@type\":\"WebSite\",\"@id\":\"https:\/\/www.masferranpals.com\/fr\/#website\",\"url\":\"https:\/\/www.masferranpals.com\/fr\/\",\"name\":\"Mas Ferran Pals\",\"description\":\"Habitacions en un espai privilegiat a l\u2019Empord\u00e0.\",\"potentialAction\":[{\"@type\":\"SearchAction\",\"target\":{\"@type\":\"EntryPoint\",\"urlTemplate\":\"https:\/\/www.masferranpals.com\/fr\/?s={search_term_string}\"},\"query-input\":{\"@type\":\"PropertyValueSpecification\",\"valueRequired\":true,\"valueName\":\"search_term_string\"}}],\"inLanguage\":\"es\"}]}<\/script>\n<!-- \/ Yoast SEO plugin. -->","yoast_head_json":{"title":"JACIMENT ARQUEOL\u00d2GIC D\u2019EMP\u00daRIES - Mas Ferran Pals","robots":{"index":"index","follow":"follow","max-snippet":"max-snippet:-1","max-image-preview":"max-image-preview:large","max-video-preview":"max-video-preview:-1"},"canonical":"https:\/\/www.masferranpals.com\/es\/entorno\/jaciment-arqueologic-dempuries\/","og_locale":"es_ES","og_type":"article","og_title":"JACIMENT ARQUEOL\u00d2GIC D\u2019EMP\u00daRIES - Mas Ferran Pals","og_url":"https:\/\/www.masferranpals.com\/es\/entorno\/jaciment-arqueologic-dempuries\/","og_site_name":"Mas Ferran Pals","article_modified_time":"2020-05-08T17:39:12+00:00","twitter_card":"summary_large_image","twitter_misc":{"Tiempo de lectura":"7 minutos"},"schema":{"@context":"https:\/\/schema.org","@graph":[{"@type":"WebPage","@id":"https:\/\/www.masferranpals.com\/es\/entorno\/jaciment-arqueologic-dempuries\/","url":"https:\/\/www.masferranpals.com\/es\/entorno\/jaciment-arqueologic-dempuries\/","name":"JACIMENT ARQUEOL\u00d2GIC D\u2019EMP\u00daRIES - Mas Ferran Pals","isPartOf":{"@id":"https:\/\/www.masferranpals.com\/fr\/#website"},"datePublished":"2020-02-12T13:13:47+00:00","dateModified":"2020-05-08T17:39:12+00:00","breadcrumb":{"@id":"https:\/\/www.masferranpals.com\/es\/entorno\/jaciment-arqueologic-dempuries\/#breadcrumb"},"inLanguage":"es","potentialAction":[{"@type":"ReadAction","target":["https:\/\/www.masferranpals.com\/es\/entorno\/jaciment-arqueologic-dempuries\/"]}]},{"@type":"BreadcrumbList","@id":"https:\/\/www.masferranpals.com\/es\/entorno\/jaciment-arqueologic-dempuries\/#breadcrumb","itemListElement":[{"@type":"ListItem","position":1,"name":"Home","item":"https:\/\/www.masferranpals.com\/es\/"},{"@type":"ListItem","position":2,"name":"Entorno &#8211; playas","item":"https:\/\/www.masferranpals.com\/es\/entorno\/"},{"@type":"ListItem","position":3,"name":"JACIMENT ARQUEOL\u00d2GIC D\u2019EMP\u00daRIES"}]},{"@type":"WebSite","@id":"https:\/\/www.masferranpals.com\/fr\/#website","url":"https:\/\/www.masferranpals.com\/fr\/","name":"Mas Ferran Pals","description":"Habitacions en un espai privilegiat a l\u2019Empord\u00e0.","potentialAction":[{"@type":"SearchAction","target":{"@type":"EntryPoint","urlTemplate":"https:\/\/www.masferranpals.com\/fr\/?s={search_term_string}"},"query-input":{"@type":"PropertyValueSpecification","valueRequired":true,"valueName":"search_term_string"}}],"inLanguage":"es"}]}},"_links":{"self":[{"href":"https:\/\/www.masferranpals.com\/es\/wp-json\/wp\/v2\/pages\/3461","targetHints":{"allow":["GET"]}}],"collection":[{"href":"https:\/\/www.masferranpals.com\/es\/wp-json\/wp\/v2\/pages"}],"about":[{"href":"https:\/\/www.masferranpals.com\/es\/wp-json\/wp\/v2\/types\/page"}],"author":[{"embeddable":true,"href":"https:\/\/www.masferranpals.com\/es\/wp-json\/wp\/v2\/users\/4"}],"replies":[{"embeddable":true,"href":"https:\/\/www.masferranpals.com\/es\/wp-json\/wp\/v2\/comments?post=3461"}],"version-history":[{"count":10,"href":"https:\/\/www.masferranpals.com\/es\/wp-json\/wp\/v2\/pages\/3461\/revisions"}],"predecessor-version":[{"id":7136,"href":"https:\/\/www.masferranpals.com\/es\/wp-json\/wp\/v2\/pages\/3461\/revisions\/7136"}],"up":[{"embeddable":true,"href":"https:\/\/www.masferranpals.com\/es\/wp-json\/wp\/v2\/pages\/3376"}],"wp:attachment":[{"href":"https:\/\/www.masferranpals.com\/es\/wp-json\/wp\/v2\/media?parent=3461"}],"curies":[{"name":"wp","href":"https:\/\/api.w.org\/{rel}","templated":true}]}}