{"id":3464,"date":"2020-02-12T14:13:56","date_gmt":"2020-02-12T13:13:56","guid":{"rendered":"https:\/\/www.masferranpals.com\/?page_id=3464"},"modified":"2024-01-02T23:24:28","modified_gmt":"2024-01-02T22:24:28","slug":"poblat-iberic-dullastret","status":"publish","type":"page","link":"https:\/\/www.masferranpals.com\/es\/entorno\/poblat-iberic-dullastret\/","title":{"rendered":"POBLADO IB\u00c9RICO DE ULLASTRET"},"content":{"rendered":"\n<style type=\"text\/css\" data-created_by=\"avia_inline_auto\" id=\"style-css-av-cctim-6bc23355add449a9ab9f1d61b3fc125f\">\n.flex_column.av-cctim-6bc23355add449a9ab9f1d61b3fc125f{\nborder-radius:0px 0px 0px 0px;\npadding:0px 0px 0px 0px;\n}\n<\/style>\n<div  class='flex_column av-cctim-6bc23355add449a9ab9f1d61b3fc125f av_one_full  avia-builder-el-0  el_before_av_three_fifth  avia-builder-el-first  first flex_column_div av-zero-column-padding  '     ><style type=\"text\/css\" data-created_by=\"avia_inline_auto\" id=\"style-css-av-k9080gar-3c55d0b5d753a514bbe99f0c05c72651\">\n#top .av-special-heading.av-k9080gar-3c55d0b5d753a514bbe99f0c05c72651{\npadding-bottom:5px;\n}\nbody .av-special-heading.av-k9080gar-3c55d0b5d753a514bbe99f0c05c72651 .av-special-heading-tag .heading-char{\nfont-size:25px;\n}\n.av-special-heading.av-k9080gar-3c55d0b5d753a514bbe99f0c05c72651 .av-subheading{\nfont-size:15px;\n}\n<\/style>\n<div  class='av-special-heading av-k9080gar-3c55d0b5d753a514bbe99f0c05c72651 av-special-heading-h1  avia-builder-el-1  avia-builder-el-no-sibling  av-linked-heading'><h1 class='av-special-heading-tag '  itemprop=\"headline\"  >POBLADO IB\u00c9RICO DE ULLASTRET<\/h1><div class=\"special-heading-border\"><div class=\"special-heading-inner-border\"><\/div><\/div><\/div><\/div>\n\n<style type=\"text\/css\" data-created_by=\"avia_inline_auto\" id=\"style-css-av-1qp42-dd2f184ed8b74bf9d1baeb6ae2f44109\">\n.flex_column.av-1qp42-dd2f184ed8b74bf9d1baeb6ae2f44109{\nborder-radius:0px 0px 0px 0px;\npadding:0px 0px 0px 0px;\n}\n<\/style>\n<div  class='flex_column av-1qp42-dd2f184ed8b74bf9d1baeb6ae2f44109 av_three_fifth  avia-builder-el-2  el_after_av_one_full  el_before_av_two_fifth  first flex_column_div av-zero-column-padding  column-top-margin'     ><section  class='av_textblock_section av-asgcm-90f7fc53c1727e0ec304c8a74233f53d '   itemscope=\"itemscope\" itemtype=\"https:\/\/schema.org\/CreativeWork\" ><div class='avia_textblock'  itemprop=\"text\" ><p>El <strong>poblado ib\u00e9rico del Puig de Sant Andreu de Ullastret<\/strong> es el m\u00e1s grande de Catalunya, actualmente es considerado una aut\u00e9ntica ciudad. Fue la capital de la tribu ib\u00e9rica que los autores antiguos llamaron <em>indigetes.<\/em><\/p>\n<p>El poblado dominaba un amplio territorio del que explotaba los recursos econ\u00f3micos, especialmente la agricultura y la ganader\u00eda, pero tambi\u00e9n minas y canteras. Comerciaban con comunidades ind\u00edgenas cercanas y, a trav\u00e9s de la vecina colonia griega de Emp\u00faries, con griegos y fenicios.<\/p>\n<p>El yacimiento de Ullastret <strong>cuenta con un peque\u00f1o museo monogr\u00e1fico<\/strong> que recoge una buena muestra de las piezas arqueol\u00f3gicas surgidas de las excavaciones, no s\u00f3lo de la ciudad ib\u00e9rica de Ullastret, sino tambi\u00e9n de su entorno inmediato.<\/p>\n<p>El museo est\u00e1 organizado por \u00e1mbitos tem\u00e1ticos que explican la evoluci\u00f3n general del yacimiento y muestran los aspectos m\u00e1s representativos de su cultura material. Estos \u00e1mbitos comprenden cronol\u00f3gicamente desde los primeros pobladores del territorio hasta el abandono de la ciudad con la llegada de los romanos.<\/p>\n<p>El recorrido que el visitante ha seguido desde el yacimiento y pasando por el museo se completa en la sala inmersiva, donde <strong>un audiovisual recrea a trav\u00e9s de la realidad virtual como era Ullastret hace m\u00e1s de 2200 a\u00f1os<\/strong>.<\/p>\n<p>La sede de Ullastret del Museo de Arqueolog\u00eda de Catalu\u00f1a dispone de espacios aptos para la celebraci\u00f3n de diversos actos: recepciones, congresos, seminarios, presentaciones, etc &#8230;<\/p>\n<\/div><\/section><\/div>\n\n<style type=\"text\/css\" data-created_by=\"avia_inline_auto\" id=\"style-css-av-qj12-2f81ef96171b8e1f27e1205f17309016\">\n.flex_column.av-qj12-2f81ef96171b8e1f27e1205f17309016{\nborder-radius:0px 0px 0px 0px;\npadding:0px 0px 0px 0px;\n}\n<\/style>\n<div  class='flex_column av-qj12-2f81ef96171b8e1f27e1205f17309016 av_two_fifth  avia-builder-el-4  el_after_av_three_fifth  avia-builder-el-last  flex_column_div av-zero-column-padding  column-top-margin'     ><p>\n<style type=\"text\/css\" data-created_by=\"avia_inline_auto\" id=\"style-css-av-k9yhbbea-24b18d4cbda1e34da1cceaf9ed843b60\">\n#top .hr.hr-invisible.av-k9yhbbea-24b18d4cbda1e34da1cceaf9ed843b60{\nheight:60px;\n}\n<\/style>\n<div  class='hr av-k9yhbbea-24b18d4cbda1e34da1cceaf9ed843b60 hr-invisible  avia-builder-el-5  el_before_av_image  avia-builder-el-first '><span class='hr-inner '><span class=\"hr-inner-style\"><\/span><\/span><\/div><br \/>\n\n<style type=\"text\/css\" data-created_by=\"avia_inline_auto\" id=\"style-css-av-k6j0bfin-4babc5c714aac383dd8d6b9121de36dc\">\n.avia-image-container.av-k6j0bfin-4babc5c714aac383dd8d6b9121de36dc img.avia_image{\nbox-shadow:none;\n}\n.avia-image-container.av-k6j0bfin-4babc5c714aac383dd8d6b9121de36dc .av-image-caption-overlay-center{\ncolor:#ffffff;\n}\n<\/style>\n<div  class='avia-image-container av-k6j0bfin-4babc5c714aac383dd8d6b9121de36dc av-styling- avia-align-center  avia-builder-el-6  el_after_av_hr  avia-builder-el-last '   itemprop=\"image\" itemscope=\"itemscope\" itemtype=\"https:\/\/schema.org\/ImageObject\" ><div class=\"avia-image-container-inner\"><div class=\"avia-image-overlay-wrap\"><img decoding=\"async\" fetchpriority=\"high\" class='wp-image-3226 avia-img-lazy-loading-not-3226 avia_image ' src=\"https:\/\/www.masferranpals.com\/wp-content\/uploads\/2020\/02\/poblat-iberic-ullastret.jpg\" alt='Poblat Ib\u00e8ric d&#039;Ullastret' title='Poblat Ib\u00e8ric d&#039;Ullastret'  height=\"363\" width=\"548\"  itemprop=\"thumbnailUrl\" srcset=\"https:\/\/www.masferranpals.com\/wp-content\/uploads\/2020\/02\/poblat-iberic-ullastret.jpg 548w, https:\/\/www.masferranpals.com\/wp-content\/uploads\/2020\/02\/poblat-iberic-ullastret-300x199.jpg 300w\" sizes=\"(max-width: 548px) 100vw, 548px\" \/><\/div><\/div><\/div><\/p><\/div>\n","protected":false},"excerpt":{"rendered":"","protected":false},"author":4,"featured_media":0,"parent":3376,"menu_order":0,"comment_status":"closed","ping_status":"closed","template":"","meta":{"footnotes":""},"class_list":["post-3464","page","type-page","status-publish","hentry"],"yoast_head":"<!-- This site is optimized with the Yoast SEO plugin v27.0 - https:\/\/yoast.com\/product\/yoast-seo-wordpress\/ -->\n<title>POBLADO IB\u00c9RICO DE ULLASTRET - Mas Ferran Pals<\/title>\n<meta name=\"robots\" content=\"index, follow, max-snippet:-1, max-image-preview:large, max-video-preview:-1\" \/>\n<link rel=\"canonical\" href=\"https:\/\/www.masferranpals.com\/es\/entorno\/poblat-iberic-dullastret\/\" \/>\n<meta property=\"og:locale\" content=\"es_ES\" \/>\n<meta property=\"og:type\" content=\"article\" \/>\n<meta property=\"og:title\" content=\"POBLADO IB\u00c9RICO DE ULLASTRET - Mas Ferran Pals\" \/>\n<meta property=\"og:url\" content=\"https:\/\/www.masferranpals.com\/es\/entorno\/poblat-iberic-dullastret\/\" \/>\n<meta property=\"og:site_name\" content=\"Mas Ferran Pals\" \/>\n<meta property=\"article:modified_time\" content=\"2024-01-02T22:24:28+00:00\" \/>\n<meta name=\"twitter:card\" content=\"summary_large_image\" \/>\n<meta name=\"twitter:label1\" content=\"Tiempo de lectura\" \/>\n\t<meta name=\"twitter:data1\" content=\"3 minutos\" \/>\n<script type=\"application\/ld+json\" class=\"yoast-schema-graph\">{\"@context\":\"https:\/\/schema.org\",\"@graph\":[{\"@type\":\"WebPage\",\"@id\":\"https:\/\/www.masferranpals.com\/es\/entorno\/poblat-iberic-dullastret\/\",\"url\":\"https:\/\/www.masferranpals.com\/es\/entorno\/poblat-iberic-dullastret\/\",\"name\":\"POBLADO IB\u00c9RICO DE ULLASTRET - Mas Ferran Pals\",\"isPartOf\":{\"@id\":\"https:\/\/www.masferranpals.com\/fr\/#website\"},\"datePublished\":\"2020-02-12T13:13:56+00:00\",\"dateModified\":\"2024-01-02T22:24:28+00:00\",\"breadcrumb\":{\"@id\":\"https:\/\/www.masferranpals.com\/es\/entorno\/poblat-iberic-dullastret\/#breadcrumb\"},\"inLanguage\":\"es\",\"potentialAction\":[{\"@type\":\"ReadAction\",\"target\":[\"https:\/\/www.masferranpals.com\/es\/entorno\/poblat-iberic-dullastret\/\"]}]},{\"@type\":\"BreadcrumbList\",\"@id\":\"https:\/\/www.masferranpals.com\/es\/entorno\/poblat-iberic-dullastret\/#breadcrumb\",\"itemListElement\":[{\"@type\":\"ListItem\",\"position\":1,\"name\":\"Home\",\"item\":\"https:\/\/www.masferranpals.com\/es\/\"},{\"@type\":\"ListItem\",\"position\":2,\"name\":\"Entorno &#8211; playas\",\"item\":\"https:\/\/www.masferranpals.com\/es\/entorno\/\"},{\"@type\":\"ListItem\",\"position\":3,\"name\":\"POBLADO IB\u00c9RICO DE ULLASTRET\"}]},{\"@type\":\"WebSite\",\"@id\":\"https:\/\/www.masferranpals.com\/fr\/#website\",\"url\":\"https:\/\/www.masferranpals.com\/fr\/\",\"name\":\"Mas Ferran Pals\",\"description\":\"Habitacions en un espai privilegiat a l\u2019Empord\u00e0.\",\"potentialAction\":[{\"@type\":\"SearchAction\",\"target\":{\"@type\":\"EntryPoint\",\"urlTemplate\":\"https:\/\/www.masferranpals.com\/fr\/?s={search_term_string}\"},\"query-input\":{\"@type\":\"PropertyValueSpecification\",\"valueRequired\":true,\"valueName\":\"search_term_string\"}}],\"inLanguage\":\"es\"}]}<\/script>\n<!-- \/ Yoast SEO plugin. -->","yoast_head_json":{"title":"POBLADO IB\u00c9RICO DE ULLASTRET - Mas Ferran Pals","robots":{"index":"index","follow":"follow","max-snippet":"max-snippet:-1","max-image-preview":"max-image-preview:large","max-video-preview":"max-video-preview:-1"},"canonical":"https:\/\/www.masferranpals.com\/es\/entorno\/poblat-iberic-dullastret\/","og_locale":"es_ES","og_type":"article","og_title":"POBLADO IB\u00c9RICO DE ULLASTRET - Mas Ferran Pals","og_url":"https:\/\/www.masferranpals.com\/es\/entorno\/poblat-iberic-dullastret\/","og_site_name":"Mas Ferran Pals","article_modified_time":"2024-01-02T22:24:28+00:00","twitter_card":"summary_large_image","twitter_misc":{"Tiempo de lectura":"3 minutos"},"schema":{"@context":"https:\/\/schema.org","@graph":[{"@type":"WebPage","@id":"https:\/\/www.masferranpals.com\/es\/entorno\/poblat-iberic-dullastret\/","url":"https:\/\/www.masferranpals.com\/es\/entorno\/poblat-iberic-dullastret\/","name":"POBLADO IB\u00c9RICO DE ULLASTRET - Mas Ferran Pals","isPartOf":{"@id":"https:\/\/www.masferranpals.com\/fr\/#website"},"datePublished":"2020-02-12T13:13:56+00:00","dateModified":"2024-01-02T22:24:28+00:00","breadcrumb":{"@id":"https:\/\/www.masferranpals.com\/es\/entorno\/poblat-iberic-dullastret\/#breadcrumb"},"inLanguage":"es","potentialAction":[{"@type":"ReadAction","target":["https:\/\/www.masferranpals.com\/es\/entorno\/poblat-iberic-dullastret\/"]}]},{"@type":"BreadcrumbList","@id":"https:\/\/www.masferranpals.com\/es\/entorno\/poblat-iberic-dullastret\/#breadcrumb","itemListElement":[{"@type":"ListItem","position":1,"name":"Home","item":"https:\/\/www.masferranpals.com\/es\/"},{"@type":"ListItem","position":2,"name":"Entorno &#8211; playas","item":"https:\/\/www.masferranpals.com\/es\/entorno\/"},{"@type":"ListItem","position":3,"name":"POBLADO IB\u00c9RICO DE ULLASTRET"}]},{"@type":"WebSite","@id":"https:\/\/www.masferranpals.com\/fr\/#website","url":"https:\/\/www.masferranpals.com\/fr\/","name":"Mas Ferran Pals","description":"Habitacions en un espai privilegiat a l\u2019Empord\u00e0.","potentialAction":[{"@type":"SearchAction","target":{"@type":"EntryPoint","urlTemplate":"https:\/\/www.masferranpals.com\/fr\/?s={search_term_string}"},"query-input":{"@type":"PropertyValueSpecification","valueRequired":true,"valueName":"search_term_string"}}],"inLanguage":"es"}]}},"_links":{"self":[{"href":"https:\/\/www.masferranpals.com\/es\/wp-json\/wp\/v2\/pages\/3464","targetHints":{"allow":["GET"]}}],"collection":[{"href":"https:\/\/www.masferranpals.com\/es\/wp-json\/wp\/v2\/pages"}],"about":[{"href":"https:\/\/www.masferranpals.com\/es\/wp-json\/wp\/v2\/types\/page"}],"author":[{"embeddable":true,"href":"https:\/\/www.masferranpals.com\/es\/wp-json\/wp\/v2\/users\/4"}],"replies":[{"embeddable":true,"href":"https:\/\/www.masferranpals.com\/es\/wp-json\/wp\/v2\/comments?post=3464"}],"version-history":[{"count":10,"href":"https:\/\/www.masferranpals.com\/es\/wp-json\/wp\/v2\/pages\/3464\/revisions"}],"predecessor-version":[{"id":9327,"href":"https:\/\/www.masferranpals.com\/es\/wp-json\/wp\/v2\/pages\/3464\/revisions\/9327"}],"up":[{"embeddable":true,"href":"https:\/\/www.masferranpals.com\/es\/wp-json\/wp\/v2\/pages\/3376"}],"wp:attachment":[{"href":"https:\/\/www.masferranpals.com\/es\/wp-json\/wp\/v2\/media?parent=3464"}],"curies":[{"name":"wp","href":"https:\/\/api.w.org\/{rel}","templated":true}]}}