{"id":3465,"date":"2020-02-12T14:13:34","date_gmt":"2020-02-12T13:13:34","guid":{"rendered":"https:\/\/www.masferranpals.com\/?page_id=3465"},"modified":"2020-05-08T21:41:43","modified_gmt":"2020-05-08T20:41:43","slug":"teatre-museu-dali","status":"publish","type":"page","link":"https:\/\/www.masferranpals.com\/es\/entorno\/teatre-museu-dali\/","title":{"rendered":"TEATRE MUSEU DAL\u00cd"},"content":{"rendered":"\n<style type=\"text\/css\" data-created_by=\"avia_inline_auto\" id=\"style-css-av-cctim-6bc23355add449a9ab9f1d61b3fc125f\">\n.flex_column.av-cctim-6bc23355add449a9ab9f1d61b3fc125f{\nborder-radius:0px 0px 0px 0px;\npadding:0px 0px 0px 0px;\n}\n<\/style>\n<div  class='flex_column av-cctim-6bc23355add449a9ab9f1d61b3fc125f av_one_full  avia-builder-el-0  el_before_av_three_fifth  avia-builder-el-first  first flex_column_div av-zero-column-padding  '     ><style type=\"text\/css\" data-created_by=\"avia_inline_auto\" id=\"style-css-av-k9ikuq1b-b737dd71fe5673409958ec8b0ba05e20\">\n#top .av-special-heading.av-k9ikuq1b-b737dd71fe5673409958ec8b0ba05e20{\npadding-bottom:5px;\n}\nbody .av-special-heading.av-k9ikuq1b-b737dd71fe5673409958ec8b0ba05e20 .av-special-heading-tag .heading-char{\nfont-size:25px;\n}\n.av-special-heading.av-k9ikuq1b-b737dd71fe5673409958ec8b0ba05e20 .av-subheading{\nfont-size:15px;\n}\n<\/style>\n<div  class='av-special-heading av-k9ikuq1b-b737dd71fe5673409958ec8b0ba05e20 av-special-heading-h1  avia-builder-el-1  avia-builder-el-no-sibling  av-linked-heading'><h1 class='av-special-heading-tag '  itemprop=\"headline\"  >TEATRO-MUSEO DAL\u00cd<\/h1><div class=\"special-heading-border\"><div class=\"special-heading-inner-border\"><\/div><\/div><\/div><\/div>\n\n<style type=\"text\/css\" data-created_by=\"avia_inline_auto\" id=\"style-css-av-1qp42-dd2f184ed8b74bf9d1baeb6ae2f44109\">\n.flex_column.av-1qp42-dd2f184ed8b74bf9d1baeb6ae2f44109{\nborder-radius:0px 0px 0px 0px;\npadding:0px 0px 0px 0px;\n}\n<\/style>\n<div  class='flex_column av-1qp42-dd2f184ed8b74bf9d1baeb6ae2f44109 av_three_fifth  avia-builder-el-2  el_after_av_one_full  el_before_av_two_fifth  first flex_column_div av-zero-column-padding  column-top-margin'     ><section  class='av_textblock_section av-asgcm-90f7fc53c1727e0ec304c8a74233f53d '   itemscope=\"itemscope\" itemtype=\"https:\/\/schema.org\/CreativeWork\" ><div class='avia_textblock'  itemprop=\"text\" ><h4>EL OBJETO SURREALISTA M\u00c1S GRANDE DEL MUNDO<\/h4>\n<p>El Teatro-Museo Dal\u00ed, inaugurado en 1974, se erige sobre los restos del antiguo Teatro Municipal de Figueres y es <strong>considerado como la \u00faltima gran obra de Salvador Dal\u00ed<\/strong>. Todo en \u00e9l fue concebido y dise\u00f1ado por el artista, con el fin de ofrecer al visitante una verdadera experiencia y sumergirlo en su mundo cautivador y \u00fanico.<\/p>\n<p>La colecci\u00f3n del Teatro-Museo Dal\u00ed permite al espectador captar la trayectoria art\u00edstica de Salvador Dal\u00ed (1904-1989) a trav\u00e9s del m\u00e1s amplio abanico de obras. El recorrido por las salas permite observar sus primeras experiencias art\u00edsticas, el surrealismo, la m\u00edstica nuclear y la pasi\u00f3n por la ciencia hasta llegar a las obras de los \u00faltimos a\u00f1os de su vida.<\/p>\n<p>La visita al museo representa una <strong>experiencia \u00fanica para poder observar, vivir y disfrutar de la obra y el pensamiento del genio<\/strong>. Tal y como explic\u00f3 el propio Dal\u00ed: \u00abEs evidente que existen otros mundos, eso seguro; pero, como ya he dicho muchas veces, esos otros mundos est\u00e1n en el nuestro, residen en la tierra y precisamente en el centro de la c\u00fapula del Museo Dal\u00ed, donde est\u00e1 todo el nuevo mundo insospechado y alucinante del surrealismo \u00ab.<\/p>\n<\/div><\/section><\/div>\n\n<style type=\"text\/css\" data-created_by=\"avia_inline_auto\" id=\"style-css-av-qj12-2f81ef96171b8e1f27e1205f17309016\">\n.flex_column.av-qj12-2f81ef96171b8e1f27e1205f17309016{\nborder-radius:0px 0px 0px 0px;\npadding:0px 0px 0px 0px;\n}\n<\/style>\n<div  class='flex_column av-qj12-2f81ef96171b8e1f27e1205f17309016 av_two_fifth  avia-builder-el-4  el_after_av_three_fifth  el_before_av_hr  flex_column_div av-zero-column-padding  column-top-margin'     ><p>\n<style type=\"text\/css\" data-created_by=\"avia_inline_auto\" id=\"style-css-av-k9yo0cjw-b3d0c8b4f2def7e083b5e3b015975824\">\n#top .hr.hr-invisible.av-k9yo0cjw-b3d0c8b4f2def7e083b5e3b015975824{\nheight:50px;\n}\n<\/style>\n<div  class='hr av-k9yo0cjw-b3d0c8b4f2def7e083b5e3b015975824 hr-invisible  avia-builder-el-5  el_before_av_image  avia-builder-el-first '><span class='hr-inner '><span class=\"hr-inner-style\"><\/span><\/span><\/div><br \/>\n\n<style type=\"text\/css\" data-created_by=\"avia_inline_auto\" id=\"style-css-av-k6j0bfin-5bc0a779d3b285b2700e71989e6a1d11\">\n.avia-image-container.av-k6j0bfin-5bc0a779d3b285b2700e71989e6a1d11 img.avia_image{\nbox-shadow:none;\n}\n.avia-image-container.av-k6j0bfin-5bc0a779d3b285b2700e71989e6a1d11 .av-image-caption-overlay-center{\ncolor:#ffffff;\n}\n<\/style>\n<div  class='avia-image-container av-k6j0bfin-5bc0a779d3b285b2700e71989e6a1d11 av-styling- avia-align-center  avia-builder-el-6  el_after_av_hr  avia-builder-el-last '   itemprop=\"image\" itemscope=\"itemscope\" itemtype=\"https:\/\/schema.org\/ImageObject\" ><div class=\"avia-image-container-inner\"><div class=\"avia-image-overlay-wrap\"><img decoding=\"async\" fetchpriority=\"high\" class='wp-image-3230 avia-img-lazy-loading-not-3230 avia_image ' src=\"https:\/\/www.masferranpals.com\/wp-content\/uploads\/2020\/02\/teatre-museu-dali-figueres-495x363.jpg\" alt='Teatre Museu Dal\u00ed Figueres' title='Teatre Museu Dal\u00ed Figueres'  height=\"363\" width=\"495\"  itemprop=\"thumbnailUrl\"  \/><\/div><\/div><\/div><\/p><\/div>\n<style type=\"text\/css\" data-created_by=\"avia_inline_auto\" id=\"style-css-av-k6j1x6dp-a515434237ab4330e0e74e4052faac37\">\n#top .hr.hr-invisible.av-k6j1x6dp-a515434237ab4330e0e74e4052faac37{\nheight:50px;\n}\n<\/style>\n<div  class='hr av-k6j1x6dp-a515434237ab4330e0e74e4052faac37 hr-invisible  avia-builder-el-7  el_after_av_two_fifth  el_before_av_one_full '><span class='hr-inner '><span class=\"hr-inner-style\"><\/span><\/span><\/div><\/p>\n\n<style type=\"text\/css\" data-created_by=\"avia_inline_auto\" id=\"style-css-av-1qp42-dd2f184ed8b74bf9d1baeb6ae2f44109\">\n.flex_column.av-1qp42-dd2f184ed8b74bf9d1baeb6ae2f44109{\nborder-radius:0px 0px 0px 0px;\npadding:0px 0px 0px 0px;\n}\n<\/style>\n<div  class='flex_column av-1qp42-dd2f184ed8b74bf9d1baeb6ae2f44109 av_one_full  avia-builder-el-8  el_after_av_hr  avia-builder-el-last  first flex_column_div av-zero-column-padding  '     ><section  class='av_textblock_section av-asgcm-90f7fc53c1727e0ec304c8a74233f53d '   itemscope=\"itemscope\" itemtype=\"https:\/\/schema.org\/CreativeWork\" ><div class='avia_textblock'  itemprop=\"text\" ><h4>OR\u00cdGENES Y CREACI\u00d3N<\/h4>\n<p>El embri\u00f3n del proyecto del Teatro-Museo surge a principios de los a\u00f1os sesenta. Ramon Guardiola, entonces alcalde de Figueres, solicita a Salvador Dal\u00ed la donaci\u00f3n de una obra para el Museo del Empord\u00e0. La respuesta de Dal\u00ed no se hace esperar, en Figueres no s\u00f3lo le regalar\u00e1 una obra, sino todo un museo:<\/p>\n<p>\u00abDonde, si no en mi ciudad, debe perdurar lo m\u00e1s extravagante y s\u00f3lido de mi obra, donde si no? El Teatro Municipal, lo que quedaba de \u00e9l, me pareci\u00f3 muy adecuado, y por tres razones: la primera, porque soy un pintor eminentemente teatral; la segunda, porque el teatro es justo delante de la iglesia donde fui bautizado; y la tercera, porque fue precisamente en la sala del vest\u00edbulo del teatro donde expuse mi primera muestra de pintura. \u00bb<\/p>\n<p>Las diferentes colecciones de la Fundaci\u00f3n Gala-Salvador Dal\u00ed incluyen todo tipo de obras de arte: pintura, dibujo, escultura, grabado, instalaci\u00f3n, holograma, estereoscopia, fotograf\u00eda, etc. De \u00e9stas, unas 1.500 se exponen en el Teatro-Museo Dal\u00ed de Figueres.<\/p>\n<p><strong>Tres espacios muse\u00edsticos bien diferenciados, proponen al visitante un recorrido libre y personal por las salas del Teatro-Museo Dal\u00ed:<\/strong><\/p>\n<p>1. El Teatro-Museo, propiamente dicho, formado por el viejo teatro municipal incendiado y convertido en Teatro-Museo a partir de los criterios y el dise\u00f1o del propio Salvador Dal\u00ed. Este conjunto de espacios forma un \u00fanico objeto art\u00edstico donde cada elemento es una parte inseparable del todo.<\/p>\n<p>2. El grupo de salas, resultado de las progresivas ampliaciones del Teatro-Museo, donde la intervenci\u00f3n personal de Dal\u00ed es testimonial o inexistente. En estas salas se exponen numerosas obras del legado del artista, las obras e instalaciones estereosc\u00f3picas, los anamorfismos, as\u00ed como las nuevas adquisiciones realizadas por la Fundaci\u00f3n.<\/p>\n<p>3. Las salas de exposici\u00f3n Dal\u00ed \u00b7 Joyas, inauguradas en 2001, donde se presentan las treinta y siete joyas de oro y piedras preciosas de la antigua colecci\u00f3n Owen Cheatham, dos joyas realizadas posteriormente, y los dise\u00f1os previos realizados por el pintor.<\/p>\n<p>El Teatro-Museo Dal\u00ed contiene un amplio abanico de obras que describen la trayectoria art\u00edstica del pintor ampurdan\u00e9s, desde sus primeras experiencias art\u00edsticas-impresionismo, futurismo, cubismo, etc &#8230;- y sus creaciones surrealistas, hasta las creaciones de los \u00faltimos a\u00f1os de su vida. Algunas de las obras m\u00e1s destacadas que se exponen son Autorretrato con l&#8217;Humanit\u00e9 (1923), Port Alguer (1924), El espectro del sex-appeal (1932), Retrato de Gala con dos costillas de cordero en equilibrio sobre su hombro (1933), Autorretrato blando con beicon frito (1941), Poes\u00eda de Am\u00e9rica-Los atletas c\u00f3smicos (1943), Galarina (1944-45), La cesta de pan (1945), Leda at\u00f3mica (1949) y Galatea de las esferas (1952), entre muchas otras.<\/p>\n<p>Tambi\u00e9n hay que destacar el conjunto de obras realizadas por el artista con la finalidad expresa de ser expuestas de forma permanente en el museo, obras que van desde pinturas y esculturas hasta complejas instalaciones monumentales. En este grupo destacan la sala Mae West, la sala Palacio del Viento, el Monumento a Francesc Pujols y el Cadillac lluvioso.<\/p>\n<p>Adem\u00e1s, en diversos espacios del Teatro-Museo, podremos contemplar obras de John de Andrea, Wolf Vostell, Meifr\u00e9n y Ernst Fuchs. Desde la muerte de Salvador Dal\u00ed, en 1989, tambi\u00e9n se puede visitar la cripta con su tumba, situada en el centro del museo; un espacio que fue remodelado en 1997 para exponer una colecci\u00f3n de joyas de oro dise\u00f1adas por el artista<\/p>\n<\/div><\/section><\/div>\n","protected":false},"excerpt":{"rendered":"","protected":false},"author":4,"featured_media":0,"parent":3376,"menu_order":0,"comment_status":"closed","ping_status":"closed","template":"","meta":{"footnotes":""},"class_list":["post-3465","page","type-page","status-publish","hentry"],"yoast_head":"<!-- This site is optimized with the Yoast SEO plugin v27.0 - https:\/\/yoast.com\/product\/yoast-seo-wordpress\/ -->\n<title>TEATRE MUSEU DAL\u00cd - Mas Ferran Pals<\/title>\n<meta name=\"robots\" content=\"index, follow, max-snippet:-1, max-image-preview:large, max-video-preview:-1\" \/>\n<link rel=\"canonical\" href=\"https:\/\/www.masferranpals.com\/es\/entorno\/teatre-museu-dali\/\" \/>\n<meta property=\"og:locale\" content=\"es_ES\" \/>\n<meta property=\"og:type\" content=\"article\" \/>\n<meta property=\"og:title\" content=\"TEATRE MUSEU DAL\u00cd - Mas Ferran Pals\" \/>\n<meta property=\"og:url\" content=\"https:\/\/www.masferranpals.com\/es\/entorno\/teatre-museu-dali\/\" \/>\n<meta property=\"og:site_name\" content=\"Mas Ferran Pals\" \/>\n<meta property=\"article:modified_time\" content=\"2020-05-08T20:41:43+00:00\" \/>\n<meta name=\"twitter:card\" content=\"summary_large_image\" \/>\n<meta name=\"twitter:label1\" content=\"Tiempo de lectura\" \/>\n\t<meta name=\"twitter:data1\" content=\"7 minutos\" \/>\n<script type=\"application\/ld+json\" class=\"yoast-schema-graph\">{\"@context\":\"https:\/\/schema.org\",\"@graph\":[{\"@type\":\"WebPage\",\"@id\":\"https:\/\/www.masferranpals.com\/es\/entorno\/teatre-museu-dali\/\",\"url\":\"https:\/\/www.masferranpals.com\/es\/entorno\/teatre-museu-dali\/\",\"name\":\"TEATRE MUSEU DAL\u00cd - Mas Ferran Pals\",\"isPartOf\":{\"@id\":\"https:\/\/www.masferranpals.com\/fr\/#website\"},\"datePublished\":\"2020-02-12T13:13:34+00:00\",\"dateModified\":\"2020-05-08T20:41:43+00:00\",\"breadcrumb\":{\"@id\":\"https:\/\/www.masferranpals.com\/es\/entorno\/teatre-museu-dali\/#breadcrumb\"},\"inLanguage\":\"es\",\"potentialAction\":[{\"@type\":\"ReadAction\",\"target\":[\"https:\/\/www.masferranpals.com\/es\/entorno\/teatre-museu-dali\/\"]}]},{\"@type\":\"BreadcrumbList\",\"@id\":\"https:\/\/www.masferranpals.com\/es\/entorno\/teatre-museu-dali\/#breadcrumb\",\"itemListElement\":[{\"@type\":\"ListItem\",\"position\":1,\"name\":\"Home\",\"item\":\"https:\/\/www.masferranpals.com\/es\/\"},{\"@type\":\"ListItem\",\"position\":2,\"name\":\"Entorno &#8211; playas\",\"item\":\"https:\/\/www.masferranpals.com\/es\/entorno\/\"},{\"@type\":\"ListItem\",\"position\":3,\"name\":\"TEATRE MUSEU DAL\u00cd\"}]},{\"@type\":\"WebSite\",\"@id\":\"https:\/\/www.masferranpals.com\/fr\/#website\",\"url\":\"https:\/\/www.masferranpals.com\/fr\/\",\"name\":\"Mas Ferran Pals\",\"description\":\"Habitacions en un espai privilegiat a l\u2019Empord\u00e0.\",\"potentialAction\":[{\"@type\":\"SearchAction\",\"target\":{\"@type\":\"EntryPoint\",\"urlTemplate\":\"https:\/\/www.masferranpals.com\/fr\/?s={search_term_string}\"},\"query-input\":{\"@type\":\"PropertyValueSpecification\",\"valueRequired\":true,\"valueName\":\"search_term_string\"}}],\"inLanguage\":\"es\"}]}<\/script>\n<!-- \/ Yoast SEO plugin. -->","yoast_head_json":{"title":"TEATRE MUSEU DAL\u00cd - Mas Ferran Pals","robots":{"index":"index","follow":"follow","max-snippet":"max-snippet:-1","max-image-preview":"max-image-preview:large","max-video-preview":"max-video-preview:-1"},"canonical":"https:\/\/www.masferranpals.com\/es\/entorno\/teatre-museu-dali\/","og_locale":"es_ES","og_type":"article","og_title":"TEATRE MUSEU DAL\u00cd - Mas Ferran Pals","og_url":"https:\/\/www.masferranpals.com\/es\/entorno\/teatre-museu-dali\/","og_site_name":"Mas Ferran Pals","article_modified_time":"2020-05-08T20:41:43+00:00","twitter_card":"summary_large_image","twitter_misc":{"Tiempo de lectura":"7 minutos"},"schema":{"@context":"https:\/\/schema.org","@graph":[{"@type":"WebPage","@id":"https:\/\/www.masferranpals.com\/es\/entorno\/teatre-museu-dali\/","url":"https:\/\/www.masferranpals.com\/es\/entorno\/teatre-museu-dali\/","name":"TEATRE MUSEU DAL\u00cd - Mas Ferran Pals","isPartOf":{"@id":"https:\/\/www.masferranpals.com\/fr\/#website"},"datePublished":"2020-02-12T13:13:34+00:00","dateModified":"2020-05-08T20:41:43+00:00","breadcrumb":{"@id":"https:\/\/www.masferranpals.com\/es\/entorno\/teatre-museu-dali\/#breadcrumb"},"inLanguage":"es","potentialAction":[{"@type":"ReadAction","target":["https:\/\/www.masferranpals.com\/es\/entorno\/teatre-museu-dali\/"]}]},{"@type":"BreadcrumbList","@id":"https:\/\/www.masferranpals.com\/es\/entorno\/teatre-museu-dali\/#breadcrumb","itemListElement":[{"@type":"ListItem","position":1,"name":"Home","item":"https:\/\/www.masferranpals.com\/es\/"},{"@type":"ListItem","position":2,"name":"Entorno &#8211; playas","item":"https:\/\/www.masferranpals.com\/es\/entorno\/"},{"@type":"ListItem","position":3,"name":"TEATRE MUSEU DAL\u00cd"}]},{"@type":"WebSite","@id":"https:\/\/www.masferranpals.com\/fr\/#website","url":"https:\/\/www.masferranpals.com\/fr\/","name":"Mas Ferran Pals","description":"Habitacions en un espai privilegiat a l\u2019Empord\u00e0.","potentialAction":[{"@type":"SearchAction","target":{"@type":"EntryPoint","urlTemplate":"https:\/\/www.masferranpals.com\/fr\/?s={search_term_string}"},"query-input":{"@type":"PropertyValueSpecification","valueRequired":true,"valueName":"search_term_string"}}],"inLanguage":"es"}]}},"_links":{"self":[{"href":"https:\/\/www.masferranpals.com\/es\/wp-json\/wp\/v2\/pages\/3465","targetHints":{"allow":["GET"]}}],"collection":[{"href":"https:\/\/www.masferranpals.com\/es\/wp-json\/wp\/v2\/pages"}],"about":[{"href":"https:\/\/www.masferranpals.com\/es\/wp-json\/wp\/v2\/types\/page"}],"author":[{"embeddable":true,"href":"https:\/\/www.masferranpals.com\/es\/wp-json\/wp\/v2\/users\/4"}],"replies":[{"embeddable":true,"href":"https:\/\/www.masferranpals.com\/es\/wp-json\/wp\/v2\/comments?post=3465"}],"version-history":[{"count":10,"href":"https:\/\/www.masferranpals.com\/es\/wp-json\/wp\/v2\/pages\/3465\/revisions"}],"predecessor-version":[{"id":7186,"href":"https:\/\/www.masferranpals.com\/es\/wp-json\/wp\/v2\/pages\/3465\/revisions\/7186"}],"up":[{"embeddable":true,"href":"https:\/\/www.masferranpals.com\/es\/wp-json\/wp\/v2\/pages\/3376"}],"wp:attachment":[{"href":"https:\/\/www.masferranpals.com\/es\/wp-json\/wp\/v2\/media?parent=3465"}],"curies":[{"name":"wp","href":"https:\/\/api.w.org\/{rel}","templated":true}]}}