{"id":3621,"date":"2020-02-12T17:14:00","date_gmt":"2020-02-12T16:14:00","guid":{"rendered":"https:\/\/www.masferranpals.com\/?page_id=3621"},"modified":"2020-05-08T22:02:12","modified_gmt":"2020-05-08T21:02:12","slug":"platja-daiguablava-begur","status":"publish","type":"page","link":"https:\/\/www.masferranpals.com\/es\/playas\/platja-daiguablava-begur\/","title":{"rendered":"PLATJA D\u2019AIGUABLAVA, Begur"},"content":{"rendered":"\n<style type=\"text\/css\" data-created_by=\"avia_inline_auto\" id=\"style-css-av-cctim-6bc23355add449a9ab9f1d61b3fc125f\">\n.flex_column.av-cctim-6bc23355add449a9ab9f1d61b3fc125f{\nborder-radius:0px 0px 0px 0px;\npadding:0px 0px 0px 0px;\n}\n<\/style>\n<div  class='flex_column av-cctim-6bc23355add449a9ab9f1d61b3fc125f av_one_full  avia-builder-el-0  el_before_av_three_fifth  avia-builder-el-first  first flex_column_div av-zero-column-padding  '     ><style type=\"text\/css\" data-created_by=\"avia_inline_auto\" id=\"style-css-av-k90lgp5l-c662590706d411d0d163cacbf0e0223d\">\n#top .av-special-heading.av-k90lgp5l-c662590706d411d0d163cacbf0e0223d{\npadding-bottom:5px;\n}\nbody .av-special-heading.av-k90lgp5l-c662590706d411d0d163cacbf0e0223d .av-special-heading-tag .heading-char{\nfont-size:25px;\n}\n.av-special-heading.av-k90lgp5l-c662590706d411d0d163cacbf0e0223d .av-subheading{\nfont-size:15px;\n}\n<\/style>\n<div  class='av-special-heading av-k90lgp5l-c662590706d411d0d163cacbf0e0223d av-special-heading-h1  avia-builder-el-1  avia-builder-el-no-sibling  av-linked-heading'><h1 class='av-special-heading-tag '  itemprop=\"headline\"  >CALA AIGUABLAVA, Begur<\/h1><div class=\"special-heading-border\"><div class=\"special-heading-inner-border\"><\/div><\/div><\/div><\/div>\n\n<style type=\"text\/css\" data-created_by=\"avia_inline_auto\" id=\"style-css-av-1qp42-dd2f184ed8b74bf9d1baeb6ae2f44109\">\n.flex_column.av-1qp42-dd2f184ed8b74bf9d1baeb6ae2f44109{\nborder-radius:0px 0px 0px 0px;\npadding:0px 0px 0px 0px;\n}\n<\/style>\n<div  class='flex_column av-1qp42-dd2f184ed8b74bf9d1baeb6ae2f44109 av_three_fifth  avia-builder-el-2  el_after_av_one_full  el_before_av_two_fifth  first flex_column_div av-zero-column-padding  column-top-margin'     ><section  class='av_textblock_section av-asgcm-90f7fc53c1727e0ec304c8a74233f53d '   itemscope=\"itemscope\" itemtype=\"https:\/\/schema.org\/CreativeWork\" ><div class='avia_textblock'  itemprop=\"text\" ><p>Cala <strong>enmarcada en un paraje de pinos y rocas<\/strong>, t\u00edpico de la Costa Brava. Formada por dorada arena fina, dispone de numerosos servicios.<\/p>\n<p>La cala de Aiguablava es un resumen de todas las virtudes de la Costa Brava y, en particular, del litoral de Begur. Aguas cristalinas, el precioso entorno natural y los servicios de que dispone hacen de ella una playa excelente. Tiene 75 metros de longitud. La pendiente de entrada al mar es poco pronunciada. Dispone de duchas, servicio de vigilancia, rampas de acceso para personas con movilidad reducida, aparcamiento, chiringuito y varios restaurantes.<\/p>\n<p>En un saliente rocoso que hay en la parte derecha de la cala se encuentra el Parador Nacional de Aiguablava. Hacia la izquierda, el litoral es una constante sucesi\u00f3n de acantilados y peque\u00f1as calas, como Puerto de Esclany\u00e0, punta des Pi, playa de En Malaret, puerto de Ses Orats y la cabeza Rub\u00ed, detr\u00e1s del cual se encuentra la playa Fonda.<\/p>\n<\/div><\/section><\/div>\n\n<style type=\"text\/css\" data-created_by=\"avia_inline_auto\" id=\"style-css-av-qj12-2f81ef96171b8e1f27e1205f17309016\">\n.flex_column.av-qj12-2f81ef96171b8e1f27e1205f17309016{\nborder-radius:0px 0px 0px 0px;\npadding:0px 0px 0px 0px;\n}\n<\/style>\n<div  class='flex_column av-qj12-2f81ef96171b8e1f27e1205f17309016 av_two_fifth  avia-builder-el-4  el_after_av_three_fifth  avia-builder-el-last  flex_column_div av-zero-column-padding  column-top-margin'     ><p>\n<style type=\"text\/css\" data-created_by=\"avia_inline_auto\" id=\"style-css-av-k9yoqnzr-af3aeab8751ef3380c1e8c7afbd551c2\">\n#top .hr.hr-invisible.av-k9yoqnzr-af3aeab8751ef3380c1e8c7afbd551c2{\nheight:20px;\n}\n<\/style>\n<div  class='hr av-k9yoqnzr-af3aeab8751ef3380c1e8c7afbd551c2 hr-invisible  avia-builder-el-5  el_before_av_image  avia-builder-el-first '><span class='hr-inner '><span class=\"hr-inner-style\"><\/span><\/span><\/div><br \/>\n\n<style type=\"text\/css\" data-created_by=\"avia_inline_auto\" id=\"style-css-av-k90l5z2l-8e31d4728ffb4a9a642f62077b5ce01c\">\n.avia-image-container.av-k90l5z2l-8e31d4728ffb4a9a642f62077b5ce01c img.avia_image{\nbox-shadow:none;\n}\n.avia-image-container.av-k90l5z2l-8e31d4728ffb4a9a642f62077b5ce01c .av-image-caption-overlay-center{\ncolor:#ffffff;\n}\n<\/style>\n<div  class='avia-image-container av-k90l5z2l-8e31d4728ffb4a9a642f62077b5ce01c av-styling- avia-align-center  avia-builder-el-6  el_after_av_hr  avia-builder-el-last '   itemprop=\"image\" itemscope=\"itemscope\" itemtype=\"https:\/\/schema.org\/ImageObject\" ><div class=\"avia-image-container-inner\"><div class=\"avia-image-overlay-wrap\"><img decoding=\"async\" fetchpriority=\"high\" class='wp-image-4819 avia-img-lazy-loading-not-4819 avia_image ' src=\"https:\/\/www.masferranpals.com\/wp-content\/uploads\/2020\/04\/Cala-Aiguablava-495x375.jpg\" alt='Cala Aiguablava' title='Cala Aiguablava'  height=\"375\" width=\"495\"  itemprop=\"thumbnailUrl\"  \/><\/div><\/div><\/div><\/p><\/div>\n","protected":false},"excerpt":{"rendered":"","protected":false},"author":4,"featured_media":0,"parent":3502,"menu_order":0,"comment_status":"closed","ping_status":"closed","template":"","meta":{"footnotes":""},"class_list":["post-3621","page","type-page","status-publish","hentry"],"yoast_head":"<!-- This site is optimized with the Yoast SEO plugin v27.0 - https:\/\/yoast.com\/product\/yoast-seo-wordpress\/ -->\n<title>PLATJA D\u2019AIGUABLAVA, Begur - Mas Ferran Pals<\/title>\n<meta name=\"robots\" content=\"index, follow, max-snippet:-1, max-image-preview:large, max-video-preview:-1\" \/>\n<link rel=\"canonical\" href=\"https:\/\/www.masferranpals.com\/es\/playas\/platja-daiguablava-begur\/\" \/>\n<meta property=\"og:locale\" content=\"es_ES\" \/>\n<meta property=\"og:type\" content=\"article\" \/>\n<meta property=\"og:title\" content=\"PLATJA D\u2019AIGUABLAVA, Begur - Mas Ferran Pals\" \/>\n<meta property=\"og:url\" content=\"https:\/\/www.masferranpals.com\/es\/playas\/platja-daiguablava-begur\/\" \/>\n<meta property=\"og:site_name\" content=\"Mas Ferran Pals\" \/>\n<meta property=\"article:modified_time\" content=\"2020-05-08T21:02:12+00:00\" \/>\n<meta name=\"twitter:card\" content=\"summary_large_image\" \/>\n<meta name=\"twitter:label1\" content=\"Tiempo de lectura\" \/>\n\t<meta name=\"twitter:data1\" content=\"3 minutos\" \/>\n<script type=\"application\/ld+json\" class=\"yoast-schema-graph\">{\"@context\":\"https:\/\/schema.org\",\"@graph\":[{\"@type\":\"WebPage\",\"@id\":\"https:\/\/www.masferranpals.com\/es\/playas\/platja-daiguablava-begur\/\",\"url\":\"https:\/\/www.masferranpals.com\/es\/playas\/platja-daiguablava-begur\/\",\"name\":\"PLATJA D\u2019AIGUABLAVA, Begur - Mas Ferran Pals\",\"isPartOf\":{\"@id\":\"https:\/\/www.masferranpals.com\/fr\/#website\"},\"datePublished\":\"2020-02-12T16:14:00+00:00\",\"dateModified\":\"2020-05-08T21:02:12+00:00\",\"breadcrumb\":{\"@id\":\"https:\/\/www.masferranpals.com\/es\/playas\/platja-daiguablava-begur\/#breadcrumb\"},\"inLanguage\":\"es\",\"potentialAction\":[{\"@type\":\"ReadAction\",\"target\":[\"https:\/\/www.masferranpals.com\/es\/playas\/platja-daiguablava-begur\/\"]}]},{\"@type\":\"BreadcrumbList\",\"@id\":\"https:\/\/www.masferranpals.com\/es\/playas\/platja-daiguablava-begur\/#breadcrumb\",\"itemListElement\":[{\"@type\":\"ListItem\",\"position\":1,\"name\":\"Home\",\"item\":\"https:\/\/www.masferranpals.com\/es\/\"},{\"@type\":\"ListItem\",\"position\":2,\"name\":\"Playas\",\"item\":\"https:\/\/www.masferranpals.com\/es\/playas\/\"},{\"@type\":\"ListItem\",\"position\":3,\"name\":\"PLATJA D\u2019AIGUABLAVA, Begur\"}]},{\"@type\":\"WebSite\",\"@id\":\"https:\/\/www.masferranpals.com\/fr\/#website\",\"url\":\"https:\/\/www.masferranpals.com\/fr\/\",\"name\":\"Mas Ferran Pals\",\"description\":\"Habitacions en un espai privilegiat a l\u2019Empord\u00e0.\",\"potentialAction\":[{\"@type\":\"SearchAction\",\"target\":{\"@type\":\"EntryPoint\",\"urlTemplate\":\"https:\/\/www.masferranpals.com\/fr\/?s={search_term_string}\"},\"query-input\":{\"@type\":\"PropertyValueSpecification\",\"valueRequired\":true,\"valueName\":\"search_term_string\"}}],\"inLanguage\":\"es\"}]}<\/script>\n<!-- \/ Yoast SEO plugin. -->","yoast_head_json":{"title":"PLATJA D\u2019AIGUABLAVA, Begur - Mas Ferran Pals","robots":{"index":"index","follow":"follow","max-snippet":"max-snippet:-1","max-image-preview":"max-image-preview:large","max-video-preview":"max-video-preview:-1"},"canonical":"https:\/\/www.masferranpals.com\/es\/playas\/platja-daiguablava-begur\/","og_locale":"es_ES","og_type":"article","og_title":"PLATJA D\u2019AIGUABLAVA, Begur - Mas Ferran Pals","og_url":"https:\/\/www.masferranpals.com\/es\/playas\/platja-daiguablava-begur\/","og_site_name":"Mas Ferran Pals","article_modified_time":"2020-05-08T21:02:12+00:00","twitter_card":"summary_large_image","twitter_misc":{"Tiempo de lectura":"3 minutos"},"schema":{"@context":"https:\/\/schema.org","@graph":[{"@type":"WebPage","@id":"https:\/\/www.masferranpals.com\/es\/playas\/platja-daiguablava-begur\/","url":"https:\/\/www.masferranpals.com\/es\/playas\/platja-daiguablava-begur\/","name":"PLATJA D\u2019AIGUABLAVA, Begur - Mas Ferran Pals","isPartOf":{"@id":"https:\/\/www.masferranpals.com\/fr\/#website"},"datePublished":"2020-02-12T16:14:00+00:00","dateModified":"2020-05-08T21:02:12+00:00","breadcrumb":{"@id":"https:\/\/www.masferranpals.com\/es\/playas\/platja-daiguablava-begur\/#breadcrumb"},"inLanguage":"es","potentialAction":[{"@type":"ReadAction","target":["https:\/\/www.masferranpals.com\/es\/playas\/platja-daiguablava-begur\/"]}]},{"@type":"BreadcrumbList","@id":"https:\/\/www.masferranpals.com\/es\/playas\/platja-daiguablava-begur\/#breadcrumb","itemListElement":[{"@type":"ListItem","position":1,"name":"Home","item":"https:\/\/www.masferranpals.com\/es\/"},{"@type":"ListItem","position":2,"name":"Playas","item":"https:\/\/www.masferranpals.com\/es\/playas\/"},{"@type":"ListItem","position":3,"name":"PLATJA D\u2019AIGUABLAVA, Begur"}]},{"@type":"WebSite","@id":"https:\/\/www.masferranpals.com\/fr\/#website","url":"https:\/\/www.masferranpals.com\/fr\/","name":"Mas Ferran Pals","description":"Habitacions en un espai privilegiat a l\u2019Empord\u00e0.","potentialAction":[{"@type":"SearchAction","target":{"@type":"EntryPoint","urlTemplate":"https:\/\/www.masferranpals.com\/fr\/?s={search_term_string}"},"query-input":{"@type":"PropertyValueSpecification","valueRequired":true,"valueName":"search_term_string"}}],"inLanguage":"es"}]}},"_links":{"self":[{"href":"https:\/\/www.masferranpals.com\/es\/wp-json\/wp\/v2\/pages\/3621","targetHints":{"allow":["GET"]}}],"collection":[{"href":"https:\/\/www.masferranpals.com\/es\/wp-json\/wp\/v2\/pages"}],"about":[{"href":"https:\/\/www.masferranpals.com\/es\/wp-json\/wp\/v2\/types\/page"}],"author":[{"embeddable":true,"href":"https:\/\/www.masferranpals.com\/es\/wp-json\/wp\/v2\/users\/4"}],"replies":[{"embeddable":true,"href":"https:\/\/www.masferranpals.com\/es\/wp-json\/wp\/v2\/comments?post=3621"}],"version-history":[{"count":10,"href":"https:\/\/www.masferranpals.com\/es\/wp-json\/wp\/v2\/pages\/3621\/revisions"}],"predecessor-version":[{"id":7214,"href":"https:\/\/www.masferranpals.com\/es\/wp-json\/wp\/v2\/pages\/3621\/revisions\/7214"}],"up":[{"embeddable":true,"href":"https:\/\/www.masferranpals.com\/es\/wp-json\/wp\/v2\/pages\/3502"}],"wp:attachment":[{"href":"https:\/\/www.masferranpals.com\/es\/wp-json\/wp\/v2\/media?parent=3621"}],"curies":[{"name":"wp","href":"https:\/\/api.w.org\/{rel}","templated":true}]}}