{"id":9805,"date":"2025-08-26T10:42:01","date_gmt":"2025-08-26T09:42:01","guid":{"rendered":"https:\/\/www.masferranpals.com\/?page_id=9805"},"modified":"2025-08-26T10:42:01","modified_gmt":"2025-08-26T09:42:01","slug":"accesibilidad","status":"publish","type":"page","link":"https:\/\/www.masferranpals.com\/es\/accesibilidad\/","title":{"rendered":"Accesibilidad"},"content":{"rendered":"<section  class='av_textblock_section av-mejsywy9-35c4dbf8d9d9a67ec46cb5d32998a700 '   itemscope=\"itemscope\" itemtype=\"https:\/\/schema.org\/CreativeWork\" ><div class='avia_textblock'  itemprop=\"text\" >\r\n\r\n<h1>Desclaraci\u00f3n de accesibilidad<\/h1><p>Ferran Gil-Vernet Mart\u00ed-Granell\u00a0se compromete en hacer accesible su sitio web de conformidad con el\u00a0 <a href='https:\/\/www.boe.es\/eli\/es\/rd\/2018\/09\/07\/1112'>Real Decreto 1112\/2018<\/a>, de 7 de septiembre, sobre accesibilidad de los sitios web y aplicaciones para dispositivos m\u00f3viles del sector p\u00fablico.<\/p>\r\n<p>La presente declaraci\u00f3n de accesibilidad se aplica al presente sitio web.<\/p>\r\n<h2>Situaci\u00f3n de cumplimiento<\/h2>\r\n<p>Este sitio web es plenamente conforme con el RD 1112\/2018.<\/p>\r\n<h2>Contenido no accesible<\/h2>\r\n<p>El contenido que se recoge a continuaci\u00f3n no es accesible por lo siguiente:<\/p>\r\n<p><strong>Falta de conformidad con el RD 1112\/2018<\/strong><\/p>\r\n<p>Se puede encontrar a\u00fan anidamientos incorrectos de etiquetas.<\/p>\r\n<p>Podr\u00edan existir fallos puntuales de edici\u00f3n en la p\u00e1gina web.<\/p>\r\n<p><strong>Carga desproporcionada<\/strong><\/p>\r\n<p>No aplica.<\/p>\r\n<h2>Preparaci\u00f3n de la presente declaraci\u00f3n de accesibilidad<\/h2>\r\n<p>La presente declaraci\u00f3n fue preparada el 05 de Mayo de 2023.<\/p>\r\n<p>El m\u00e9todo empleado para preparar la declaraci\u00f3n ha sido una autoevaluaci\u00f3n llevada a cabo por la propia empresa.<\/p>\r\n<h2>Observaciones y datos de contacto<\/h2>\r\n<p>Puede realizar comunicaciones sobre requisitos de accesibilidad (art\u00edculo 10.2.a) del RD 1112\/2018) como por ejemplo:<\/p>\r\n<p>\u00a0<\/p>\r\n<ul>\r\n<li>Informar sobre cualquier posible incumplimiento por parte de este sitio web.<\/li>\r\n<li>Transmitir otras dificultades de acceso al contenido.<\/li>\r\n<li>Formular cualquier otra consulta o sugerencia de mejora relativa a la accesibilidad del sitio web.<\/li>\r\n<\/ul>\r\n<p>A trav\u00e9s de nuestro formulario de contacto, por tel\u00e9fono o de manera presencial en nuestra sede.<\/p>\r\n<p>Las comunicaciones, quejas y solicitudes de informaci\u00f3n accesible ser\u00e1n recibidas y tratadas por nuestro equipo.<\/p>\n<\/div><\/section>\n","protected":false},"excerpt":{"rendered":"","protected":false},"author":4,"featured_media":0,"parent":0,"menu_order":0,"comment_status":"closed","ping_status":"closed","template":"","meta":{"footnotes":""},"class_list":["post-9805","page","type-page","status-publish","hentry"],"yoast_head":"<!-- This site is optimized with the Yoast SEO plugin v27.0 - https:\/\/yoast.com\/product\/yoast-seo-wordpress\/ -->\n<title>Accesibilidad - Mas Ferran Pals<\/title>\n<meta name=\"robots\" content=\"index, follow, max-snippet:-1, max-image-preview:large, max-video-preview:-1\" \/>\n<link rel=\"canonical\" href=\"https:\/\/www.masferranpals.com\/es\/accesibilidad\/\" \/>\n<meta property=\"og:locale\" content=\"es_ES\" \/>\n<meta property=\"og:type\" content=\"article\" \/>\n<meta property=\"og:title\" content=\"Accesibilidad - Mas Ferran Pals\" \/>\n<meta property=\"og:url\" content=\"https:\/\/www.masferranpals.com\/es\/accesibilidad\/\" \/>\n<meta property=\"og:site_name\" content=\"Mas Ferran Pals\" \/>\n<meta name=\"twitter:card\" content=\"summary_large_image\" \/>\n<meta name=\"twitter:label1\" content=\"Tiempo de lectura\" \/>\n\t<meta name=\"twitter:data1\" content=\"2 minutos\" \/>\n<script type=\"application\/ld+json\" class=\"yoast-schema-graph\">{\"@context\":\"https:\/\/schema.org\",\"@graph\":[{\"@type\":\"WebPage\",\"@id\":\"https:\/\/www.masferranpals.com\/es\/accesibilidad\/\",\"url\":\"https:\/\/www.masferranpals.com\/es\/accesibilidad\/\",\"name\":\"Accesibilidad - Mas Ferran Pals\",\"isPartOf\":{\"@id\":\"https:\/\/www.masferranpals.com\/fr\/#website\"},\"datePublished\":\"2025-08-26T09:42:01+00:00\",\"breadcrumb\":{\"@id\":\"https:\/\/www.masferranpals.com\/es\/accesibilidad\/#breadcrumb\"},\"inLanguage\":\"es\",\"potentialAction\":[{\"@type\":\"ReadAction\",\"target\":[\"https:\/\/www.masferranpals.com\/es\/accesibilidad\/\"]}]},{\"@type\":\"BreadcrumbList\",\"@id\":\"https:\/\/www.masferranpals.com\/es\/accesibilidad\/#breadcrumb\",\"itemListElement\":[{\"@type\":\"ListItem\",\"position\":1,\"name\":\"Home\",\"item\":\"https:\/\/www.masferranpals.com\/es\/\"},{\"@type\":\"ListItem\",\"position\":2,\"name\":\"Accesibilidad\"}]},{\"@type\":\"WebSite\",\"@id\":\"https:\/\/www.masferranpals.com\/fr\/#website\",\"url\":\"https:\/\/www.masferranpals.com\/fr\/\",\"name\":\"Mas Ferran Pals\",\"description\":\"Habitacions en un espai privilegiat a l\u2019Empord\u00e0.\",\"potentialAction\":[{\"@type\":\"SearchAction\",\"target\":{\"@type\":\"EntryPoint\",\"urlTemplate\":\"https:\/\/www.masferranpals.com\/fr\/?s={search_term_string}\"},\"query-input\":{\"@type\":\"PropertyValueSpecification\",\"valueRequired\":true,\"valueName\":\"search_term_string\"}}],\"inLanguage\":\"es\"}]}<\/script>\n<!-- \/ Yoast SEO plugin. -->","yoast_head_json":{"title":"Accesibilidad - Mas Ferran Pals","robots":{"index":"index","follow":"follow","max-snippet":"max-snippet:-1","max-image-preview":"max-image-preview:large","max-video-preview":"max-video-preview:-1"},"canonical":"https:\/\/www.masferranpals.com\/es\/accesibilidad\/","og_locale":"es_ES","og_type":"article","og_title":"Accesibilidad - Mas Ferran Pals","og_url":"https:\/\/www.masferranpals.com\/es\/accesibilidad\/","og_site_name":"Mas Ferran Pals","twitter_card":"summary_large_image","twitter_misc":{"Tiempo de lectura":"2 minutos"},"schema":{"@context":"https:\/\/schema.org","@graph":[{"@type":"WebPage","@id":"https:\/\/www.masferranpals.com\/es\/accesibilidad\/","url":"https:\/\/www.masferranpals.com\/es\/accesibilidad\/","name":"Accesibilidad - Mas Ferran Pals","isPartOf":{"@id":"https:\/\/www.masferranpals.com\/fr\/#website"},"datePublished":"2025-08-26T09:42:01+00:00","breadcrumb":{"@id":"https:\/\/www.masferranpals.com\/es\/accesibilidad\/#breadcrumb"},"inLanguage":"es","potentialAction":[{"@type":"ReadAction","target":["https:\/\/www.masferranpals.com\/es\/accesibilidad\/"]}]},{"@type":"BreadcrumbList","@id":"https:\/\/www.masferranpals.com\/es\/accesibilidad\/#breadcrumb","itemListElement":[{"@type":"ListItem","position":1,"name":"Home","item":"https:\/\/www.masferranpals.com\/es\/"},{"@type":"ListItem","position":2,"name":"Accesibilidad"}]},{"@type":"WebSite","@id":"https:\/\/www.masferranpals.com\/fr\/#website","url":"https:\/\/www.masferranpals.com\/fr\/","name":"Mas Ferran Pals","description":"Habitacions en un espai privilegiat a l\u2019Empord\u00e0.","potentialAction":[{"@type":"SearchAction","target":{"@type":"EntryPoint","urlTemplate":"https:\/\/www.masferranpals.com\/fr\/?s={search_term_string}"},"query-input":{"@type":"PropertyValueSpecification","valueRequired":true,"valueName":"search_term_string"}}],"inLanguage":"es"}]}},"_links":{"self":[{"href":"https:\/\/www.masferranpals.com\/es\/wp-json\/wp\/v2\/pages\/9805","targetHints":{"allow":["GET"]}}],"collection":[{"href":"https:\/\/www.masferranpals.com\/es\/wp-json\/wp\/v2\/pages"}],"about":[{"href":"https:\/\/www.masferranpals.com\/es\/wp-json\/wp\/v2\/types\/page"}],"author":[{"embeddable":true,"href":"https:\/\/www.masferranpals.com\/es\/wp-json\/wp\/v2\/users\/4"}],"replies":[{"embeddable":true,"href":"https:\/\/www.masferranpals.com\/es\/wp-json\/wp\/v2\/comments?post=9805"}],"version-history":[{"count":2,"href":"https:\/\/www.masferranpals.com\/es\/wp-json\/wp\/v2\/pages\/9805\/revisions"}],"predecessor-version":[{"id":9812,"href":"https:\/\/www.masferranpals.com\/es\/wp-json\/wp\/v2\/pages\/9805\/revisions\/9812"}],"wp:attachment":[{"href":"https:\/\/www.masferranpals.com\/es\/wp-json\/wp\/v2\/media?parent=9805"}],"curies":[{"name":"wp","href":"https:\/\/api.w.org\/{rel}","templated":true}]}}