{"id":1319,"date":"2018-06-07T08:31:29","date_gmt":"2018-06-07T07:31:29","guid":{"rendered":"https:\/\/www.masferranpals.com\/?page_id=1319"},"modified":"2023-08-30T12:21:51","modified_gmt":"2023-08-30T11:21:51","slug":"services","status":"publish","type":"page","link":"https:\/\/www.masferranpals.com\/fr\/services\/","title":{"rendered":"Prestations de service"},"content":{"rendered":"\n<style type=\"text\/css\" data-created_by=\"avia_inline_auto\" id=\"style-css-av-av_heading-199e812df491070fb3d46bdd59ca1a92\">\n#top .av-special-heading.av-av_heading-199e812df491070fb3d46bdd59ca1a92{\npadding-bottom:0;\n}\nbody .av-special-heading.av-av_heading-199e812df491070fb3d46bdd59ca1a92 .av-special-heading-tag .heading-char{\nfont-size:25px;\n}\n.av-special-heading.av-av_heading-199e812df491070fb3d46bdd59ca1a92 .av-subheading{\nfont-size:15px;\n}\n<\/style>\n<div  class='av-special-heading av-av_heading-199e812df491070fb3d46bdd59ca1a92 av-special-heading-h1  avia-builder-el-0  el_before_av_three_fourth  avia-builder-el-first '><h1 class='av-special-heading-tag '  itemprop=\"headline\"  >Serveis<\/h1><div class=\"special-heading-border\"><div class=\"special-heading-inner-border\"><\/div><\/div><\/div>\n\n<style type=\"text\/css\" data-created_by=\"avia_inline_auto\" id=\"style-css-av-3sdys-271d1442c1b00c9c80ad24b4538e129b\">\n.flex_column.av-3sdys-271d1442c1b00c9c80ad24b4538e129b{\nborder-radius:0px 0px 0px 0px;\npadding:0px 0px 0px 0px;\n}\n<\/style>\n<div  class='flex_column av-3sdys-271d1442c1b00c9c80ad24b4538e129b av_three_fourth  avia-builder-el-1  el_after_av_heading  el_before_av_one_fourth  first flex_column_div av-zero-column-padding  '     ><p>\n<style type=\"text\/css\" data-created_by=\"avia_inline_auto\" id=\"style-css-av-k9wwu9z4-c6c854270cb6fc4c9270ffdea34dc42a\">\n#top .hr.hr-invisible.av-k9wwu9z4-c6c854270cb6fc4c9270ffdea34dc42a{\nheight:35px;\n}\n<\/style>\n<div  class='hr av-k9wwu9z4-c6c854270cb6fc4c9270ffdea34dc42a hr-invisible  avia-builder-el-2  el_before_av_textblock  avia-builder-el-first '><span class='hr-inner '><span class=\"hr-inner-style\"><\/span><\/span><\/div><br \/>\n<section  class='av_textblock_section av-32l6o-ceea480132abaff8bfd92ff5aa0aa735 '   itemscope=\"itemscope\" itemtype=\"https:\/\/schema.org\/CreativeWork\" ><div class='avia_textblock'  itemprop=\"text\" ><ul>\n<li style=\"text-align: justify;\"><strong>Petit d\u00e9jeuner<\/strong> inclus dans le prix, avec produits locaux, charcuterie, fruits de saison, jus de fruits naturels, viennoiseries et pain frais, confitures, biscuits, c\u00e9r\u00e9ales&#8230;<\/li>\n<li>Nous avons <strong>un service de restauration externe<\/strong> pour le d\u00e9jeuner et \/ ou le d\u00eener.<\/li>\n<li><strong>Chemin\u00e9e<\/strong> dans le salon.<\/li>\n<li><strong>T\u00e9l\u00e9vision<\/strong> avec cha\u00eenes internationales et plateformes de paiement.<\/li>\n<li>Service <strong>lave-linge et s\u00e8che-linge<\/strong> , 3 \u20ac.<\/li>\n<li>Chambres non fumeur.<\/li>\n<li><strong>Wi-Fi gratuit<\/strong> dans toute la maison.<\/li>\n<li>Service de chambre quotidien.<\/li>\n<li>Enfants \u00e0 partir de 18 ans (\u00e9tablissement Adults Only).<\/li>\n<li>Les animaux de compagnie ne sont pas autorises.<\/li>\n<li>Service <strong>de th\u00e9rapie et de massage<\/strong> (r\u00e9servation pr\u00e9alable).<\/li>\n<li><strong>Depuis l&rsquo;\u00e9tablissement, nous proposons la location de v\u00e9los, la location de GPS avec itin\u00e9raires balis\u00e9s, un service de guide et des itin\u00e9raires personnalis\u00e9s<\/strong> (<em><em>voir la section V\u00c9LO<\/em><\/em>).<\/li>\n<\/ul>\n<p>Nous avons <strong>un parking gratuit<\/strong> juste en face de la maison.<\/p>\n<p style=\"text-align: justify;\">Nos <strong>chambres<\/strong> disposent d\u2019une salle de bain priv\u00e9e avec douche, articles de toilette et s\u00e8che-cheveux, lit <em>King Size<\/em>, TV, adaptateurs avec connexion pour iPod, iPhone et Mp3, haut-parleurs <em>bluetooth<\/em>, climatisation \u00e0 r\u00e9glage individuel.<\/p>\n<p style=\"text-align: justify;\">Les autres pi\u00e8ces, cuisine, salon, salle \u00e0 manger, jardin, sont partag\u00e9es avec les autres locataires, s&rsquo;il y en a.<\/p>\n<p>Nous parlons catalan, espagnol, anglais, fran\u00e7ais et italien.<\/p>\n<\/div><\/section><br \/>\n\n<style type=\"text\/css\" data-created_by=\"avia_inline_auto\" id=\"style-css-av-k9wwpt1h-d1cedbd7e06d78508a04e0f72fb1707b\">\n#top .hr.hr-invisible.av-k9wwpt1h-d1cedbd7e06d78508a04e0f72fb1707b{\nheight:20px;\n}\n<\/style>\n<div  class='hr av-k9wwpt1h-d1cedbd7e06d78508a04e0f72fb1707b hr-invisible  avia-builder-el-4  el_after_av_textblock  el_before_av_hr '><span class='hr-inner '><span class=\"hr-inner-style\"><\/span><\/span><\/div><br \/>\n<div  class='hr av-k9wwpt1h-80c45db93fab7c8e94e933f9753d1e0b hr-short  avia-builder-el-5  el_after_av_hr  el_before_av_textblock  hr-center'><span class='hr-inner '><span class=\"hr-inner-style\"><\/span><\/span><\/div><br \/>\n\n<style type=\"text\/css\" data-created_by=\"avia_inline_auto\" id=\"style-css-av-1xvwo-966f5f0ea83ba26c96af98658c131eaa\">\n#top .av_textblock_section.av-1xvwo-966f5f0ea83ba26c96af98658c131eaa .avia_textblock{\nfont-size:21px;\n}\n<\/style>\n<section  class='av_textblock_section av-1xvwo-966f5f0ea83ba26c96af98658c131eaa '   itemscope=\"itemscope\" itemtype=\"https:\/\/schema.org\/CreativeWork\" ><div class='avia_textblock'  itemprop=\"text\" ><blockquote>\n<p style=\"text-align: justify;\"><em>Petite <strong>biblioth\u00e8que authentique<\/strong> avec des livres ayant appartenu au grand-p\u00e8re maternel de l\u2019actuel propri\u00e9taire de Masferran, qui contient un <strong>ex-libris magnifique et original<\/strong> avec ses initiales. Cet insigne donne \u00e0 chaque sp\u00e9cimen une valeur sp\u00e9ciale et unique.<\/em><\/p>\n<\/blockquote>\n<\/div><\/section><\/p><\/div>\n\n<style type=\"text\/css\" data-created_by=\"avia_inline_auto\" id=\"style-css-av-1o6lo-5bd4d464c0c5becc8a136d4ff4f914de\">\n.flex_column.av-1o6lo-5bd4d464c0c5becc8a136d4ff4f914de{\nborder-radius:0px 0px 0px 0px;\npadding:0px 0px 0px 0px;\n}\n<\/style>\n<div  class='flex_column av-1o6lo-5bd4d464c0c5becc8a136d4ff4f914de av_one_fourth  avia-builder-el-7  el_after_av_three_fourth  avia-builder-el-last  flex_column_div av-zero-column-padding  '     ><style type=\"text\/css\" data-created_by=\"avia_inline_auto\" id=\"style-css-av-2uv8-fa46176103728be3150cc8a7713d4ee2\">\n#top .avia-gallery.av-2uv8-fa46176103728be3150cc8a7713d4ee2 .avia-gallery-thumb a{\nwidth:100%;\n}\n<\/style>\n<div  class='avia-gallery av-2uv8-fa46176103728be3150cc8a7713d4ee2 avia_animate_when_visible  avia-builder-el-8  avia-builder-el-no-sibling  deactivate_avia_lazyload avia-gallery-animate avia-gallery-1'  itemprop=\"image\" itemscope=\"itemscope\" itemtype=\"https:\/\/schema.org\/ImageObject\" ><meta itemprop=\"contentURL\" content=\"https:\/\/www.masferranpals.com\/fr\/services\/\"><div class='avia-gallery-thumb'><a href=\"https:\/\/www.masferranpals.com\/wp-content\/uploads\/2018\/05\/85643711-e1526315921763.jpg\" data-rel='gallery-1' data-prev-img='https:\/\/www.masferranpals.com\/wp-content\/uploads\/2018\/05\/85643711-e1526315921763.jpg' class='first_thumb lightbox ' data-onclick='1' title='Mas Ferran Pals'  itemprop=\"thumbnailUrl\"  ><img decoding=\"async\" fetchpriority=\"high\" class=\"wp-image-5235 avia-img-lazy-loading-not-5235\"  data-avia-tooltip='Mas Ferran Pals' src=\"https:\/\/www.masferranpals.com\/wp-content\/uploads\/2018\/05\/85643711-e1526315921763.jpg\" width=\"200\" height=\"132\"  title='Mas Ferran Pals' alt='' \/><div class='big-prev-fake'><img decoding=\"async\" loading=\"lazy\" class=\"wp-image-5235 avia-img-lazy-loading-5235\"  width=\"200\" height=\"132\" src=\"https:\/\/www.masferranpals.com\/wp-content\/uploads\/2018\/05\/85643711-e1526315921763.jpg\" title='Mas Ferran Pals' alt='' \/><\/div><\/a><a href=\"https:\/\/www.masferranpals.com\/wp-content\/uploads\/2018\/03\/01-esmorza.jpg\" data-srcset=\"https:\/\/www.masferranpals.com\/wp-content\/uploads\/2018\/03\/01-esmorza.jpg 750w, https:\/\/www.masferranpals.com\/wp-content\/uploads\/2018\/03\/01-esmorza-300x224.jpg 300w, https:\/\/www.masferranpals.com\/wp-content\/uploads\/2018\/03\/01-esmorza-705x527.jpg 705w, https:\/\/www.masferranpals.com\/wp-content\/uploads\/2018\/03\/01-esmorza-450x337.jpg 450w\" data-sizes=\"(max-width: 750px) 100vw, 750px\" data-rel='gallery-1' data-prev-img='https:\/\/www.masferranpals.com\/wp-content\/uploads\/2018\/03\/01-esmorza-495x400.jpg' class='first_thumb lightbox ' data-onclick='2' title='Mas Ferran Pals'  itemprop=\"thumbnailUrl\"  ><img decoding=\"async\" fetchpriority=\"high\" class=\"wp-image-6472 avia-img-lazy-loading-not-6472\"  data-avia-tooltip='Mas Ferran Pals' src=\"https:\/\/www.masferranpals.com\/wp-content\/uploads\/2018\/03\/01-esmorza-260x185.jpg\" width=\"260\" height=\"185\"  title='Mas Ferran Pals' alt='' \/><div class='big-prev-fake'><img decoding=\"async\" loading=\"lazy\" class=\"wp-image-6472 avia-img-lazy-loading-6472\"  width=\"495\" height=\"400\" src=\"https:\/\/www.masferranpals.com\/wp-content\/uploads\/2018\/03\/01-esmorza-495x400.jpg\" title='Mas Ferran Pals' alt='' \/><\/div><\/a><a href=\"https:\/\/www.masferranpals.com\/wp-content\/uploads\/2018\/05\/2-1030x687.jpg\" data-srcset=\"https:\/\/www.masferranpals.com\/wp-content\/uploads\/2018\/05\/2-1030x687.jpg 1030w, https:\/\/www.masferranpals.com\/wp-content\/uploads\/2018\/05\/2-300x200.jpg 300w, https:\/\/www.masferranpals.com\/wp-content\/uploads\/2018\/05\/2-768x512.jpg 768w, https:\/\/www.masferranpals.com\/wp-content\/uploads\/2018\/05\/2-705x470.jpg 705w, https:\/\/www.masferranpals.com\/wp-content\/uploads\/2018\/05\/2-450x300.jpg 450w, https:\/\/www.masferranpals.com\/wp-content\/uploads\/2018\/05\/2.jpg 1200w\" data-sizes=\"(max-width: 1030px) 100vw, 1030px\" data-rel='gallery-1' data-prev-img='https:\/\/www.masferranpals.com\/wp-content\/uploads\/2018\/05\/2-495x400.jpg' class='first_thumb lightbox ' data-onclick='3' title='Mas Ferran Pals'  itemprop=\"thumbnailUrl\"  ><img decoding=\"async\" fetchpriority=\"high\" class=\"wp-image-4100 avia-img-lazy-loading-not-4100\"  data-avia-tooltip='Mas Ferran Pals' src=\"https:\/\/www.masferranpals.com\/wp-content\/uploads\/2018\/05\/2-260x185.jpg\" width=\"260\" height=\"185\"  title='C\u00e0tering' alt='' \/><div class='big-prev-fake'><img decoding=\"async\" loading=\"lazy\" class=\"wp-image-4100 avia-img-lazy-loading-4100\"  width=\"495\" height=\"400\" src=\"https:\/\/www.masferranpals.com\/wp-content\/uploads\/2018\/05\/2-495x400.jpg\" title='C\u00e0tering' alt='' srcset=\"https:\/\/www.masferranpals.com\/wp-content\/uploads\/2018\/05\/2-495x400.jpg 495w, https:\/\/www.masferranpals.com\/wp-content\/uploads\/2018\/05\/2-845x684.jpg 845w\" sizes=\"auto, (max-width: 495px) 100vw, 495px\" \/><\/div><\/a><a href=\"https:\/\/www.masferranpals.com\/wp-content\/uploads\/2018\/05\/4d8ce363_original.jpg\" data-srcset=\"https:\/\/www.masferranpals.com\/wp-content\/uploads\/2018\/05\/4d8ce363_original.jpg 441w, https:\/\/www.masferranpals.com\/wp-content\/uploads\/2018\/05\/4d8ce363_original-300x204.jpg 300w\" data-sizes=\"(max-width: 441px) 100vw, 441px\" data-rel='gallery-1' data-prev-img='https:\/\/www.masferranpals.com\/wp-content\/uploads\/2018\/05\/4d8ce363_original.jpg' class='first_thumb lightbox ' data-onclick='4' title='Mas Ferran Pals'  itemprop=\"thumbnailUrl\"  ><img decoding=\"async\" fetchpriority=\"high\" class=\"wp-image-6550 avia-img-lazy-loading-not-6550\"  data-avia-tooltip='Mas Ferran Pals' src=\"https:\/\/www.masferranpals.com\/wp-content\/uploads\/2018\/05\/4d8ce363_original-260x185.jpg\" width=\"260\" height=\"185\"  title='Mas Ferran Pals' alt='' \/><div class='big-prev-fake'><img decoding=\"async\" loading=\"lazy\" class=\"wp-image-6550 avia-img-lazy-loading-6550\"  width=\"441\" height=\"300\" src=\"https:\/\/www.masferranpals.com\/wp-content\/uploads\/2018\/05\/4d8ce363_original.jpg\" title='Mas Ferran Pals' alt='' srcset=\"https:\/\/www.masferranpals.com\/wp-content\/uploads\/2018\/05\/4d8ce363_original.jpg 441w, https:\/\/www.masferranpals.com\/wp-content\/uploads\/2018\/05\/4d8ce363_original-300x204.jpg 300w\" sizes=\"auto, (max-width: 441px) 100vw, 441px\" \/><\/div><\/a><\/div><\/div><\/div>\n","protected":false},"excerpt":{"rendered":"","protected":false},"author":4,"featured_media":0,"parent":0,"menu_order":0,"comment_status":"closed","ping_status":"closed","template":"","meta":{"footnotes":""},"class_list":["post-1319","page","type-page","status-publish","hentry"],"yoast_head":"<!-- This site is optimized with the Yoast SEO plugin v27.0 - https:\/\/yoast.com\/product\/yoast-seo-wordpress\/ -->\n<title>Prestations de service - Mas Ferran Pals<\/title>\n<meta name=\"robots\" content=\"index, follow, max-snippet:-1, max-image-preview:large, max-video-preview:-1\" \/>\n<link rel=\"canonical\" href=\"https:\/\/www.masferranpals.com\/fr\/services\/\" \/>\n<meta property=\"og:locale\" content=\"fr_FR\" \/>\n<meta property=\"og:type\" content=\"article\" \/>\n<meta property=\"og:title\" content=\"Prestations de service - Mas Ferran Pals\" \/>\n<meta property=\"og:url\" content=\"https:\/\/www.masferranpals.com\/fr\/services\/\" \/>\n<meta property=\"og:site_name\" content=\"Mas Ferran Pals\" \/>\n<meta property=\"article:modified_time\" content=\"2023-08-30T11:21:51+00:00\" \/>\n<meta name=\"twitter:card\" content=\"summary_large_image\" \/>\n<meta name=\"twitter:label1\" content=\"Dur\u00e9e de lecture estim\u00e9e\" \/>\n\t<meta name=\"twitter:data1\" content=\"3 minutes\" \/>\n<script type=\"application\/ld+json\" class=\"yoast-schema-graph\">{\"@context\":\"https:\/\/schema.org\",\"@graph\":[{\"@type\":\"WebPage\",\"@id\":\"https:\/\/www.masferranpals.com\/fr\/services\/\",\"url\":\"https:\/\/www.masferranpals.com\/fr\/services\/\",\"name\":\"Prestations de service - Mas Ferran Pals\",\"isPartOf\":{\"@id\":\"https:\/\/www.masferranpals.com\/fr\/#website\"},\"datePublished\":\"2018-06-07T07:31:29+00:00\",\"dateModified\":\"2023-08-30T11:21:51+00:00\",\"breadcrumb\":{\"@id\":\"https:\/\/www.masferranpals.com\/fr\/services\/#breadcrumb\"},\"inLanguage\":\"fr-FR\",\"potentialAction\":[{\"@type\":\"ReadAction\",\"target\":[\"https:\/\/www.masferranpals.com\/fr\/services\/\"]}]},{\"@type\":\"BreadcrumbList\",\"@id\":\"https:\/\/www.masferranpals.com\/fr\/services\/#breadcrumb\",\"itemListElement\":[{\"@type\":\"ListItem\",\"position\":1,\"name\":\"Home\",\"item\":\"https:\/\/www.masferranpals.com\/fr\/\"},{\"@type\":\"ListItem\",\"position\":2,\"name\":\"Prestations de service\"}]},{\"@type\":\"WebSite\",\"@id\":\"https:\/\/www.masferranpals.com\/fr\/#website\",\"url\":\"https:\/\/www.masferranpals.com\/fr\/\",\"name\":\"Mas Ferran Pals\",\"description\":\"Habitacions en un espai privilegiat a l\u2019Empord\u00e0.\",\"potentialAction\":[{\"@type\":\"SearchAction\",\"target\":{\"@type\":\"EntryPoint\",\"urlTemplate\":\"https:\/\/www.masferranpals.com\/fr\/?s={search_term_string}\"},\"query-input\":{\"@type\":\"PropertyValueSpecification\",\"valueRequired\":true,\"valueName\":\"search_term_string\"}}],\"inLanguage\":\"fr-FR\"}]}<\/script>\n<!-- \/ Yoast SEO plugin. -->","yoast_head_json":{"title":"Prestations de service - Mas Ferran Pals","robots":{"index":"index","follow":"follow","max-snippet":"max-snippet:-1","max-image-preview":"max-image-preview:large","max-video-preview":"max-video-preview:-1"},"canonical":"https:\/\/www.masferranpals.com\/fr\/services\/","og_locale":"fr_FR","og_type":"article","og_title":"Prestations de service - Mas Ferran Pals","og_url":"https:\/\/www.masferranpals.com\/fr\/services\/","og_site_name":"Mas Ferran Pals","article_modified_time":"2023-08-30T11:21:51+00:00","twitter_card":"summary_large_image","twitter_misc":{"Dur\u00e9e de lecture estim\u00e9e":"3 minutes"},"schema":{"@context":"https:\/\/schema.org","@graph":[{"@type":"WebPage","@id":"https:\/\/www.masferranpals.com\/fr\/services\/","url":"https:\/\/www.masferranpals.com\/fr\/services\/","name":"Prestations de service - Mas Ferran Pals","isPartOf":{"@id":"https:\/\/www.masferranpals.com\/fr\/#website"},"datePublished":"2018-06-07T07:31:29+00:00","dateModified":"2023-08-30T11:21:51+00:00","breadcrumb":{"@id":"https:\/\/www.masferranpals.com\/fr\/services\/#breadcrumb"},"inLanguage":"fr-FR","potentialAction":[{"@type":"ReadAction","target":["https:\/\/www.masferranpals.com\/fr\/services\/"]}]},{"@type":"BreadcrumbList","@id":"https:\/\/www.masferranpals.com\/fr\/services\/#breadcrumb","itemListElement":[{"@type":"ListItem","position":1,"name":"Home","item":"https:\/\/www.masferranpals.com\/fr\/"},{"@type":"ListItem","position":2,"name":"Prestations de service"}]},{"@type":"WebSite","@id":"https:\/\/www.masferranpals.com\/fr\/#website","url":"https:\/\/www.masferranpals.com\/fr\/","name":"Mas Ferran Pals","description":"Habitacions en un espai privilegiat a l\u2019Empord\u00e0.","potentialAction":[{"@type":"SearchAction","target":{"@type":"EntryPoint","urlTemplate":"https:\/\/www.masferranpals.com\/fr\/?s={search_term_string}"},"query-input":{"@type":"PropertyValueSpecification","valueRequired":true,"valueName":"search_term_string"}}],"inLanguage":"fr-FR"}]}},"_links":{"self":[{"href":"https:\/\/www.masferranpals.com\/fr\/wp-json\/wp\/v2\/pages\/1319","targetHints":{"allow":["GET"]}}],"collection":[{"href":"https:\/\/www.masferranpals.com\/fr\/wp-json\/wp\/v2\/pages"}],"about":[{"href":"https:\/\/www.masferranpals.com\/fr\/wp-json\/wp\/v2\/types\/page"}],"author":[{"embeddable":true,"href":"https:\/\/www.masferranpals.com\/fr\/wp-json\/wp\/v2\/users\/4"}],"replies":[{"embeddable":true,"href":"https:\/\/www.masferranpals.com\/fr\/wp-json\/wp\/v2\/comments?post=1319"}],"version-history":[{"count":10,"href":"https:\/\/www.masferranpals.com\/fr\/wp-json\/wp\/v2\/pages\/1319\/revisions"}],"predecessor-version":[{"id":6896,"href":"https:\/\/www.masferranpals.com\/fr\/wp-json\/wp\/v2\/pages\/1319\/revisions\/6896"}],"wp:attachment":[{"href":"https:\/\/www.masferranpals.com\/fr\/wp-json\/wp\/v2\/media?parent=1319"}],"curies":[{"name":"wp","href":"https:\/\/api.w.org\/{rel}","templated":true}]}}