{"id":3383,"date":"2020-02-12T14:00:02","date_gmt":"2020-02-12T13:00:02","guid":{"rendered":"https:\/\/www.masferranpals.com\/?page_id=3383"},"modified":"2020-05-08T21:33:58","modified_gmt":"2020-05-08T20:33:58","slug":"castell-del-montgri","status":"publish","type":"page","link":"https:\/\/www.masferranpals.com\/fr\/environnement\/castell-del-montgri\/","title":{"rendered":"CASTELL DEL MONTGR\u00cd"},"content":{"rendered":"\n<style type=\"text\/css\" data-created_by=\"avia_inline_auto\" id=\"style-css-av-cctim-6bc23355add449a9ab9f1d61b3fc125f\">\n.flex_column.av-cctim-6bc23355add449a9ab9f1d61b3fc125f{\nborder-radius:0px 0px 0px 0px;\npadding:0px 0px 0px 0px;\n}\n<\/style>\n<div  class='flex_column av-cctim-6bc23355add449a9ab9f1d61b3fc125f av_one_full  avia-builder-el-0  el_before_av_one_half  avia-builder-el-first  first flex_column_div av-zero-column-padding  '     ><style type=\"text\/css\" data-created_by=\"avia_inline_auto\" id=\"style-css-av-k93b4ert-0759261a2ae6be5ea5d2b59979a78e0f\">\n#top .av-special-heading.av-k93b4ert-0759261a2ae6be5ea5d2b59979a78e0f{\npadding-bottom:5px;\n}\nbody .av-special-heading.av-k93b4ert-0759261a2ae6be5ea5d2b59979a78e0f .av-special-heading-tag .heading-char{\nfont-size:25px;\n}\n.av-special-heading.av-k93b4ert-0759261a2ae6be5ea5d2b59979a78e0f .av-subheading{\nfont-size:15px;\n}\n<\/style>\n<div  class='av-special-heading av-k93b4ert-0759261a2ae6be5ea5d2b59979a78e0f av-special-heading-h1  avia-builder-el-1  avia-builder-el-no-sibling  av-linked-heading'><h1 class='av-special-heading-tag '  itemprop=\"headline\"  >CH\u00c2TEAU DU MONTGR\u00cd<\/h1><div class=\"special-heading-border\"><div class=\"special-heading-inner-border\"><\/div><\/div><\/div><\/div>\n\n<style type=\"text\/css\" data-created_by=\"avia_inline_auto\" id=\"style-css-av-1qp42-dd2f184ed8b74bf9d1baeb6ae2f44109\">\n.flex_column.av-1qp42-dd2f184ed8b74bf9d1baeb6ae2f44109{\nborder-radius:0px 0px 0px 0px;\npadding:0px 0px 0px 0px;\n}\n<\/style>\n<div  class='flex_column av-1qp42-dd2f184ed8b74bf9d1baeb6ae2f44109 av_one_half  avia-builder-el-2  el_after_av_one_full  el_before_av_one_half  first flex_column_div av-zero-column-padding  column-top-margin'     ><section  class='av_textblock_section av-asgcm-90f7fc53c1727e0ec304c8a74233f53d '   itemscope=\"itemscope\" itemtype=\"https:\/\/schema.org\/CreativeWork\" ><div class='avia_textblock'  itemprop=\"text\" ><p><strong>Des chaussures de montagne, de l&rsquo;eau et un chapeau sont n\u00e9cessaires si la journ\u00e9e est ensoleill\u00e9e, pour monter au ch\u00e2teau de Montgr\u00ed<\/strong>.<\/p>\n<p>Visible depuis de nombreux points de l&rsquo;Empord\u00e0 et install\u00e9 sur une montagne rocheuse qui n&rsquo;est pas \u00e0 plusieurs kilom\u00e8tres de la mer qui baigne la Costa Brava.<\/p>\n<p>Profitant du fait que nous en sommes proches, nous pouvons aller \u00e0 l&rsquo;ermitage de Santa Caterina, un autre b\u00e2timent embl\u00e9matique du quartier de Torroella de Mongr\u00ed.<br \/>\nC&rsquo;est dans cette commune, Torroella de Montgr\u00ed, o\u00f9 nous devons aller pour commencer la promenade. Aller \u00e0 pied est le seul moyen de monter au ch\u00e2teau. Ce n&rsquo;est pas une excursion difficile, elle convient \u00e0 tous ceux qui en valent la peine et qui n&rsquo;ont aucune perte.<\/p>\n<p>La dur\u00e9e d\u00e9pendra du temps que vous profiterez de la vue depuis les tours du ch\u00e2teau et en regardant le paysage, ou dans les d\u00e9pendances de Santa Caterina, mais calculez un peu plus de deux heures.<\/p>\n<\/div><\/section><\/div>\n\n<style type=\"text\/css\" data-created_by=\"avia_inline_auto\" id=\"style-css-av-qj12-2f81ef96171b8e1f27e1205f17309016\">\n.flex_column.av-qj12-2f81ef96171b8e1f27e1205f17309016{\nborder-radius:0px 0px 0px 0px;\npadding:0px 0px 0px 0px;\n}\n<\/style>\n<div  class='flex_column av-qj12-2f81ef96171b8e1f27e1205f17309016 av_one_half  avia-builder-el-4  el_after_av_one_half  el_before_av_hr  flex_column_div av-zero-column-padding  column-top-margin'     ><p>\n<style type=\"text\/css\" data-created_by=\"avia_inline_auto\" id=\"style-css-av-k9ynqdsf-ed50074fbe6bc4708ba52f22dc3d0202\">\n#top .hr.hr-invisible.av-k9ynqdsf-ed50074fbe6bc4708ba52f22dc3d0202{\nheight:20px;\n}\n<\/style>\n<div  class='hr av-k9ynqdsf-ed50074fbe6bc4708ba52f22dc3d0202 hr-invisible  avia-builder-el-5  el_before_av_image  avia-builder-el-first '><span class='hr-inner '><span class=\"hr-inner-style\"><\/span><\/span><\/div><br \/>\n\n<style type=\"text\/css\" data-created_by=\"avia_inline_auto\" id=\"style-css-av-k6j0bfin-b9233e5c48cb1ec83e24332193ca7acc\">\n.avia-image-container.av-k6j0bfin-b9233e5c48cb1ec83e24332193ca7acc img.avia_image{\nbox-shadow:none;\n}\n.avia-image-container.av-k6j0bfin-b9233e5c48cb1ec83e24332193ca7acc .av-image-caption-overlay-center{\ncolor:#ffffff;\n}\n<\/style>\n<div  class='avia-image-container av-k6j0bfin-b9233e5c48cb1ec83e24332193ca7acc av-styling- avia-align-center  avia-builder-el-6  el_after_av_hr  avia-builder-el-last '   itemprop=\"image\" itemscope=\"itemscope\" itemtype=\"https:\/\/schema.org\/ImageObject\" ><div class=\"avia-image-container-inner\"><div class=\"avia-image-overlay-wrap\"><img decoding=\"async\" fetchpriority=\"high\" class='wp-image-3197 avia-img-lazy-loading-not-3197 avia_image ' src=\"https:\/\/www.masferranpals.com\/wp-content\/uploads\/2020\/02\/castell-montgri-495x363.jpg\" alt='Castell del Montgr\u00ed' title='Castell del Montgr\u00ed'  height=\"363\" width=\"495\"  itemprop=\"thumbnailUrl\"  \/><\/div><\/div><\/div><\/p><\/div>\n<style type=\"text\/css\" data-created_by=\"avia_inline_auto\" id=\"style-css-av-k6j1x6dp-a515434237ab4330e0e74e4052faac37\">\n#top .hr.hr-invisible.av-k6j1x6dp-a515434237ab4330e0e74e4052faac37{\nheight:50px;\n}\n<\/style>\n<div  class='hr av-k6j1x6dp-a515434237ab4330e0e74e4052faac37 hr-invisible  avia-builder-el-7  el_after_av_one_half  el_before_av_one_full '><span class='hr-inner '><span class=\"hr-inner-style\"><\/span><\/span><\/div><\/p>\n\n<style type=\"text\/css\" data-created_by=\"avia_inline_auto\" id=\"style-css-av-1qp42-dd2f184ed8b74bf9d1baeb6ae2f44109\">\n.flex_column.av-1qp42-dd2f184ed8b74bf9d1baeb6ae2f44109{\nborder-radius:0px 0px 0px 0px;\npadding:0px 0px 0px 0px;\n}\n<\/style>\n<div  class='flex_column av-1qp42-dd2f184ed8b74bf9d1baeb6ae2f44109 av_one_full  avia-builder-el-8  el_after_av_hr  avia-builder-el-last  first flex_column_div av-zero-column-padding  '     ><section  class='av_textblock_section av-asgcm-90f7fc53c1727e0ec304c8a74233f53d '   itemscope=\"itemscope\" itemtype=\"https:\/\/schema.org\/CreativeWork\" ><div class='avia_textblock'  itemprop=\"text\" ><h2>Sentier de p\u00e8lerinage<\/h2>\n<p>Nous devons suivre les \u00e9tapes en parall\u00e8le du rouge et du blanc. Dans la premi\u00e8re section, le chemin est simple et large. La pente est presque imperceptible, bien que, lorsque nous tournons, nous pouvons d\u00e9j\u00e0 voir la plaine de l&rsquo;Empord\u00e0 avec le Ter la traversant lorsque le fleuve dirige sa derni\u00e8re section, et le clocher inachev\u00e9 de l&rsquo;\u00e9glise paroissiale de Sant Gen\u00eds.<\/p>\n<p><strong>La majest\u00e9 de la paroisse montre l&rsquo;importance que la ville avait il y a des si\u00e8cles; l&rsquo;\u00e9glise est sobre mais avec un aspect \u00e9nergique, laissant tout cela au-dessus des maisons.<\/strong><\/p>\n<p>La construction a commenc\u00e9 en l&rsquo;an 1 306 en plus d&rsquo;une construction existante, et elle a \u00e9t\u00e9 consacr\u00e9e trois si\u00e8cles plus tard, en 1609. Jusqu&rsquo;\u00e0 r\u00e9cemment, l&rsquo;\u00e9glise a accueilli le prestigieux Festival international de musique de Torroella de Montgr\u00ed, mais le tout nouvel espace Ter, qui fait l&rsquo;auditorium, le th\u00e9\u00e2tre, les foires et les espaces de congr\u00e8s, ont emport\u00e9 la pro\u00e9minence de l&rsquo;\u00e9v\u00e9nement annuel d&rsquo;\u00e9t\u00e9.<\/p>\n<p>Avec ce regard sur l&rsquo;\u00e9glise de loin, nous n&rsquo;avons pas cess\u00e9 de parler du massif dans lequel nous nous trouvons, puisque la pierre pour \u00e9lever le temple a \u00e9t\u00e9 extraite de Montgr\u00ed.<\/p>\n<p>Nous continuons \u00e0 marcher et bient\u00f4t nous r\u00e9alisons que nous sommes sur un chemin de p\u00e8lerinage. Une chapelle nous attend \u00e0 l&rsquo;horizon, elle est en pierre et poss\u00e8de un plafond vo\u00fbt\u00e9. Cette chapelle, comme ses deux \u00ab\u00a0jumelles\u00a0\u00bb que nous trouverons \u00e0 quelques m\u00e8tres, a \u00e9t\u00e9 construite pour la d\u00e9votion au Santa Caterina.<\/p>\n<p>Ils \u00e9taient \u00e9galement utilis\u00e9s comme refuge par les \u00e9leveurs de troupeaux. C&rsquo;est \u00e0 partir de cette premi\u00e8re chapelle que le chemin commence \u00e0 grimper de plus en plus et avec des pierres pointues et mal plac\u00e9es. Tout de suite, nous trouvons la deuxi\u00e8me des chapelles, et nous voyons d\u00e9j\u00e0 la troisi\u00e8me juste l\u00e0. Les paysages commencent \u00e0 \u00eatre sensationnels.<\/p>\n<p>Une fois devant le ch\u00e2teau et par la porte, on peut \u00eatre d\u00e9\u00e7u de voir que l&rsquo;int\u00e9rieur est vide. Le ch\u00e2teau n&rsquo;a tout simplement jamais \u00e9t\u00e9 achev\u00e9. La raison de la construction \u00e9tait le conflit entre les comtes d&rsquo;Emp\u00faries et les comtes de Barcelone; lorsque le comt\u00e9 d&rsquo;Emp\u00faries a \u00e9t\u00e9 annex\u00e9 \u00e0 la Couronne, le ch\u00e2teau a perdu toute utilit\u00e9 et les travaux ont \u00e9t\u00e9 suspendus. Il y a quelques ann\u00e9es, une importante r\u00e9habilitation a \u00e9t\u00e9 r\u00e9alis\u00e9e et, entre autres, un escalier en colima\u00e7on a \u00e9t\u00e9 r\u00e9alis\u00e9 qui permet de monter au sommet du ch\u00e2teau en se promenant entre les quatre tours cylindriques.<\/p>\n<p><strong> De l\u00e0-haut, le panorama est spectaculaire. Les \u00eeles Medes, le golfe de Roses, le Cap de Creus, la plaine de l&rsquo;Empord\u00e0, diff\u00e9rentes villes environnantes, l&#8217;embouchure du Ter, le Canig\u00f3 \u2026<\/strong><\/p>\n<\/div><\/section><\/div>\n","protected":false},"excerpt":{"rendered":"","protected":false},"author":4,"featured_media":0,"parent":3429,"menu_order":0,"comment_status":"closed","ping_status":"closed","template":"","meta":{"footnotes":""},"class_list":["post-3383","page","type-page","status-publish","hentry"],"yoast_head":"<!-- This site is optimized with the Yoast SEO plugin v27.0 - https:\/\/yoast.com\/product\/yoast-seo-wordpress\/ -->\n<title>CASTELL DEL MONTGR\u00cd - Mas Ferran Pals<\/title>\n<meta name=\"robots\" content=\"index, follow, max-snippet:-1, max-image-preview:large, max-video-preview:-1\" \/>\n<link rel=\"canonical\" href=\"https:\/\/www.masferranpals.com\/fr\/environnement\/castell-del-montgri\/\" \/>\n<meta property=\"og:locale\" content=\"fr_FR\" \/>\n<meta property=\"og:type\" content=\"article\" \/>\n<meta property=\"og:title\" content=\"CASTELL DEL MONTGR\u00cd - Mas Ferran Pals\" \/>\n<meta property=\"og:url\" content=\"https:\/\/www.masferranpals.com\/fr\/environnement\/castell-del-montgri\/\" \/>\n<meta property=\"og:site_name\" content=\"Mas Ferran Pals\" \/>\n<meta property=\"article:modified_time\" content=\"2020-05-08T20:33:58+00:00\" \/>\n<meta name=\"twitter:card\" content=\"summary_large_image\" \/>\n<meta name=\"twitter:label1\" content=\"Dur\u00e9e de lecture estim\u00e9e\" \/>\n\t<meta name=\"twitter:data1\" content=\"7 minutes\" \/>\n<script type=\"application\/ld+json\" class=\"yoast-schema-graph\">{\"@context\":\"https:\/\/schema.org\",\"@graph\":[{\"@type\":\"WebPage\",\"@id\":\"https:\/\/www.masferranpals.com\/fr\/environnement\/castell-del-montgri\/\",\"url\":\"https:\/\/www.masferranpals.com\/fr\/environnement\/castell-del-montgri\/\",\"name\":\"CASTELL DEL MONTGR\u00cd - Mas Ferran Pals\",\"isPartOf\":{\"@id\":\"https:\/\/www.masferranpals.com\/fr\/#website\"},\"datePublished\":\"2020-02-12T13:00:02+00:00\",\"dateModified\":\"2020-05-08T20:33:58+00:00\",\"breadcrumb\":{\"@id\":\"https:\/\/www.masferranpals.com\/fr\/environnement\/castell-del-montgri\/#breadcrumb\"},\"inLanguage\":\"fr-FR\",\"potentialAction\":[{\"@type\":\"ReadAction\",\"target\":[\"https:\/\/www.masferranpals.com\/fr\/environnement\/castell-del-montgri\/\"]}]},{\"@type\":\"BreadcrumbList\",\"@id\":\"https:\/\/www.masferranpals.com\/fr\/environnement\/castell-del-montgri\/#breadcrumb\",\"itemListElement\":[{\"@type\":\"ListItem\",\"position\":1,\"name\":\"Home\",\"item\":\"https:\/\/www.masferranpals.com\/fr\/\"},{\"@type\":\"ListItem\",\"position\":2,\"name\":\"Environs &#8211; plages\",\"item\":\"https:\/\/www.masferranpals.com\/fr\/environnement\/\"},{\"@type\":\"ListItem\",\"position\":3,\"name\":\"CASTELL DEL MONTGR\u00cd\"}]},{\"@type\":\"WebSite\",\"@id\":\"https:\/\/www.masferranpals.com\/fr\/#website\",\"url\":\"https:\/\/www.masferranpals.com\/fr\/\",\"name\":\"Mas Ferran Pals\",\"description\":\"Habitacions en un espai privilegiat a l\u2019Empord\u00e0.\",\"potentialAction\":[{\"@type\":\"SearchAction\",\"target\":{\"@type\":\"EntryPoint\",\"urlTemplate\":\"https:\/\/www.masferranpals.com\/fr\/?s={search_term_string}\"},\"query-input\":{\"@type\":\"PropertyValueSpecification\",\"valueRequired\":true,\"valueName\":\"search_term_string\"}}],\"inLanguage\":\"fr-FR\"}]}<\/script>\n<!-- \/ Yoast SEO plugin. -->","yoast_head_json":{"title":"CASTELL DEL MONTGR\u00cd - Mas Ferran Pals","robots":{"index":"index","follow":"follow","max-snippet":"max-snippet:-1","max-image-preview":"max-image-preview:large","max-video-preview":"max-video-preview:-1"},"canonical":"https:\/\/www.masferranpals.com\/fr\/environnement\/castell-del-montgri\/","og_locale":"fr_FR","og_type":"article","og_title":"CASTELL DEL MONTGR\u00cd - Mas Ferran Pals","og_url":"https:\/\/www.masferranpals.com\/fr\/environnement\/castell-del-montgri\/","og_site_name":"Mas Ferran Pals","article_modified_time":"2020-05-08T20:33:58+00:00","twitter_card":"summary_large_image","twitter_misc":{"Dur\u00e9e de lecture estim\u00e9e":"7 minutes"},"schema":{"@context":"https:\/\/schema.org","@graph":[{"@type":"WebPage","@id":"https:\/\/www.masferranpals.com\/fr\/environnement\/castell-del-montgri\/","url":"https:\/\/www.masferranpals.com\/fr\/environnement\/castell-del-montgri\/","name":"CASTELL DEL MONTGR\u00cd - Mas Ferran Pals","isPartOf":{"@id":"https:\/\/www.masferranpals.com\/fr\/#website"},"datePublished":"2020-02-12T13:00:02+00:00","dateModified":"2020-05-08T20:33:58+00:00","breadcrumb":{"@id":"https:\/\/www.masferranpals.com\/fr\/environnement\/castell-del-montgri\/#breadcrumb"},"inLanguage":"fr-FR","potentialAction":[{"@type":"ReadAction","target":["https:\/\/www.masferranpals.com\/fr\/environnement\/castell-del-montgri\/"]}]},{"@type":"BreadcrumbList","@id":"https:\/\/www.masferranpals.com\/fr\/environnement\/castell-del-montgri\/#breadcrumb","itemListElement":[{"@type":"ListItem","position":1,"name":"Home","item":"https:\/\/www.masferranpals.com\/fr\/"},{"@type":"ListItem","position":2,"name":"Environs &#8211; plages","item":"https:\/\/www.masferranpals.com\/fr\/environnement\/"},{"@type":"ListItem","position":3,"name":"CASTELL DEL MONTGR\u00cd"}]},{"@type":"WebSite","@id":"https:\/\/www.masferranpals.com\/fr\/#website","url":"https:\/\/www.masferranpals.com\/fr\/","name":"Mas Ferran Pals","description":"Habitacions en un espai privilegiat a l\u2019Empord\u00e0.","potentialAction":[{"@type":"SearchAction","target":{"@type":"EntryPoint","urlTemplate":"https:\/\/www.masferranpals.com\/fr\/?s={search_term_string}"},"query-input":{"@type":"PropertyValueSpecification","valueRequired":true,"valueName":"search_term_string"}}],"inLanguage":"fr-FR"}]}},"_links":{"self":[{"href":"https:\/\/www.masferranpals.com\/fr\/wp-json\/wp\/v2\/pages\/3383","targetHints":{"allow":["GET"]}}],"collection":[{"href":"https:\/\/www.masferranpals.com\/fr\/wp-json\/wp\/v2\/pages"}],"about":[{"href":"https:\/\/www.masferranpals.com\/fr\/wp-json\/wp\/v2\/types\/page"}],"author":[{"embeddable":true,"href":"https:\/\/www.masferranpals.com\/fr\/wp-json\/wp\/v2\/users\/4"}],"replies":[{"embeddable":true,"href":"https:\/\/www.masferranpals.com\/fr\/wp-json\/wp\/v2\/comments?post=3383"}],"version-history":[{"count":10,"href":"https:\/\/www.masferranpals.com\/fr\/wp-json\/wp\/v2\/pages\/3383\/revisions"}],"predecessor-version":[{"id":7172,"href":"https:\/\/www.masferranpals.com\/fr\/wp-json\/wp\/v2\/pages\/3383\/revisions\/7172"}],"up":[{"embeddable":true,"href":"https:\/\/www.masferranpals.com\/fr\/wp-json\/wp\/v2\/pages\/3429"}],"wp:attachment":[{"href":"https:\/\/www.masferranpals.com\/fr\/wp-json\/wp\/v2\/media?parent=3383"}],"curies":[{"name":"wp","href":"https:\/\/api.w.org\/{rel}","templated":true}]}}