{"id":3385,"date":"2020-02-12T14:01:53","date_gmt":"2020-02-12T13:01:53","guid":{"rendered":"https:\/\/www.masferranpals.com\/?page_id=3385"},"modified":"2020-05-08T21:57:59","modified_gmt":"2020-05-08T20:57:59","slug":"conjunt-medieval-de-peratallada","status":"publish","type":"page","link":"https:\/\/www.masferranpals.com\/fr\/environnement\/conjunt-medieval-de-peratallada\/","title":{"rendered":"CONJUNT MEDIEVAL DE PERATALLADA"},"content":{"rendered":"\n<style type=\"text\/css\" data-created_by=\"avia_inline_auto\" id=\"style-css-av-cctim-6bc23355add449a9ab9f1d61b3fc125f\">\n.flex_column.av-cctim-6bc23355add449a9ab9f1d61b3fc125f{\nborder-radius:0px 0px 0px 0px;\npadding:0px 0px 0px 0px;\n}\n<\/style>\n<div  class='flex_column av-cctim-6bc23355add449a9ab9f1d61b3fc125f av_one_full  avia-builder-el-0  el_before_av_three_fifth  avia-builder-el-first  first flex_column_div av-zero-column-padding  '     ><style type=\"text\/css\" data-created_by=\"avia_inline_auto\" id=\"style-css-av-k93bgkh5-07fc596a5bf259f0555c506ceeb5a626\">\n#top .av-special-heading.av-k93bgkh5-07fc596a5bf259f0555c506ceeb5a626{\npadding-bottom:5px;\n}\nbody .av-special-heading.av-k93bgkh5-07fc596a5bf259f0555c506ceeb5a626 .av-special-heading-tag .heading-char{\nfont-size:25px;\n}\n.av-special-heading.av-k93bgkh5-07fc596a5bf259f0555c506ceeb5a626 .av-subheading{\nfont-size:15px;\n}\n<\/style>\n<div  class='av-special-heading av-k93bgkh5-07fc596a5bf259f0555c506ceeb5a626 av-special-heading-h1  avia-builder-el-1  avia-builder-el-no-sibling  av-linked-heading'><h1 class='av-special-heading-tag '  itemprop=\"headline\"  >PERATALLADA M\u00c9DI\u00c9VAUX<\/h1><div class=\"special-heading-border\"><div class=\"special-heading-inner-border\"><\/div><\/div><\/div><\/div>\n\n<style type=\"text\/css\" data-created_by=\"avia_inline_auto\" id=\"style-css-av-1qp42-dd2f184ed8b74bf9d1baeb6ae2f44109\">\n.flex_column.av-1qp42-dd2f184ed8b74bf9d1baeb6ae2f44109{\nborder-radius:0px 0px 0px 0px;\npadding:0px 0px 0px 0px;\n}\n<\/style>\n<div  class='flex_column av-1qp42-dd2f184ed8b74bf9d1baeb6ae2f44109 av_three_fifth  avia-builder-el-2  el_after_av_one_full  el_before_av_two_fifth  first flex_column_div av-zero-column-padding  column-top-margin'     ><section  class='av_textblock_section av-asgcm-90f7fc53c1727e0ec304c8a74233f53d '   itemscope=\"itemscope\" itemtype=\"https:\/\/schema.org\/CreativeWork\" ><div class='avia_textblock'  itemprop=\"text\" ><p><strong>Peratallada, situ\u00e9e dans la province de G\u00e9rone, \u00e0 mi-chemin entre Barcelone et la fronti\u00e8re fran\u00e7aise, au c\u0153ur de l&rsquo;Empord\u00e0 et \u00e0 quelques kilom\u00e8tres de la Costa Brava.<\/strong><\/p>\n<p>Outre ses attraits architecturaux et historiques, la ville est reconnue pour son importante offre artisanale et surtout gastronomique. Les ruelles du noyau sont pleines de nombreux restaurants suggestifs de toutes sortes, qui offrent le compl\u00e9ment id\u00e9al \u00e0 une visite de la ville.<\/p>\n<p>La ville conserve encore sa distribution urbaine m\u00e9di\u00e9vale. De la place Les Voltes, avec ses porches uniques, \u00e0 l&rsquo;intrigue des ruelles \u00e9troites, o\u00f9 vous pourrez d\u00e9couvrir un ensemble int\u00e9ressant d&rsquo;architecture populaire. Sur des murs plus anciens, des maisons caract\u00e9ristiques du XVIe si\u00e8cle sont toujours conserv\u00e9es. La maison traditionnelle de Peratallada a g\u00e9n\u00e9ralement les \u00e9tages inf\u00e9rieurs recouverts de vo\u00fbtes en pierre, destin\u00e9s aux entrep\u00f4ts et caves, tandis que l&rsquo;\u00e9tage sup\u00e9rieur est d\u00e9di\u00e9 \u00e0 l&rsquo;int\u00e9rieur.<\/p>\n<p>Le nom de lieu Petra Scissa ou Petra sculpt\u00e9 est apparemment document\u00e9 \u00e0 partir du 10\u00e8me si\u00e8cle.<\/p>\n<h4>L&rsquo;\u00e9glise de San Esteban<\/h4>\n<p>Temple roman \u00e0 deux nefs sculpt\u00e9 \u00e0 l&rsquo;est par des absides semi-circulaires, construit avec des appareils de gros pierres de taille carr\u00e9es. Sur la fa\u00e7ade, la porte se d\u00e9tache, avec une arche semi-circulaire semi-circulaire soutenue par des moulures, la simple rosace et trois corbeaux qui soutenaient peut-\u00eatre les poutres d&rsquo;un portique disparu. L&rsquo;\u0153uvre romane a subi plusieurs modifications tardives, ce qui est \u00e9vident surtout \u00e0 l&rsquo;int\u00e9rieur. La nef de midi a une vo\u00fbte pointue avec trois arches principales; au tramuntana le retour est suivi d&rsquo;un tron\u00e7on de canyon et d&rsquo;un autre pointu.<\/p>\n<p>Actuellement, l&rsquo;int\u00e9rieur du b\u00e2timent n&rsquo;est pas ouvert aux visiteurs.<\/p>\n<h4>Le Ch\u00e2teau-Palais<\/h4>\n<p>Le noyau fortifi\u00e9 ou d\u00e9fensif, c&rsquo;est-\u00e0-dire le ch\u00e2teau lui-m\u00eame, est situ\u00e9 au sommet d&rsquo;un \u00e9norme morceau de roche naturelle, coup\u00e9 artificiellement pour lui donner de la verticalit\u00e9.<\/p>\n<p>Le plan sch\u00e9matique du ch\u00e2teau correspond au type de forteresse de la p\u00e9riode m\u00e9di\u00e9vale \u00e9lev\u00e9e, tr\u00e8s courante \u00e0 l&rsquo;\u00e9poque carolingienne. Cependant, la structure architecturale actuelle est le r\u00e9sultat de reconstructions ult\u00e9rieures.<\/p>\n<p>L&rsquo;\u0153uvre romane (XI-XIIe si\u00e8cle) peut \u00eatre consid\u00e9r\u00e9e comme une bonne partie de l&rsquo;enceinte fortifi\u00e9e, qui montre encore des r\u00e9formes ult\u00e9rieures. Les vestiges de la vieille ville, avant les b\u00e2timents m\u00e9di\u00e9vaux restants, sont retrac\u00e9s jusqu&rsquo;au noyau fortifi\u00e9, mais aussi \u00e0 ses pieds: la cour arri\u00e8re du palais et en dessous. Ils soulignent une grande profusion de cavit\u00e9s et de rainures creus\u00e9es dans la roche du sol.<\/p>\n<\/div><\/section><\/div>\n\n<style type=\"text\/css\" data-created_by=\"avia_inline_auto\" id=\"style-css-av-qj12-2f81ef96171b8e1f27e1205f17309016\">\n.flex_column.av-qj12-2f81ef96171b8e1f27e1205f17309016{\nborder-radius:0px 0px 0px 0px;\npadding:0px 0px 0px 0px;\n}\n<\/style>\n<div  class='flex_column av-qj12-2f81ef96171b8e1f27e1205f17309016 av_two_fifth  avia-builder-el-4  el_after_av_three_fifth  avia-builder-el-last  flex_column_div av-zero-column-padding  column-top-margin'     ><p>\n<style type=\"text\/css\" data-created_by=\"avia_inline_auto\" id=\"style-css-av-k9yol9m7-b2918773b5ce3a939fb00da88f31c9fa\">\n#top .hr.hr-invisible.av-k9yol9m7-b2918773b5ce3a939fb00da88f31c9fa{\nheight:50px;\n}\n<\/style>\n<div  class='hr av-k9yol9m7-b2918773b5ce3a939fb00da88f31c9fa hr-invisible  avia-builder-el-5  el_before_av_image  avia-builder-el-first '><span class='hr-inner '><span class=\"hr-inner-style\"><\/span><\/span><\/div><br \/>\n\n<style type=\"text\/css\" data-created_by=\"avia_inline_auto\" id=\"style-css-av-k6j0bfin-a3dc18350191ee49e882ddb187c4f8c3\">\n.avia-image-container.av-k6j0bfin-a3dc18350191ee49e882ddb187c4f8c3 img.avia_image{\nbox-shadow:none;\n}\n.avia-image-container.av-k6j0bfin-a3dc18350191ee49e882ddb187c4f8c3 .av-image-caption-overlay-center{\ncolor:#ffffff;\n}\n<\/style>\n<div  class='avia-image-container av-k6j0bfin-a3dc18350191ee49e882ddb187c4f8c3 av-styling- avia-align-center  avia-builder-el-6  el_after_av_hr  avia-builder-el-last '   itemprop=\"image\" itemscope=\"itemscope\" itemtype=\"https:\/\/schema.org\/ImageObject\" ><div class=\"avia-image-container-inner\"><div class=\"avia-image-overlay-wrap\"><img decoding=\"async\" fetchpriority=\"high\" class='wp-image-3293 avia-img-lazy-loading-not-3293 avia_image ' src=\"https:\/\/www.masferranpals.com\/wp-content\/uploads\/2020\/02\/peratallada-495x363.jpg\" alt='' title='Peratallada'  height=\"363\" width=\"495\"  itemprop=\"thumbnailUrl\"  \/><\/div><\/div><\/div><\/p><\/div>\n","protected":false},"excerpt":{"rendered":"","protected":false},"author":4,"featured_media":0,"parent":3429,"menu_order":0,"comment_status":"closed","ping_status":"closed","template":"","meta":{"footnotes":""},"class_list":["post-3385","page","type-page","status-publish","hentry"],"yoast_head":"<!-- This site is optimized with the Yoast SEO plugin v27.0 - https:\/\/yoast.com\/product\/yoast-seo-wordpress\/ -->\n<title>CONJUNT MEDIEVAL DE PERATALLADA - Mas Ferran Pals<\/title>\n<meta name=\"robots\" content=\"index, follow, max-snippet:-1, max-image-preview:large, max-video-preview:-1\" \/>\n<link rel=\"canonical\" href=\"https:\/\/www.masferranpals.com\/fr\/environnement\/conjunt-medieval-de-peratallada\/\" \/>\n<meta property=\"og:locale\" content=\"fr_FR\" \/>\n<meta property=\"og:type\" content=\"article\" \/>\n<meta property=\"og:title\" content=\"CONJUNT MEDIEVAL DE PERATALLADA - Mas Ferran Pals\" \/>\n<meta property=\"og:url\" content=\"https:\/\/www.masferranpals.com\/fr\/environnement\/conjunt-medieval-de-peratallada\/\" \/>\n<meta property=\"og:site_name\" content=\"Mas Ferran Pals\" \/>\n<meta property=\"article:modified_time\" content=\"2020-05-08T20:57:59+00:00\" \/>\n<meta name=\"twitter:card\" content=\"summary_large_image\" \/>\n<meta name=\"twitter:label1\" content=\"Dur\u00e9e de lecture estim\u00e9e\" \/>\n\t<meta name=\"twitter:data1\" content=\"5 minutes\" \/>\n<script type=\"application\/ld+json\" class=\"yoast-schema-graph\">{\"@context\":\"https:\/\/schema.org\",\"@graph\":[{\"@type\":\"WebPage\",\"@id\":\"https:\/\/www.masferranpals.com\/fr\/environnement\/conjunt-medieval-de-peratallada\/\",\"url\":\"https:\/\/www.masferranpals.com\/fr\/environnement\/conjunt-medieval-de-peratallada\/\",\"name\":\"CONJUNT MEDIEVAL DE PERATALLADA - Mas Ferran Pals\",\"isPartOf\":{\"@id\":\"https:\/\/www.masferranpals.com\/fr\/#website\"},\"datePublished\":\"2020-02-12T13:01:53+00:00\",\"dateModified\":\"2020-05-08T20:57:59+00:00\",\"breadcrumb\":{\"@id\":\"https:\/\/www.masferranpals.com\/fr\/environnement\/conjunt-medieval-de-peratallada\/#breadcrumb\"},\"inLanguage\":\"fr-FR\",\"potentialAction\":[{\"@type\":\"ReadAction\",\"target\":[\"https:\/\/www.masferranpals.com\/fr\/environnement\/conjunt-medieval-de-peratallada\/\"]}]},{\"@type\":\"BreadcrumbList\",\"@id\":\"https:\/\/www.masferranpals.com\/fr\/environnement\/conjunt-medieval-de-peratallada\/#breadcrumb\",\"itemListElement\":[{\"@type\":\"ListItem\",\"position\":1,\"name\":\"Home\",\"item\":\"https:\/\/www.masferranpals.com\/fr\/\"},{\"@type\":\"ListItem\",\"position\":2,\"name\":\"Environs &#8211; plages\",\"item\":\"https:\/\/www.masferranpals.com\/fr\/environnement\/\"},{\"@type\":\"ListItem\",\"position\":3,\"name\":\"CONJUNT MEDIEVAL DE PERATALLADA\"}]},{\"@type\":\"WebSite\",\"@id\":\"https:\/\/www.masferranpals.com\/fr\/#website\",\"url\":\"https:\/\/www.masferranpals.com\/fr\/\",\"name\":\"Mas Ferran Pals\",\"description\":\"Habitacions en un espai privilegiat a l\u2019Empord\u00e0.\",\"potentialAction\":[{\"@type\":\"SearchAction\",\"target\":{\"@type\":\"EntryPoint\",\"urlTemplate\":\"https:\/\/www.masferranpals.com\/fr\/?s={search_term_string}\"},\"query-input\":{\"@type\":\"PropertyValueSpecification\",\"valueRequired\":true,\"valueName\":\"search_term_string\"}}],\"inLanguage\":\"fr-FR\"}]}<\/script>\n<!-- \/ Yoast SEO plugin. -->","yoast_head_json":{"title":"CONJUNT MEDIEVAL DE PERATALLADA - Mas Ferran Pals","robots":{"index":"index","follow":"follow","max-snippet":"max-snippet:-1","max-image-preview":"max-image-preview:large","max-video-preview":"max-video-preview:-1"},"canonical":"https:\/\/www.masferranpals.com\/fr\/environnement\/conjunt-medieval-de-peratallada\/","og_locale":"fr_FR","og_type":"article","og_title":"CONJUNT MEDIEVAL DE PERATALLADA - Mas Ferran Pals","og_url":"https:\/\/www.masferranpals.com\/fr\/environnement\/conjunt-medieval-de-peratallada\/","og_site_name":"Mas Ferran Pals","article_modified_time":"2020-05-08T20:57:59+00:00","twitter_card":"summary_large_image","twitter_misc":{"Dur\u00e9e de lecture estim\u00e9e":"5 minutes"},"schema":{"@context":"https:\/\/schema.org","@graph":[{"@type":"WebPage","@id":"https:\/\/www.masferranpals.com\/fr\/environnement\/conjunt-medieval-de-peratallada\/","url":"https:\/\/www.masferranpals.com\/fr\/environnement\/conjunt-medieval-de-peratallada\/","name":"CONJUNT MEDIEVAL DE PERATALLADA - Mas Ferran Pals","isPartOf":{"@id":"https:\/\/www.masferranpals.com\/fr\/#website"},"datePublished":"2020-02-12T13:01:53+00:00","dateModified":"2020-05-08T20:57:59+00:00","breadcrumb":{"@id":"https:\/\/www.masferranpals.com\/fr\/environnement\/conjunt-medieval-de-peratallada\/#breadcrumb"},"inLanguage":"fr-FR","potentialAction":[{"@type":"ReadAction","target":["https:\/\/www.masferranpals.com\/fr\/environnement\/conjunt-medieval-de-peratallada\/"]}]},{"@type":"BreadcrumbList","@id":"https:\/\/www.masferranpals.com\/fr\/environnement\/conjunt-medieval-de-peratallada\/#breadcrumb","itemListElement":[{"@type":"ListItem","position":1,"name":"Home","item":"https:\/\/www.masferranpals.com\/fr\/"},{"@type":"ListItem","position":2,"name":"Environs &#8211; plages","item":"https:\/\/www.masferranpals.com\/fr\/environnement\/"},{"@type":"ListItem","position":3,"name":"CONJUNT MEDIEVAL DE PERATALLADA"}]},{"@type":"WebSite","@id":"https:\/\/www.masferranpals.com\/fr\/#website","url":"https:\/\/www.masferranpals.com\/fr\/","name":"Mas Ferran Pals","description":"Habitacions en un espai privilegiat a l\u2019Empord\u00e0.","potentialAction":[{"@type":"SearchAction","target":{"@type":"EntryPoint","urlTemplate":"https:\/\/www.masferranpals.com\/fr\/?s={search_term_string}"},"query-input":{"@type":"PropertyValueSpecification","valueRequired":true,"valueName":"search_term_string"}}],"inLanguage":"fr-FR"}]}},"_links":{"self":[{"href":"https:\/\/www.masferranpals.com\/fr\/wp-json\/wp\/v2\/pages\/3385","targetHints":{"allow":["GET"]}}],"collection":[{"href":"https:\/\/www.masferranpals.com\/fr\/wp-json\/wp\/v2\/pages"}],"about":[{"href":"https:\/\/www.masferranpals.com\/fr\/wp-json\/wp\/v2\/types\/page"}],"author":[{"embeddable":true,"href":"https:\/\/www.masferranpals.com\/fr\/wp-json\/wp\/v2\/users\/4"}],"replies":[{"embeddable":true,"href":"https:\/\/www.masferranpals.com\/fr\/wp-json\/wp\/v2\/comments?post=3385"}],"version-history":[{"count":8,"href":"https:\/\/www.masferranpals.com\/fr\/wp-json\/wp\/v2\/pages\/3385\/revisions"}],"predecessor-version":[{"id":7206,"href":"https:\/\/www.masferranpals.com\/fr\/wp-json\/wp\/v2\/pages\/3385\/revisions\/7206"}],"up":[{"embeddable":true,"href":"https:\/\/www.masferranpals.com\/fr\/wp-json\/wp\/v2\/pages\/3429"}],"wp:attachment":[{"href":"https:\/\/www.masferranpals.com\/fr\/wp-json\/wp\/v2\/media?parent=3385"}],"curies":[{"name":"wp","href":"https:\/\/api.w.org\/{rel}","templated":true}]}}