{"id":3388,"date":"2020-02-12T14:01:58","date_gmt":"2020-02-12T13:01:58","guid":{"rendered":"https:\/\/www.masferranpals.com\/?page_id=3388"},"modified":"2020-05-08T21:36:15","modified_gmt":"2020-05-08T20:36:15","slug":"festival-internacional-de-musica-de-torroella-de-montgri","status":"publish","type":"page","link":"https:\/\/www.masferranpals.com\/fr\/environnement\/festival-internacional-de-musica-de-torroella-de-montgri\/","title":{"rendered":"FESTIVAL INTERNACIONAL DE M\u00daSICA DE TORROELLA DE MONTGR\u00cd"},"content":{"rendered":"\n<style type=\"text\/css\" data-created_by=\"avia_inline_auto\" id=\"style-css-av-cctim-6bc23355add449a9ab9f1d61b3fc125f\">\n.flex_column.av-cctim-6bc23355add449a9ab9f1d61b3fc125f{\nborder-radius:0px 0px 0px 0px;\npadding:0px 0px 0px 0px;\n}\n<\/style>\n<div  class='flex_column av-cctim-6bc23355add449a9ab9f1d61b3fc125f av_one_full  avia-builder-el-0  el_before_av_one_half  avia-builder-el-first  first flex_column_div av-zero-column-padding  '     ><style type=\"text\/css\" data-created_by=\"avia_inline_auto\" id=\"style-css-av-k93bmgbb-56cc06d8939a2a1d220bd74d0e6c3272\">\n#top .av-special-heading.av-k93bmgbb-56cc06d8939a2a1d220bd74d0e6c3272{\npadding-bottom:5px;\n}\nbody .av-special-heading.av-k93bmgbb-56cc06d8939a2a1d220bd74d0e6c3272 .av-special-heading-tag .heading-char{\nfont-size:25px;\n}\n.av-special-heading.av-k93bmgbb-56cc06d8939a2a1d220bd74d0e6c3272 .av-subheading{\nfont-size:15px;\n}\n<\/style>\n<div  class='av-special-heading av-k93bmgbb-56cc06d8939a2a1d220bd74d0e6c3272 av-special-heading-h1  avia-builder-el-1  avia-builder-el-no-sibling  av-linked-heading'><h1 class='av-special-heading-tag '  itemprop=\"headline\"  >FESTIVAL MUSIQUE DU TORROELLA DE MONTGR\u00cd<\/h1><div class=\"special-heading-border\"><div class=\"special-heading-inner-border\"><\/div><\/div><\/div><\/div>\n\n<style type=\"text\/css\" data-created_by=\"avia_inline_auto\" id=\"style-css-av-1qp42-dd2f184ed8b74bf9d1baeb6ae2f44109\">\n.flex_column.av-1qp42-dd2f184ed8b74bf9d1baeb6ae2f44109{\nborder-radius:0px 0px 0px 0px;\npadding:0px 0px 0px 0px;\n}\n<\/style>\n<div  class='flex_column av-1qp42-dd2f184ed8b74bf9d1baeb6ae2f44109 av_one_half  avia-builder-el-2  el_after_av_one_full  el_before_av_one_half  first flex_column_div av-zero-column-padding  column-top-margin'     ><section  class='av_textblock_section av-asgcm-90f7fc53c1727e0ec304c8a74233f53d '   itemscope=\"itemscope\" itemtype=\"https:\/\/schema.org\/CreativeWork\" ><div class='avia_textblock'  itemprop=\"text\" ><p><strong>Le Festival du Torroella de Montgr\u00ed a commenc\u00e9 en 1981 avec une s\u00e9rie de quelques concerts qui ont eu lieu dans l&rsquo;\u00e9glise gothique de Sant Gen\u00eds<\/strong>, une place \u00e0 arcades gothique-Renaissance et l&rsquo;ancien couvent des Augustins, de la fin du XVIIe si\u00e8cle. Jusqu&rsquo;en 2019, 39 \u00e9ditions ont eu lieu et un total de 928 concerts auxquels ont assist\u00e9 plus de 435 729 spectateurs.<\/p>\n<p><strong>Le Festival Torroella de Montgr\u00ed a re\u00e7u le label de qualit\u00e9 Effe Label 2017-2018 et Label 2019-2020 d\u00e9cern\u00e9 par la European Festival Association et qui reconna\u00eet les meilleurs festivals d&rsquo;Europe<\/strong>.<\/p>\n<p>Les raisons pour lesquelles le jury a distingu\u00e9 le festival ont \u00e9t\u00e9 \u00ab\u00a0ses efforts pour atteindre un large public, pour \u00e9tablir des relations entre les jeunes artistes et les professionnels \u00e9tablis et pour la force de ses installations, qui sont un potentiel pour un festival qui, malgr\u00e9 de sa longue histoire, il n&rsquo;a pas cess\u00e9 d&rsquo;avoir un sens dans la soci\u00e9t\u00e9\u00a0\u00bb.<\/p>\n<p><strong>Assurez-vous de v\u00e9rifier le calendrier annuel!<\/strong><\/p>\n<\/div><\/section><\/div>\n\n<style type=\"text\/css\" data-created_by=\"avia_inline_auto\" id=\"style-css-av-qj12-2f81ef96171b8e1f27e1205f17309016\">\n.flex_column.av-qj12-2f81ef96171b8e1f27e1205f17309016{\nborder-radius:0px 0px 0px 0px;\npadding:0px 0px 0px 0px;\n}\n<\/style>\n<div  class='flex_column av-qj12-2f81ef96171b8e1f27e1205f17309016 av_one_half  avia-builder-el-4  el_after_av_one_half  avia-builder-el-last  flex_column_div av-zero-column-padding  column-top-margin'     ><p>\n<style type=\"text\/css\" data-created_by=\"avia_inline_auto\" id=\"style-css-av-k9yntaue-04dfda2815439712f7fed14b3c143a74\">\n#top .hr.hr-invisible.av-k9yntaue-04dfda2815439712f7fed14b3c143a74{\nheight:20px;\n}\n<\/style>\n<div  class='hr av-k9yntaue-04dfda2815439712f7fed14b3c143a74 hr-invisible  avia-builder-el-5  el_before_av_image  avia-builder-el-first '><span class='hr-inner '><span class=\"hr-inner-style\"><\/span><\/span><\/div><br \/>\n\n<style type=\"text\/css\" data-created_by=\"avia_inline_auto\" id=\"style-css-av-k6j0bfin-7b0ecec11ad2c4d0e4e3346eb488d278\">\n.avia-image-container.av-k6j0bfin-7b0ecec11ad2c4d0e4e3346eb488d278 img.avia_image{\nbox-shadow:none;\n}\n.avia-image-container.av-k6j0bfin-7b0ecec11ad2c4d0e4e3346eb488d278 .av-image-caption-overlay-center{\ncolor:#ffffff;\n}\n<\/style>\n<div  class='avia-image-container av-k6j0bfin-7b0ecec11ad2c4d0e4e3346eb488d278 av-styling- avia-align-center  avia-builder-el-6  el_after_av_hr  avia-builder-el-last '   itemprop=\"image\" itemscope=\"itemscope\" itemtype=\"https:\/\/schema.org\/ImageObject\" ><div class=\"avia-image-container-inner\"><div class=\"avia-image-overlay-wrap\"><img decoding=\"async\" fetchpriority=\"high\" class='wp-image-3213 avia-img-lazy-loading-not-3213 avia_image ' src=\"https:\/\/www.masferranpals.com\/wp-content\/uploads\/2020\/02\/FIM-Torroella-495x363.jpg\" alt='FESTIVAL M\u00daSICA DE TORROELLA DE MONTGR\u00cd' title='Festival Internacional de M\u00fasica de Torroella de Montgr\u00ed'  height=\"363\" width=\"495\"  itemprop=\"thumbnailUrl\"  \/><\/div><\/div><\/div><\/p><\/div>\n","protected":false},"excerpt":{"rendered":"","protected":false},"author":4,"featured_media":0,"parent":3429,"menu_order":0,"comment_status":"closed","ping_status":"closed","template":"","meta":{"footnotes":""},"class_list":["post-3388","page","type-page","status-publish","hentry"],"yoast_head":"<!-- This site is optimized with the Yoast SEO plugin v27.0 - https:\/\/yoast.com\/product\/yoast-seo-wordpress\/ -->\n<title>FESTIVAL INTERNACIONAL DE M\u00daSICA DE TORROELLA DE MONTGR\u00cd - Mas Ferran Pals<\/title>\n<meta name=\"robots\" content=\"index, follow, max-snippet:-1, max-image-preview:large, max-video-preview:-1\" \/>\n<link rel=\"canonical\" href=\"https:\/\/www.masferranpals.com\/fr\/environnement\/festival-internacional-de-musica-de-torroella-de-montgri\/\" \/>\n<meta property=\"og:locale\" content=\"fr_FR\" \/>\n<meta property=\"og:type\" content=\"article\" \/>\n<meta property=\"og:title\" content=\"FESTIVAL INTERNACIONAL DE M\u00daSICA DE TORROELLA DE MONTGR\u00cd - Mas Ferran Pals\" \/>\n<meta property=\"og:url\" content=\"https:\/\/www.masferranpals.com\/fr\/environnement\/festival-internacional-de-musica-de-torroella-de-montgri\/\" \/>\n<meta property=\"og:site_name\" content=\"Mas Ferran Pals\" \/>\n<meta property=\"article:modified_time\" content=\"2020-05-08T20:36:15+00:00\" \/>\n<meta name=\"twitter:card\" content=\"summary_large_image\" \/>\n<meta name=\"twitter:label1\" content=\"Dur\u00e9e de lecture estim\u00e9e\" \/>\n\t<meta name=\"twitter:data1\" content=\"3 minutes\" \/>\n<script type=\"application\/ld+json\" class=\"yoast-schema-graph\">{\"@context\":\"https:\/\/schema.org\",\"@graph\":[{\"@type\":\"WebPage\",\"@id\":\"https:\/\/www.masferranpals.com\/fr\/environnement\/festival-internacional-de-musica-de-torroella-de-montgri\/\",\"url\":\"https:\/\/www.masferranpals.com\/fr\/environnement\/festival-internacional-de-musica-de-torroella-de-montgri\/\",\"name\":\"FESTIVAL INTERNACIONAL DE M\u00daSICA DE TORROELLA DE MONTGR\u00cd - Mas Ferran Pals\",\"isPartOf\":{\"@id\":\"https:\/\/www.masferranpals.com\/fr\/#website\"},\"datePublished\":\"2020-02-12T13:01:58+00:00\",\"dateModified\":\"2020-05-08T20:36:15+00:00\",\"breadcrumb\":{\"@id\":\"https:\/\/www.masferranpals.com\/fr\/environnement\/festival-internacional-de-musica-de-torroella-de-montgri\/#breadcrumb\"},\"inLanguage\":\"fr-FR\",\"potentialAction\":[{\"@type\":\"ReadAction\",\"target\":[\"https:\/\/www.masferranpals.com\/fr\/environnement\/festival-internacional-de-musica-de-torroella-de-montgri\/\"]}]},{\"@type\":\"BreadcrumbList\",\"@id\":\"https:\/\/www.masferranpals.com\/fr\/environnement\/festival-internacional-de-musica-de-torroella-de-montgri\/#breadcrumb\",\"itemListElement\":[{\"@type\":\"ListItem\",\"position\":1,\"name\":\"Home\",\"item\":\"https:\/\/www.masferranpals.com\/fr\/\"},{\"@type\":\"ListItem\",\"position\":2,\"name\":\"Environs &#8211; plages\",\"item\":\"https:\/\/www.masferranpals.com\/fr\/environnement\/\"},{\"@type\":\"ListItem\",\"position\":3,\"name\":\"FESTIVAL INTERNACIONAL DE M\u00daSICA DE TORROELLA DE MONTGR\u00cd\"}]},{\"@type\":\"WebSite\",\"@id\":\"https:\/\/www.masferranpals.com\/fr\/#website\",\"url\":\"https:\/\/www.masferranpals.com\/fr\/\",\"name\":\"Mas Ferran Pals\",\"description\":\"Habitacions en un espai privilegiat a l\u2019Empord\u00e0.\",\"potentialAction\":[{\"@type\":\"SearchAction\",\"target\":{\"@type\":\"EntryPoint\",\"urlTemplate\":\"https:\/\/www.masferranpals.com\/fr\/?s={search_term_string}\"},\"query-input\":{\"@type\":\"PropertyValueSpecification\",\"valueRequired\":true,\"valueName\":\"search_term_string\"}}],\"inLanguage\":\"fr-FR\"}]}<\/script>\n<!-- \/ Yoast SEO plugin. -->","yoast_head_json":{"title":"FESTIVAL INTERNACIONAL DE M\u00daSICA DE TORROELLA DE MONTGR\u00cd - Mas Ferran Pals","robots":{"index":"index","follow":"follow","max-snippet":"max-snippet:-1","max-image-preview":"max-image-preview:large","max-video-preview":"max-video-preview:-1"},"canonical":"https:\/\/www.masferranpals.com\/fr\/environnement\/festival-internacional-de-musica-de-torroella-de-montgri\/","og_locale":"fr_FR","og_type":"article","og_title":"FESTIVAL INTERNACIONAL DE M\u00daSICA DE TORROELLA DE MONTGR\u00cd - Mas Ferran Pals","og_url":"https:\/\/www.masferranpals.com\/fr\/environnement\/festival-internacional-de-musica-de-torroella-de-montgri\/","og_site_name":"Mas Ferran Pals","article_modified_time":"2020-05-08T20:36:15+00:00","twitter_card":"summary_large_image","twitter_misc":{"Dur\u00e9e de lecture estim\u00e9e":"3 minutes"},"schema":{"@context":"https:\/\/schema.org","@graph":[{"@type":"WebPage","@id":"https:\/\/www.masferranpals.com\/fr\/environnement\/festival-internacional-de-musica-de-torroella-de-montgri\/","url":"https:\/\/www.masferranpals.com\/fr\/environnement\/festival-internacional-de-musica-de-torroella-de-montgri\/","name":"FESTIVAL INTERNACIONAL DE M\u00daSICA DE TORROELLA DE MONTGR\u00cd - Mas Ferran Pals","isPartOf":{"@id":"https:\/\/www.masferranpals.com\/fr\/#website"},"datePublished":"2020-02-12T13:01:58+00:00","dateModified":"2020-05-08T20:36:15+00:00","breadcrumb":{"@id":"https:\/\/www.masferranpals.com\/fr\/environnement\/festival-internacional-de-musica-de-torroella-de-montgri\/#breadcrumb"},"inLanguage":"fr-FR","potentialAction":[{"@type":"ReadAction","target":["https:\/\/www.masferranpals.com\/fr\/environnement\/festival-internacional-de-musica-de-torroella-de-montgri\/"]}]},{"@type":"BreadcrumbList","@id":"https:\/\/www.masferranpals.com\/fr\/environnement\/festival-internacional-de-musica-de-torroella-de-montgri\/#breadcrumb","itemListElement":[{"@type":"ListItem","position":1,"name":"Home","item":"https:\/\/www.masferranpals.com\/fr\/"},{"@type":"ListItem","position":2,"name":"Environs &#8211; plages","item":"https:\/\/www.masferranpals.com\/fr\/environnement\/"},{"@type":"ListItem","position":3,"name":"FESTIVAL INTERNACIONAL DE M\u00daSICA DE TORROELLA DE MONTGR\u00cd"}]},{"@type":"WebSite","@id":"https:\/\/www.masferranpals.com\/fr\/#website","url":"https:\/\/www.masferranpals.com\/fr\/","name":"Mas Ferran Pals","description":"Habitacions en un espai privilegiat a l\u2019Empord\u00e0.","potentialAction":[{"@type":"SearchAction","target":{"@type":"EntryPoint","urlTemplate":"https:\/\/www.masferranpals.com\/fr\/?s={search_term_string}"},"query-input":{"@type":"PropertyValueSpecification","valueRequired":true,"valueName":"search_term_string"}}],"inLanguage":"fr-FR"}]}},"_links":{"self":[{"href":"https:\/\/www.masferranpals.com\/fr\/wp-json\/wp\/v2\/pages\/3388","targetHints":{"allow":["GET"]}}],"collection":[{"href":"https:\/\/www.masferranpals.com\/fr\/wp-json\/wp\/v2\/pages"}],"about":[{"href":"https:\/\/www.masferranpals.com\/fr\/wp-json\/wp\/v2\/types\/page"}],"author":[{"embeddable":true,"href":"https:\/\/www.masferranpals.com\/fr\/wp-json\/wp\/v2\/users\/4"}],"replies":[{"embeddable":true,"href":"https:\/\/www.masferranpals.com\/fr\/wp-json\/wp\/v2\/comments?post=3388"}],"version-history":[{"count":8,"href":"https:\/\/www.masferranpals.com\/fr\/wp-json\/wp\/v2\/pages\/3388\/revisions"}],"predecessor-version":[{"id":7174,"href":"https:\/\/www.masferranpals.com\/fr\/wp-json\/wp\/v2\/pages\/3388\/revisions\/7174"}],"up":[{"embeddable":true,"href":"https:\/\/www.masferranpals.com\/fr\/wp-json\/wp\/v2\/pages\/3429"}],"wp:attachment":[{"href":"https:\/\/www.masferranpals.com\/fr\/wp-json\/wp\/v2\/media?parent=3388"}],"curies":[{"name":"wp","href":"https:\/\/api.w.org\/{rel}","templated":true}]}}