{"id":3592,"date":"2020-02-12T17:12:21","date_gmt":"2020-02-12T16:12:21","guid":{"rendered":"https:\/\/www.masferranpals.com\/?page_id=3592"},"modified":"2020-05-01T19:37:18","modified_gmt":"2020-05-01T18:37:18","slug":"platja-del-castell-palamos","status":"publish","type":"page","link":"https:\/\/www.masferranpals.com\/fr\/plages\/platja-del-castell-palamos\/","title":{"rendered":"PLATJA DEL CASTELL, Palam\u00f3s"},"content":{"rendered":"\n<style type=\"text\/css\" data-created_by=\"avia_inline_auto\" id=\"style-css-av-cctim-6bc23355add449a9ab9f1d61b3fc125f\">\n.flex_column.av-cctim-6bc23355add449a9ab9f1d61b3fc125f{\nborder-radius:0px 0px 0px 0px;\npadding:0px 0px 0px 0px;\n}\n<\/style>\n<div  class='flex_column av-cctim-6bc23355add449a9ab9f1d61b3fc125f av_one_full  avia-builder-el-0  el_before_av_one_half  avia-builder-el-first  first flex_column_div av-zero-column-padding  '     ><style type=\"text\/css\" data-created_by=\"avia_inline_auto\" id=\"style-css-av-k6jaq2it-065ad7b8d083cc004c0d59023b950790\">\n#top .av-special-heading.av-k6jaq2it-065ad7b8d083cc004c0d59023b950790{\npadding-bottom:5px;\n}\nbody .av-special-heading.av-k6jaq2it-065ad7b8d083cc004c0d59023b950790 .av-special-heading-tag .heading-char{\nfont-size:25px;\n}\n.av-special-heading.av-k6jaq2it-065ad7b8d083cc004c0d59023b950790 .av-subheading{\nfont-size:15px;\n}\n<\/style>\n<div  class='av-special-heading av-k6jaq2it-065ad7b8d083cc004c0d59023b950790 av-special-heading-h1  avia-builder-el-1  avia-builder-el-no-sibling  av-linked-heading'><h1 class='av-special-heading-tag '  itemprop=\"headline\"  >PLATJA DEL CASTELL, Palam\u00f3s<\/h1><div class=\"special-heading-border\"><div class=\"special-heading-inner-border\"><\/div><\/div><\/div><\/div>\n\n<style type=\"text\/css\" data-created_by=\"avia_inline_auto\" id=\"style-css-av-1qp42-dd2f184ed8b74bf9d1baeb6ae2f44109\">\n.flex_column.av-1qp42-dd2f184ed8b74bf9d1baeb6ae2f44109{\nborder-radius:0px 0px 0px 0px;\npadding:0px 0px 0px 0px;\n}\n<\/style>\n<div  class='flex_column av-1qp42-dd2f184ed8b74bf9d1baeb6ae2f44109 av_one_half  avia-builder-el-2  el_after_av_one_full  el_before_av_one_half  first flex_column_div av-zero-column-padding  column-top-margin'     ><section  class='av_textblock_section av-asgcm-90f7fc53c1727e0ec304c8a74233f53d '   itemscope=\"itemscope\" itemtype=\"https:\/\/schema.org\/CreativeWork\" ><div class='avia_textblock'  itemprop=\"text\" ><p><strong>Nature et histoire ensemble. La plage de Castell est situ\u00e9e \u00e0 quelques m\u00e8tres du village ib\u00e9rique de Castell et, bien s\u00fbr, int\u00e9gr\u00e9e dans la zone d&rsquo;int\u00e9r\u00eat naturel du ch\u00e2teau de Cap Roig. <\/strong><\/p>\n<p>Le canal d&rsquo;Aubi s&rsquo;y jette et offre plus de 300 m\u00e8tres lin\u00e9aires de sable fin qui feront passer du bon temps \u00e0 toute la famille. Les pins font partie du paysage, regardez o\u00f9 vous regardez.<\/p>\n<p>Malgr\u00e9 son \u00e9loignement du centre-ville, cette plage offre un grand nombre de services. Cela comprend une \u00e9cole de kayak et des passerelles pour les personnes \u00e0 mobilit\u00e9 r\u00e9duite, entre autres. Il est fortement recommand\u00e9 qu&rsquo;en plus de plonger dans l&rsquo;eau, vous vous promeniez dans la r\u00e9gion.<\/p>\n<p>Il y a un grand parking \u00e0 distance de marche, qui est payant en \u00e9t\u00e9.<\/p>\n<\/div><\/section><\/div>\n<style type=\"text\/css\" data-created_by=\"avia_inline_auto\" id=\"style-css-av-qj12-2f81ef96171b8e1f27e1205f17309016\">\n.flex_column.av-qj12-2f81ef96171b8e1f27e1205f17309016{\nborder-radius:0px 0px 0px 0px;\npadding:0px 0px 0px 0px;\n}\n<\/style>\n<div  class='flex_column av-qj12-2f81ef96171b8e1f27e1205f17309016 av_one_half  avia-builder-el-4  el_after_av_one_half  avia-builder-el-last  flex_column_div av-zero-column-padding  column-top-margin'     ><style type=\"text\/css\" data-created_by=\"avia_inline_auto\" id=\"style-css-av-k6j0bfin-452913059329f39a3473706e8ddd47fc\">\n.avia-image-container.av-k6j0bfin-452913059329f39a3473706e8ddd47fc img.avia_image{\nbox-shadow:none;\n}\n.avia-image-container.av-k6j0bfin-452913059329f39a3473706e8ddd47fc .av-image-caption-overlay-center{\ncolor:#ffffff;\n}\n<\/style>\n<div  class='avia-image-container av-k6j0bfin-452913059329f39a3473706e8ddd47fc av-styling- avia-align-center  avia-builder-el-5  avia-builder-el-no-sibling '   itemprop=\"image\" itemscope=\"itemscope\" itemtype=\"https:\/\/schema.org\/ImageObject\" ><div class=\"avia-image-container-inner\"><div class=\"avia-image-overlay-wrap\"><img decoding=\"async\" fetchpriority=\"high\" class='wp-image-4838 avia-img-lazy-loading-not-4838 avia_image ' src=\"https:\/\/www.masferranpals.com\/wp-content\/uploads\/2020\/04\/Platja-del-Castell.jpg\" alt='Platja del Castell' title='Platja del Castell'  height=\"328\" width=\"500\"  itemprop=\"thumbnailUrl\" srcset=\"https:\/\/www.masferranpals.com\/wp-content\/uploads\/2020\/04\/Platja-del-Castell.jpg 500w, https:\/\/www.masferranpals.com\/wp-content\/uploads\/2020\/04\/Platja-del-Castell-300x197.jpg 300w\" sizes=\"(max-width: 500px) 100vw, 500px\" \/><\/div><\/div><\/div><\/div><\/p>\n","protected":false},"excerpt":{"rendered":"","protected":false},"author":4,"featured_media":0,"parent":3558,"menu_order":0,"comment_status":"closed","ping_status":"closed","template":"","meta":{"footnotes":""},"class_list":["post-3592","page","type-page","status-publish","hentry"],"yoast_head":"<!-- This site is optimized with the Yoast SEO plugin v27.0 - https:\/\/yoast.com\/product\/yoast-seo-wordpress\/ -->\n<title>PLATJA DEL CASTELL, Palam\u00f3s - Mas Ferran Pals<\/title>\n<meta name=\"robots\" content=\"index, follow, max-snippet:-1, max-image-preview:large, max-video-preview:-1\" \/>\n<link rel=\"canonical\" href=\"https:\/\/www.masferranpals.com\/fr\/plages\/platja-del-castell-palamos\/\" \/>\n<meta property=\"og:locale\" content=\"fr_FR\" \/>\n<meta property=\"og:type\" content=\"article\" \/>\n<meta property=\"og:title\" content=\"PLATJA DEL CASTELL, Palam\u00f3s - Mas Ferran Pals\" \/>\n<meta property=\"og:url\" content=\"https:\/\/www.masferranpals.com\/fr\/plages\/platja-del-castell-palamos\/\" \/>\n<meta property=\"og:site_name\" content=\"Mas Ferran Pals\" \/>\n<meta property=\"article:modified_time\" content=\"2020-05-01T18:37:18+00:00\" \/>\n<meta name=\"twitter:card\" content=\"summary_large_image\" \/>\n<meta name=\"twitter:label1\" content=\"Dur\u00e9e de lecture estim\u00e9e\" \/>\n\t<meta name=\"twitter:data1\" content=\"3 minutes\" \/>\n<script type=\"application\/ld+json\" class=\"yoast-schema-graph\">{\"@context\":\"https:\/\/schema.org\",\"@graph\":[{\"@type\":\"WebPage\",\"@id\":\"https:\/\/www.masferranpals.com\/fr\/plages\/platja-del-castell-palamos\/\",\"url\":\"https:\/\/www.masferranpals.com\/fr\/plages\/platja-del-castell-palamos\/\",\"name\":\"PLATJA DEL CASTELL, Palam\u00f3s - Mas Ferran Pals\",\"isPartOf\":{\"@id\":\"https:\/\/www.masferranpals.com\/fr\/#website\"},\"datePublished\":\"2020-02-12T16:12:21+00:00\",\"dateModified\":\"2020-05-01T18:37:18+00:00\",\"breadcrumb\":{\"@id\":\"https:\/\/www.masferranpals.com\/fr\/plages\/platja-del-castell-palamos\/#breadcrumb\"},\"inLanguage\":\"fr-FR\",\"potentialAction\":[{\"@type\":\"ReadAction\",\"target\":[\"https:\/\/www.masferranpals.com\/fr\/plages\/platja-del-castell-palamos\/\"]}]},{\"@type\":\"BreadcrumbList\",\"@id\":\"https:\/\/www.masferranpals.com\/fr\/plages\/platja-del-castell-palamos\/#breadcrumb\",\"itemListElement\":[{\"@type\":\"ListItem\",\"position\":1,\"name\":\"Home\",\"item\":\"https:\/\/www.masferranpals.com\/fr\/\"},{\"@type\":\"ListItem\",\"position\":2,\"name\":\"Plages\",\"item\":\"https:\/\/www.masferranpals.com\/fr\/plages\/\"},{\"@type\":\"ListItem\",\"position\":3,\"name\":\"PLATJA DEL CASTELL, Palam\u00f3s\"}]},{\"@type\":\"WebSite\",\"@id\":\"https:\/\/www.masferranpals.com\/fr\/#website\",\"url\":\"https:\/\/www.masferranpals.com\/fr\/\",\"name\":\"Mas Ferran Pals\",\"description\":\"Habitacions en un espai privilegiat a l\u2019Empord\u00e0.\",\"potentialAction\":[{\"@type\":\"SearchAction\",\"target\":{\"@type\":\"EntryPoint\",\"urlTemplate\":\"https:\/\/www.masferranpals.com\/fr\/?s={search_term_string}\"},\"query-input\":{\"@type\":\"PropertyValueSpecification\",\"valueRequired\":true,\"valueName\":\"search_term_string\"}}],\"inLanguage\":\"fr-FR\"}]}<\/script>\n<!-- \/ Yoast SEO plugin. -->","yoast_head_json":{"title":"PLATJA DEL CASTELL, Palam\u00f3s - Mas Ferran Pals","robots":{"index":"index","follow":"follow","max-snippet":"max-snippet:-1","max-image-preview":"max-image-preview:large","max-video-preview":"max-video-preview:-1"},"canonical":"https:\/\/www.masferranpals.com\/fr\/plages\/platja-del-castell-palamos\/","og_locale":"fr_FR","og_type":"article","og_title":"PLATJA DEL CASTELL, Palam\u00f3s - Mas Ferran Pals","og_url":"https:\/\/www.masferranpals.com\/fr\/plages\/platja-del-castell-palamos\/","og_site_name":"Mas Ferran Pals","article_modified_time":"2020-05-01T18:37:18+00:00","twitter_card":"summary_large_image","twitter_misc":{"Dur\u00e9e de lecture estim\u00e9e":"3 minutes"},"schema":{"@context":"https:\/\/schema.org","@graph":[{"@type":"WebPage","@id":"https:\/\/www.masferranpals.com\/fr\/plages\/platja-del-castell-palamos\/","url":"https:\/\/www.masferranpals.com\/fr\/plages\/platja-del-castell-palamos\/","name":"PLATJA DEL CASTELL, Palam\u00f3s - Mas Ferran Pals","isPartOf":{"@id":"https:\/\/www.masferranpals.com\/fr\/#website"},"datePublished":"2020-02-12T16:12:21+00:00","dateModified":"2020-05-01T18:37:18+00:00","breadcrumb":{"@id":"https:\/\/www.masferranpals.com\/fr\/plages\/platja-del-castell-palamos\/#breadcrumb"},"inLanguage":"fr-FR","potentialAction":[{"@type":"ReadAction","target":["https:\/\/www.masferranpals.com\/fr\/plages\/platja-del-castell-palamos\/"]}]},{"@type":"BreadcrumbList","@id":"https:\/\/www.masferranpals.com\/fr\/plages\/platja-del-castell-palamos\/#breadcrumb","itemListElement":[{"@type":"ListItem","position":1,"name":"Home","item":"https:\/\/www.masferranpals.com\/fr\/"},{"@type":"ListItem","position":2,"name":"Plages","item":"https:\/\/www.masferranpals.com\/fr\/plages\/"},{"@type":"ListItem","position":3,"name":"PLATJA DEL CASTELL, Palam\u00f3s"}]},{"@type":"WebSite","@id":"https:\/\/www.masferranpals.com\/fr\/#website","url":"https:\/\/www.masferranpals.com\/fr\/","name":"Mas Ferran Pals","description":"Habitacions en un espai privilegiat a l\u2019Empord\u00e0.","potentialAction":[{"@type":"SearchAction","target":{"@type":"EntryPoint","urlTemplate":"https:\/\/www.masferranpals.com\/fr\/?s={search_term_string}"},"query-input":{"@type":"PropertyValueSpecification","valueRequired":true,"valueName":"search_term_string"}}],"inLanguage":"fr-FR"}]}},"_links":{"self":[{"href":"https:\/\/www.masferranpals.com\/fr\/wp-json\/wp\/v2\/pages\/3592","targetHints":{"allow":["GET"]}}],"collection":[{"href":"https:\/\/www.masferranpals.com\/fr\/wp-json\/wp\/v2\/pages"}],"about":[{"href":"https:\/\/www.masferranpals.com\/fr\/wp-json\/wp\/v2\/types\/page"}],"author":[{"embeddable":true,"href":"https:\/\/www.masferranpals.com\/fr\/wp-json\/wp\/v2\/users\/4"}],"replies":[{"embeddable":true,"href":"https:\/\/www.masferranpals.com\/fr\/wp-json\/wp\/v2\/comments?post=3592"}],"version-history":[{"count":7,"href":"https:\/\/www.masferranpals.com\/fr\/wp-json\/wp\/v2\/pages\/3592\/revisions"}],"predecessor-version":[{"id":6022,"href":"https:\/\/www.masferranpals.com\/fr\/wp-json\/wp\/v2\/pages\/3592\/revisions\/6022"}],"up":[{"embeddable":true,"href":"https:\/\/www.masferranpals.com\/fr\/wp-json\/wp\/v2\/pages\/3558"}],"wp:attachment":[{"href":"https:\/\/www.masferranpals.com\/fr\/wp-json\/wp\/v2\/media?parent=3592"}],"curies":[{"name":"wp","href":"https:\/\/api.w.org\/{rel}","templated":true}]}}