{"id":3593,"date":"2020-02-12T17:12:30","date_gmt":"2020-02-12T16:12:30","guid":{"rendered":"https:\/\/www.masferranpals.com\/?page_id=3593"},"modified":"2020-05-08T22:04:33","modified_gmt":"2020-05-08T21:04:33","slug":"platja-daiguablava-begur","status":"publish","type":"page","link":"https:\/\/www.masferranpals.com\/fr\/plages\/platja-daiguablava-begur\/","title":{"rendered":"PLATJA D\u2019AIGUABLAVA, Begur"},"content":{"rendered":"\n<style type=\"text\/css\" data-created_by=\"avia_inline_auto\" id=\"style-css-av-cctim-6bc23355add449a9ab9f1d61b3fc125f\">\n.flex_column.av-cctim-6bc23355add449a9ab9f1d61b3fc125f{\nborder-radius:0px 0px 0px 0px;\npadding:0px 0px 0px 0px;\n}\n<\/style>\n<div  class='flex_column av-cctim-6bc23355add449a9ab9f1d61b3fc125f av_one_full  avia-builder-el-0  el_before_av_three_fifth  avia-builder-el-first  first flex_column_div av-zero-column-padding  '     ><style type=\"text\/css\" data-created_by=\"avia_inline_auto\" id=\"style-css-av-k6j0a0nx-32a7a7f65850e3ce60848e935c45ea12\">\n#top .av-special-heading.av-k6j0a0nx-32a7a7f65850e3ce60848e935c45ea12{\npadding-bottom:5px;\n}\nbody .av-special-heading.av-k6j0a0nx-32a7a7f65850e3ce60848e935c45ea12 .av-special-heading-tag .heading-char{\nfont-size:25px;\n}\n.av-special-heading.av-k6j0a0nx-32a7a7f65850e3ce60848e935c45ea12 .av-subheading{\nfont-size:15px;\n}\n<\/style>\n<div  class='av-special-heading av-k6j0a0nx-32a7a7f65850e3ce60848e935c45ea12 av-special-heading-h1  avia-builder-el-1  avia-builder-el-no-sibling '><h1 class='av-special-heading-tag '  itemprop=\"headline\"  >PLATJA D\u2019AIGUABLAVA, Begur<\/h1><div class=\"special-heading-border\"><div class=\"special-heading-inner-border\"><\/div><\/div><\/div><\/div>\n\n<style type=\"text\/css\" data-created_by=\"avia_inline_auto\" id=\"style-css-av-1qp42-dd2f184ed8b74bf9d1baeb6ae2f44109\">\n.flex_column.av-1qp42-dd2f184ed8b74bf9d1baeb6ae2f44109{\nborder-radius:0px 0px 0px 0px;\npadding:0px 0px 0px 0px;\n}\n<\/style>\n<div  class='flex_column av-1qp42-dd2f184ed8b74bf9d1baeb6ae2f44109 av_three_fifth  avia-builder-el-2  el_after_av_one_full  el_before_av_two_fifth  first flex_column_div av-zero-column-padding  column-top-margin'     ><section  class='av_textblock_section av-asgcm-90f7fc53c1727e0ec304c8a74233f53d '   itemscope=\"itemscope\" itemtype=\"https:\/\/schema.org\/CreativeWork\" ><div class='avia_textblock'  itemprop=\"text\" ><p>Plage encadr\u00e9e dans un bel endroit de pins et de rochers, typique de la Costa Brava. Form\u00e9 par du sable fin dor\u00e9. Il dispose de nombreux services.<\/p>\n<p><strong>La plage d&rsquo;Aiguablava est un parfait r\u00e9sum\u00e9 de toutes les vertus de la Costa Brava et, en particulier, de la c\u00f4te de Begur. <\/strong><\/p>\n<p>Les eaux cristallines, le magnifique environnement naturel et les services disponibles en font une excellente plage. La pente de l&rsquo;entr\u00e9e de la mer n&rsquo;est pas tr\u00e8s raide.<\/p>\n<p>Il dispose de douches, d&rsquo;un service de s\u00e9curit\u00e9, de rampes d&rsquo;acc\u00e8s pour les personnes \u00e0 mobilit\u00e9 r\u00e9duite, d&rsquo;un parking, d&rsquo;un bar et de plusieurs restaurants.<br \/>\nSur un \u00e9peron rocheux sur le c\u00f4t\u00e9 droit de la crique, compl\u00e8tement entour\u00e9 de pins, se trouve le Parador Nacional d\u2019Aiguablava.<\/p>\n<p>\u00c0 gauche, la c\u00f4te est une succession constante de falaises et de petites criques, comme le Port d&rsquo;Esclany\u00e0, Punta des Pi, la plage d&rsquo;En Malaret, le port de Ses Orats et le Cap Rub\u00ed, derri\u00e8re lesquels se trouve la plage de Fonda.<\/p>\n<\/div><\/section><\/div>\n\n<style type=\"text\/css\" data-created_by=\"avia_inline_auto\" id=\"style-css-av-qj12-2f81ef96171b8e1f27e1205f17309016\">\n.flex_column.av-qj12-2f81ef96171b8e1f27e1205f17309016{\nborder-radius:0px 0px 0px 0px;\npadding:0px 0px 0px 0px;\n}\n<\/style>\n<div  class='flex_column av-qj12-2f81ef96171b8e1f27e1205f17309016 av_two_fifth  avia-builder-el-4  el_after_av_three_fifth  avia-builder-el-last  flex_column_div av-zero-column-padding  column-top-margin'     ><p>\n<style type=\"text\/css\" data-created_by=\"avia_inline_auto\" id=\"style-css-av-k9yotpqo-6138f5af937e5d32636f7356f11d35d2\">\n#top .hr.hr-invisible.av-k9yotpqo-6138f5af937e5d32636f7356f11d35d2{\nheight:20px;\n}\n<\/style>\n<div  class='hr av-k9yotpqo-6138f5af937e5d32636f7356f11d35d2 hr-invisible  avia-builder-el-5  el_before_av_image  avia-builder-el-first '><span class='hr-inner '><span class=\"hr-inner-style\"><\/span><\/span><\/div><br \/>\n\n<style type=\"text\/css\" data-created_by=\"avia_inline_auto\" id=\"style-css-av-k9oiantf-d7a2c0ca914ea6e811b87e9fc6b90f71\">\n.avia-image-container.av-k9oiantf-d7a2c0ca914ea6e811b87e9fc6b90f71 img.avia_image{\nbox-shadow:none;\n}\n.avia-image-container.av-k9oiantf-d7a2c0ca914ea6e811b87e9fc6b90f71 .av-image-caption-overlay-center{\ncolor:#ffffff;\n}\n<\/style>\n<div  class='avia-image-container av-k9oiantf-d7a2c0ca914ea6e811b87e9fc6b90f71 av-styling- avia-align-center  avia-builder-el-6  el_after_av_hr  avia-builder-el-last '   itemprop=\"image\" itemscope=\"itemscope\" itemtype=\"https:\/\/schema.org\/ImageObject\" ><div class=\"avia-image-container-inner\"><div class=\"avia-image-overlay-wrap\"><img decoding=\"async\" fetchpriority=\"high\" class='wp-image-4822 avia-img-lazy-loading-not-4822 avia_image ' src=\"https:\/\/www.masferranpals.com\/wp-content\/uploads\/2020\/04\/Cala-Aiguablava.jpg\" alt='Cala Aiguablava' title='Cala Aiguablava'  height=\"375\" width=\"500\"  itemprop=\"thumbnailUrl\" srcset=\"https:\/\/www.masferranpals.com\/wp-content\/uploads\/2020\/04\/Cala-Aiguablava.jpg 500w, https:\/\/www.masferranpals.com\/wp-content\/uploads\/2020\/04\/Cala-Aiguablava-300x225.jpg 300w\" sizes=\"(max-width: 500px) 100vw, 500px\" \/><\/div><\/div><\/div><\/p><\/div>\n","protected":false},"excerpt":{"rendered":"","protected":false},"author":4,"featured_media":0,"parent":3558,"menu_order":0,"comment_status":"closed","ping_status":"closed","template":"","meta":{"footnotes":""},"class_list":["post-3593","page","type-page","status-publish","hentry"],"yoast_head":"<!-- This site is optimized with the Yoast SEO plugin v27.0 - https:\/\/yoast.com\/product\/yoast-seo-wordpress\/ -->\n<title>PLATJA D\u2019AIGUABLAVA, Begur - Mas Ferran Pals<\/title>\n<meta name=\"robots\" content=\"index, follow, max-snippet:-1, max-image-preview:large, max-video-preview:-1\" \/>\n<link rel=\"canonical\" href=\"https:\/\/www.masferranpals.com\/fr\/plages\/platja-daiguablava-begur\/\" \/>\n<meta property=\"og:locale\" content=\"fr_FR\" \/>\n<meta property=\"og:type\" content=\"article\" \/>\n<meta property=\"og:title\" content=\"PLATJA D\u2019AIGUABLAVA, Begur - Mas Ferran Pals\" \/>\n<meta property=\"og:url\" content=\"https:\/\/www.masferranpals.com\/fr\/plages\/platja-daiguablava-begur\/\" \/>\n<meta property=\"og:site_name\" content=\"Mas Ferran Pals\" \/>\n<meta property=\"article:modified_time\" content=\"2020-05-08T21:04:33+00:00\" \/>\n<meta name=\"twitter:card\" content=\"summary_large_image\" \/>\n<meta name=\"twitter:label1\" content=\"Dur\u00e9e de lecture estim\u00e9e\" \/>\n\t<meta name=\"twitter:data1\" content=\"3 minutes\" \/>\n<script type=\"application\/ld+json\" class=\"yoast-schema-graph\">{\"@context\":\"https:\/\/schema.org\",\"@graph\":[{\"@type\":\"WebPage\",\"@id\":\"https:\/\/www.masferranpals.com\/fr\/plages\/platja-daiguablava-begur\/\",\"url\":\"https:\/\/www.masferranpals.com\/fr\/plages\/platja-daiguablava-begur\/\",\"name\":\"PLATJA D\u2019AIGUABLAVA, Begur - Mas Ferran Pals\",\"isPartOf\":{\"@id\":\"https:\/\/www.masferranpals.com\/fr\/#website\"},\"datePublished\":\"2020-02-12T16:12:30+00:00\",\"dateModified\":\"2020-05-08T21:04:33+00:00\",\"breadcrumb\":{\"@id\":\"https:\/\/www.masferranpals.com\/fr\/plages\/platja-daiguablava-begur\/#breadcrumb\"},\"inLanguage\":\"fr-FR\",\"potentialAction\":[{\"@type\":\"ReadAction\",\"target\":[\"https:\/\/www.masferranpals.com\/fr\/plages\/platja-daiguablava-begur\/\"]}]},{\"@type\":\"BreadcrumbList\",\"@id\":\"https:\/\/www.masferranpals.com\/fr\/plages\/platja-daiguablava-begur\/#breadcrumb\",\"itemListElement\":[{\"@type\":\"ListItem\",\"position\":1,\"name\":\"Home\",\"item\":\"https:\/\/www.masferranpals.com\/fr\/\"},{\"@type\":\"ListItem\",\"position\":2,\"name\":\"Plages\",\"item\":\"https:\/\/www.masferranpals.com\/fr\/plages\/\"},{\"@type\":\"ListItem\",\"position\":3,\"name\":\"PLATJA D\u2019AIGUABLAVA, Begur\"}]},{\"@type\":\"WebSite\",\"@id\":\"https:\/\/www.masferranpals.com\/fr\/#website\",\"url\":\"https:\/\/www.masferranpals.com\/fr\/\",\"name\":\"Mas Ferran Pals\",\"description\":\"Habitacions en un espai privilegiat a l\u2019Empord\u00e0.\",\"potentialAction\":[{\"@type\":\"SearchAction\",\"target\":{\"@type\":\"EntryPoint\",\"urlTemplate\":\"https:\/\/www.masferranpals.com\/fr\/?s={search_term_string}\"},\"query-input\":{\"@type\":\"PropertyValueSpecification\",\"valueRequired\":true,\"valueName\":\"search_term_string\"}}],\"inLanguage\":\"fr-FR\"}]}<\/script>\n<!-- \/ Yoast SEO plugin. -->","yoast_head_json":{"title":"PLATJA D\u2019AIGUABLAVA, Begur - Mas Ferran Pals","robots":{"index":"index","follow":"follow","max-snippet":"max-snippet:-1","max-image-preview":"max-image-preview:large","max-video-preview":"max-video-preview:-1"},"canonical":"https:\/\/www.masferranpals.com\/fr\/plages\/platja-daiguablava-begur\/","og_locale":"fr_FR","og_type":"article","og_title":"PLATJA D\u2019AIGUABLAVA, Begur - Mas Ferran Pals","og_url":"https:\/\/www.masferranpals.com\/fr\/plages\/platja-daiguablava-begur\/","og_site_name":"Mas Ferran Pals","article_modified_time":"2020-05-08T21:04:33+00:00","twitter_card":"summary_large_image","twitter_misc":{"Dur\u00e9e de lecture estim\u00e9e":"3 minutes"},"schema":{"@context":"https:\/\/schema.org","@graph":[{"@type":"WebPage","@id":"https:\/\/www.masferranpals.com\/fr\/plages\/platja-daiguablava-begur\/","url":"https:\/\/www.masferranpals.com\/fr\/plages\/platja-daiguablava-begur\/","name":"PLATJA D\u2019AIGUABLAVA, Begur - Mas Ferran Pals","isPartOf":{"@id":"https:\/\/www.masferranpals.com\/fr\/#website"},"datePublished":"2020-02-12T16:12:30+00:00","dateModified":"2020-05-08T21:04:33+00:00","breadcrumb":{"@id":"https:\/\/www.masferranpals.com\/fr\/plages\/platja-daiguablava-begur\/#breadcrumb"},"inLanguage":"fr-FR","potentialAction":[{"@type":"ReadAction","target":["https:\/\/www.masferranpals.com\/fr\/plages\/platja-daiguablava-begur\/"]}]},{"@type":"BreadcrumbList","@id":"https:\/\/www.masferranpals.com\/fr\/plages\/platja-daiguablava-begur\/#breadcrumb","itemListElement":[{"@type":"ListItem","position":1,"name":"Home","item":"https:\/\/www.masferranpals.com\/fr\/"},{"@type":"ListItem","position":2,"name":"Plages","item":"https:\/\/www.masferranpals.com\/fr\/plages\/"},{"@type":"ListItem","position":3,"name":"PLATJA D\u2019AIGUABLAVA, Begur"}]},{"@type":"WebSite","@id":"https:\/\/www.masferranpals.com\/fr\/#website","url":"https:\/\/www.masferranpals.com\/fr\/","name":"Mas Ferran Pals","description":"Habitacions en un espai privilegiat a l\u2019Empord\u00e0.","potentialAction":[{"@type":"SearchAction","target":{"@type":"EntryPoint","urlTemplate":"https:\/\/www.masferranpals.com\/fr\/?s={search_term_string}"},"query-input":{"@type":"PropertyValueSpecification","valueRequired":true,"valueName":"search_term_string"}}],"inLanguage":"fr-FR"}]}},"_links":{"self":[{"href":"https:\/\/www.masferranpals.com\/fr\/wp-json\/wp\/v2\/pages\/3593","targetHints":{"allow":["GET"]}}],"collection":[{"href":"https:\/\/www.masferranpals.com\/fr\/wp-json\/wp\/v2\/pages"}],"about":[{"href":"https:\/\/www.masferranpals.com\/fr\/wp-json\/wp\/v2\/types\/page"}],"author":[{"embeddable":true,"href":"https:\/\/www.masferranpals.com\/fr\/wp-json\/wp\/v2\/users\/4"}],"replies":[{"embeddable":true,"href":"https:\/\/www.masferranpals.com\/fr\/wp-json\/wp\/v2\/comments?post=3593"}],"version-history":[{"count":6,"href":"https:\/\/www.masferranpals.com\/fr\/wp-json\/wp\/v2\/pages\/3593\/revisions"}],"predecessor-version":[{"id":7220,"href":"https:\/\/www.masferranpals.com\/fr\/wp-json\/wp\/v2\/pages\/3593\/revisions\/7220"}],"up":[{"embeddable":true,"href":"https:\/\/www.masferranpals.com\/fr\/wp-json\/wp\/v2\/pages\/3558"}],"wp:attachment":[{"href":"https:\/\/www.masferranpals.com\/fr\/wp-json\/wp\/v2\/media?parent=3593"}],"curies":[{"name":"wp","href":"https:\/\/api.w.org\/{rel}","templated":true}]}}