{"id":3594,"date":"2020-02-12T17:12:47","date_gmt":"2020-02-12T16:12:47","guid":{"rendered":"https:\/\/www.masferranpals.com\/?page_id=3594"},"modified":"2020-05-08T22:17:13","modified_gmt":"2020-05-08T21:17:13","slug":"platja-fornells-begur","status":"publish","type":"page","link":"https:\/\/www.masferranpals.com\/fr\/plages\/platja-fornells-begur\/","title":{"rendered":"PLATJA FORNELLS, Begur"},"content":{"rendered":"\n<style type=\"text\/css\" data-created_by=\"avia_inline_auto\" id=\"style-css-av-cctim-6bc23355add449a9ab9f1d61b3fc125f\">\n.flex_column.av-cctim-6bc23355add449a9ab9f1d61b3fc125f{\nborder-radius:0px 0px 0px 0px;\npadding:0px 0px 0px 0px;\n}\n<\/style>\n<div  class='flex_column av-cctim-6bc23355add449a9ab9f1d61b3fc125f av_one_full  avia-builder-el-0  el_before_av_three_fifth  avia-builder-el-first  first flex_column_div av-zero-column-padding  '     ><style type=\"text\/css\" data-created_by=\"avia_inline_auto\" id=\"style-css-av-k6j0kpxo-d29214a63769743cd56d990125876602\">\n#top .av-special-heading.av-k6j0kpxo-d29214a63769743cd56d990125876602{\npadding-bottom:5px;\n}\nbody .av-special-heading.av-k6j0kpxo-d29214a63769743cd56d990125876602 .av-special-heading-tag .heading-char{\nfont-size:25px;\n}\n.av-special-heading.av-k6j0kpxo-d29214a63769743cd56d990125876602 .av-subheading{\nfont-size:15px;\n}\n<\/style>\n<div  class='av-special-heading av-k6j0kpxo-d29214a63769743cd56d990125876602 av-special-heading-h1  avia-builder-el-1  avia-builder-el-no-sibling '><h1 class='av-special-heading-tag '  itemprop=\"headline\"  >PLATJA FORNELLS, Begur<\/h1><div class=\"special-heading-border\"><div class=\"special-heading-inner-border\"><\/div><\/div><\/div><\/div>\n\n<style type=\"text\/css\" data-created_by=\"avia_inline_auto\" id=\"style-css-av-1qp42-dd2f184ed8b74bf9d1baeb6ae2f44109\">\n.flex_column.av-1qp42-dd2f184ed8b74bf9d1baeb6ae2f44109{\nborder-radius:0px 0px 0px 0px;\npadding:0px 0px 0px 0px;\n}\n<\/style>\n<div  class='flex_column av-1qp42-dd2f184ed8b74bf9d1baeb6ae2f44109 av_three_fifth  avia-builder-el-2  el_after_av_one_full  el_before_av_two_fifth  first flex_column_div av-zero-column-padding  column-top-margin'     ><section  class='av_textblock_section av-asgcm-90f7fc53c1727e0ec304c8a74233f53d '   itemscope=\"itemscope\" itemtype=\"https:\/\/schema.org\/CreativeWork\" ><div class='avia_textblock'  itemprop=\"text\" ><p>Nous trouvons les plages de Fornells au sud, un endroit que les conditions favorables qui l&rsquo;entourent se sont transform\u00e9es en un lieu privil\u00e9gi\u00e9 pour l&rsquo;\u00e9t\u00e9 et la r\u00e9sidence.<\/p>\n<p>\u00c0 Fornells, le port de plaisance et la maison que Bonaventura Sabater, connue sous le nom de Xiquet, avait construit au-dessus du port de Ses Orats se distinguent; appel\u00e9 El Parad\u00eds et qui, selon la tradition, \u00e9tait le lieu o\u00f9 cette c\u00f4te a \u00e9t\u00e9 nomm\u00e9e, il y a cent ans, avec le nom bien connu de \u00ab\u00a0Costa Brava\u00a0\u00bb.<\/p>\n<p>Le chemin circulaire sert de lien pour atteindre toutes les petites criques qui forment le noyau de Fornells: situ\u00e9 au nord, la crique \u00e9troite de l&rsquo;Estasia, et au sud, la crique de Ses Orats, suivie par la crique de &lsquo;\u00e0 Malaret. Ces trois criques ont pour caract\u00e9ristique commune que le sable n&rsquo;est pas tr\u00e8s fin, mais vous pouvez bronzer tranquillement, et l&rsquo;eau est tr\u00e8s claire, il est donc id\u00e9al pour plonger et profiter des fonds marins.<\/p>\n<p>Un peu plus loin, nous trouvons la crique de Port d\u2019Esclany\u00e0, plus large et form\u00e9e de pierres, \u00e0 la fois sur la plage et dans l\u2019eau.<\/p>\n<p>Acc\u00e8s \u00e0 pied (rond-point), en voiture et en \u00e9t\u00e9 par les transports en commun.<br \/>\n\u2022 Cala n&rsquo;Estasia: 25 m de long et 25 m de large; acc\u00e8s \u00e0 pied; pierres<br \/>\n\u2022 Cala port de ses Orats: 15 m de long et 10 m de large; acc\u00e8s \u00e0 pied; sable fin<br \/>\n\u2022 Cala d\u2019en Malaret: 17 m de long et 15 m de large; acc\u00e8s \u00e0 pied; sable fin<br \/>\n\u2022 Cala port d\u2019Esclany\u00e0: 85 m de long et 15 m de large; acc\u00e8s \u00e0 pied; pierres<\/p>\n<p><strong>Services de restauration \u00e0 proximit\u00e9.<\/strong><\/p>\n<\/div><\/section><\/div>\n\n<style type=\"text\/css\" data-created_by=\"avia_inline_auto\" id=\"style-css-av-qj12-2f81ef96171b8e1f27e1205f17309016\">\n.flex_column.av-qj12-2f81ef96171b8e1f27e1205f17309016{\nborder-radius:0px 0px 0px 0px;\npadding:0px 0px 0px 0px;\n}\n<\/style>\n<div  class='flex_column av-qj12-2f81ef96171b8e1f27e1205f17309016 av_two_fifth  avia-builder-el-4  el_after_av_three_fifth  avia-builder-el-last  flex_column_div av-zero-column-padding  column-top-margin'     ><p>\n<style type=\"text\/css\" data-created_by=\"avia_inline_auto\" id=\"style-css-av-k9yp9zuu-119551c3da52b2d845ddef889560a461\">\n#top .hr.hr-invisible.av-k9yp9zuu-119551c3da52b2d845ddef889560a461{\nheight:50px;\n}\n<\/style>\n<div  class='hr av-k9yp9zuu-119551c3da52b2d845ddef889560a461 hr-invisible  avia-builder-el-5  el_before_av_image  avia-builder-el-first '><span class='hr-inner '><span class=\"hr-inner-style\"><\/span><\/span><\/div><br \/>\n\n<style type=\"text\/css\" data-created_by=\"avia_inline_auto\" id=\"style-css-av-k6j0bfin-1c4a7ebc030b70bedd44137996b8fb2c\">\n.avia-image-container.av-k6j0bfin-1c4a7ebc030b70bedd44137996b8fb2c img.avia_image{\nbox-shadow:none;\n}\n.avia-image-container.av-k6j0bfin-1c4a7ebc030b70bedd44137996b8fb2c .av-image-caption-overlay-center{\ncolor:#ffffff;\n}\n<\/style>\n<div  class='avia-image-container av-k6j0bfin-1c4a7ebc030b70bedd44137996b8fb2c av-styling- avia-align-center  avia-builder-el-6  el_after_av_hr  avia-builder-el-last '   itemprop=\"image\" itemscope=\"itemscope\" itemtype=\"https:\/\/schema.org\/ImageObject\" ><div class=\"avia-image-container-inner\"><div class=\"avia-image-overlay-wrap\"><img decoding=\"async\" fetchpriority=\"high\" class='wp-image-4834 avia-img-lazy-loading-not-4834 avia_image ' src=\"https:\/\/www.masferranpals.com\/wp-content\/uploads\/2020\/04\/Platja-de-Fornells.jpg\" alt='Platja de Fornells' title='Platja de Fornells'  height=\"430\" width=\"650\"  itemprop=\"thumbnailUrl\" srcset=\"https:\/\/www.masferranpals.com\/wp-content\/uploads\/2020\/04\/Platja-de-Fornells.jpg 650w, https:\/\/www.masferranpals.com\/wp-content\/uploads\/2020\/04\/Platja-de-Fornells-300x198.jpg 300w\" sizes=\"(max-width: 650px) 100vw, 650px\" \/><\/div><\/div><\/div><\/p><\/div>\n","protected":false},"excerpt":{"rendered":"","protected":false},"author":4,"featured_media":0,"parent":3558,"menu_order":0,"comment_status":"closed","ping_status":"closed","template":"","meta":{"footnotes":""},"class_list":["post-3594","page","type-page","status-publish","hentry"],"yoast_head":"<!-- This site is optimized with the Yoast SEO plugin v27.0 - https:\/\/yoast.com\/product\/yoast-seo-wordpress\/ -->\n<title>PLATJA FORNELLS, Begur - Mas Ferran Pals<\/title>\n<meta name=\"robots\" content=\"index, follow, max-snippet:-1, max-image-preview:large, max-video-preview:-1\" \/>\n<link rel=\"canonical\" href=\"https:\/\/www.masferranpals.com\/fr\/plages\/platja-fornells-begur\/\" \/>\n<meta property=\"og:locale\" content=\"fr_FR\" \/>\n<meta property=\"og:type\" content=\"article\" \/>\n<meta property=\"og:title\" content=\"PLATJA FORNELLS, Begur - Mas Ferran Pals\" \/>\n<meta property=\"og:url\" content=\"https:\/\/www.masferranpals.com\/fr\/plages\/platja-fornells-begur\/\" \/>\n<meta property=\"og:site_name\" content=\"Mas Ferran Pals\" \/>\n<meta property=\"article:modified_time\" content=\"2020-05-08T21:17:13+00:00\" \/>\n<meta name=\"twitter:card\" content=\"summary_large_image\" \/>\n<meta name=\"twitter:label1\" content=\"Dur\u00e9e de lecture estim\u00e9e\" \/>\n\t<meta name=\"twitter:data1\" content=\"4 minutes\" \/>\n<script type=\"application\/ld+json\" class=\"yoast-schema-graph\">{\"@context\":\"https:\/\/schema.org\",\"@graph\":[{\"@type\":\"WebPage\",\"@id\":\"https:\/\/www.masferranpals.com\/fr\/plages\/platja-fornells-begur\/\",\"url\":\"https:\/\/www.masferranpals.com\/fr\/plages\/platja-fornells-begur\/\",\"name\":\"PLATJA FORNELLS, Begur - Mas Ferran Pals\",\"isPartOf\":{\"@id\":\"https:\/\/www.masferranpals.com\/fr\/#website\"},\"datePublished\":\"2020-02-12T16:12:47+00:00\",\"dateModified\":\"2020-05-08T21:17:13+00:00\",\"breadcrumb\":{\"@id\":\"https:\/\/www.masferranpals.com\/fr\/plages\/platja-fornells-begur\/#breadcrumb\"},\"inLanguage\":\"fr-FR\",\"potentialAction\":[{\"@type\":\"ReadAction\",\"target\":[\"https:\/\/www.masferranpals.com\/fr\/plages\/platja-fornells-begur\/\"]}]},{\"@type\":\"BreadcrumbList\",\"@id\":\"https:\/\/www.masferranpals.com\/fr\/plages\/platja-fornells-begur\/#breadcrumb\",\"itemListElement\":[{\"@type\":\"ListItem\",\"position\":1,\"name\":\"Home\",\"item\":\"https:\/\/www.masferranpals.com\/fr\/\"},{\"@type\":\"ListItem\",\"position\":2,\"name\":\"Plages\",\"item\":\"https:\/\/www.masferranpals.com\/fr\/plages\/\"},{\"@type\":\"ListItem\",\"position\":3,\"name\":\"PLATJA FORNELLS, Begur\"}]},{\"@type\":\"WebSite\",\"@id\":\"https:\/\/www.masferranpals.com\/fr\/#website\",\"url\":\"https:\/\/www.masferranpals.com\/fr\/\",\"name\":\"Mas Ferran Pals\",\"description\":\"Habitacions en un espai privilegiat a l\u2019Empord\u00e0.\",\"potentialAction\":[{\"@type\":\"SearchAction\",\"target\":{\"@type\":\"EntryPoint\",\"urlTemplate\":\"https:\/\/www.masferranpals.com\/fr\/?s={search_term_string}\"},\"query-input\":{\"@type\":\"PropertyValueSpecification\",\"valueRequired\":true,\"valueName\":\"search_term_string\"}}],\"inLanguage\":\"fr-FR\"}]}<\/script>\n<!-- \/ Yoast SEO plugin. -->","yoast_head_json":{"title":"PLATJA FORNELLS, Begur - Mas Ferran Pals","robots":{"index":"index","follow":"follow","max-snippet":"max-snippet:-1","max-image-preview":"max-image-preview:large","max-video-preview":"max-video-preview:-1"},"canonical":"https:\/\/www.masferranpals.com\/fr\/plages\/platja-fornells-begur\/","og_locale":"fr_FR","og_type":"article","og_title":"PLATJA FORNELLS, Begur - Mas Ferran Pals","og_url":"https:\/\/www.masferranpals.com\/fr\/plages\/platja-fornells-begur\/","og_site_name":"Mas Ferran Pals","article_modified_time":"2020-05-08T21:17:13+00:00","twitter_card":"summary_large_image","twitter_misc":{"Dur\u00e9e de lecture estim\u00e9e":"4 minutes"},"schema":{"@context":"https:\/\/schema.org","@graph":[{"@type":"WebPage","@id":"https:\/\/www.masferranpals.com\/fr\/plages\/platja-fornells-begur\/","url":"https:\/\/www.masferranpals.com\/fr\/plages\/platja-fornells-begur\/","name":"PLATJA FORNELLS, Begur - Mas Ferran Pals","isPartOf":{"@id":"https:\/\/www.masferranpals.com\/fr\/#website"},"datePublished":"2020-02-12T16:12:47+00:00","dateModified":"2020-05-08T21:17:13+00:00","breadcrumb":{"@id":"https:\/\/www.masferranpals.com\/fr\/plages\/platja-fornells-begur\/#breadcrumb"},"inLanguage":"fr-FR","potentialAction":[{"@type":"ReadAction","target":["https:\/\/www.masferranpals.com\/fr\/plages\/platja-fornells-begur\/"]}]},{"@type":"BreadcrumbList","@id":"https:\/\/www.masferranpals.com\/fr\/plages\/platja-fornells-begur\/#breadcrumb","itemListElement":[{"@type":"ListItem","position":1,"name":"Home","item":"https:\/\/www.masferranpals.com\/fr\/"},{"@type":"ListItem","position":2,"name":"Plages","item":"https:\/\/www.masferranpals.com\/fr\/plages\/"},{"@type":"ListItem","position":3,"name":"PLATJA FORNELLS, Begur"}]},{"@type":"WebSite","@id":"https:\/\/www.masferranpals.com\/fr\/#website","url":"https:\/\/www.masferranpals.com\/fr\/","name":"Mas Ferran Pals","description":"Habitacions en un espai privilegiat a l\u2019Empord\u00e0.","potentialAction":[{"@type":"SearchAction","target":{"@type":"EntryPoint","urlTemplate":"https:\/\/www.masferranpals.com\/fr\/?s={search_term_string}"},"query-input":{"@type":"PropertyValueSpecification","valueRequired":true,"valueName":"search_term_string"}}],"inLanguage":"fr-FR"}]}},"_links":{"self":[{"href":"https:\/\/www.masferranpals.com\/fr\/wp-json\/wp\/v2\/pages\/3594","targetHints":{"allow":["GET"]}}],"collection":[{"href":"https:\/\/www.masferranpals.com\/fr\/wp-json\/wp\/v2\/pages"}],"about":[{"href":"https:\/\/www.masferranpals.com\/fr\/wp-json\/wp\/v2\/types\/page"}],"author":[{"embeddable":true,"href":"https:\/\/www.masferranpals.com\/fr\/wp-json\/wp\/v2\/users\/4"}],"replies":[{"embeddable":true,"href":"https:\/\/www.masferranpals.com\/fr\/wp-json\/wp\/v2\/comments?post=3594"}],"version-history":[{"count":5,"href":"https:\/\/www.masferranpals.com\/fr\/wp-json\/wp\/v2\/pages\/3594\/revisions"}],"predecessor-version":[{"id":7222,"href":"https:\/\/www.masferranpals.com\/fr\/wp-json\/wp\/v2\/pages\/3594\/revisions\/7222"}],"up":[{"embeddable":true,"href":"https:\/\/www.masferranpals.com\/fr\/wp-json\/wp\/v2\/pages\/3558"}],"wp:attachment":[{"href":"https:\/\/www.masferranpals.com\/fr\/wp-json\/wp\/v2\/media?parent=3594"}],"curies":[{"name":"wp","href":"https:\/\/api.w.org\/{rel}","templated":true}]}}