{"id":9813,"date":"2025-08-26T10:42:26","date_gmt":"2025-08-26T09:42:26","guid":{"rendered":"https:\/\/www.masferranpals.com\/?page_id=9813"},"modified":"2025-08-27T12:25:15","modified_gmt":"2025-08-27T11:25:15","slug":"accessibilite","status":"publish","type":"page","link":"https:\/\/www.masferranpals.com\/fr\/accessibilite\/","title":{"rendered":"Accessibilit\u00e9"},"content":{"rendered":"<section  class='av_textblock_section av-mejsywy9-35c4dbf8d9d9a67ec46cb5d32998a700 '   itemscope=\"itemscope\" itemtype=\"https:\/\/schema.org\/CreativeWork\" ><div class='avia_textblock'  itemprop=\"text\" >\r\n\r\n<h1>D\u00e9claration d'accessibilit\u00e9<\/h1><p>Ferran Gil-Vernet Mart\u00ed-Granell s'engage \u00e0 rendre son site Web accessible conform\u00e9ment au <a href='https:\/\/www.boe.es\/eli\/es\/rd\/2018\/09\/07\/1112'>d\u00e9cret royal 1112\/2018<\/a> du 7 septembre sur l'accessibilit\u00e9 des sites Web et des applications pour appareils mobiles du secteur public.<\/p>\r\n<p>Cette d\u00e9claration d'accessibilit\u00e9 s'applique \u00e0 ce site Web.<\/p>\r\n<h2>\u00c9tat de conformit\u00e9<\/h2>\r\n<p>Ce site est enti\u00e8rement conforme au RD 1112\/2018.<\/p>\r\n<h2>Contenu non accessible<\/h2>\r\n<p>Le contenu r\u00e9pertori\u00e9 ci-dessous n'est pas accessible pour les raisons suivantes\u00a0:<\/p>\r\n<p><strong>Non-respect du RD 1112\/2018<\/strong><\/p>\r\n<p>Une imbrication incorrecte des balises peut toujours \u00eatre d\u00e9tect\u00e9e.<\/p>\r\n<p>Il pourrait y avoir des erreurs d'\u00e9dition occasionnelles sur le site Web.<\/p>\r\n<p><strong>fardeau disproportionn\u00e9<\/strong><\/p>\r\n<p>Ne s'applique pas.<\/p>\r\n<h2>Pr\u00e9paration de cette d\u00e9claration d'accessibilit\u00e9<\/h2>\r\n<p>Cette d\u00e9claration a \u00e9t\u00e9 pr\u00e9par\u00e9e le 5 mai 2023.<\/p>\r\n<p>La m\u00e9thode utilis\u00e9e pour pr\u00e9parer la d\u00e9claration a \u00e9t\u00e9 une auto-\u00e9valuation effectu\u00e9e par l'entreprise elle-m\u00eame.<\/p>\r\n<h2>Observations et coordonn\u00e9es<\/h2>\r\n<p>Vous pouvez faire des communications sur les exigences d'accessibilit\u00e9 (article 10.2.a) du RD 1112\/2018) telles que\u00a0:<\/p>\r\n<p>\u00a0<\/p>\r\n<ul>\r\n<li>Signaler toute violation possible par ce site Web.<\/li>\r\n<li>Transmettre d'autres difficult\u00e9s d'acc\u00e8s au contenu.<\/li>\r\n<li>Formuler toute autre requ\u00eate ou suggestion d'am\u00e9lioration li\u00e9e \u00e0 l'accessibilit\u00e9 du site Web.<\/li>\r\n<\/ul>\r\n<p>Via notre formulaire de contact, par t\u00e9l\u00e9phone ou en personne \u00e0 notre si\u00e8ge social.<\/p>\r\n<p>Les communications, les plaintes et les demandes d'informations accessibles seront re\u00e7ues et trait\u00e9es par notre \u00e9quipe.<\/p>\n<\/div><\/section>\n","protected":false},"excerpt":{"rendered":"","protected":false},"author":4,"featured_media":0,"parent":0,"menu_order":0,"comment_status":"closed","ping_status":"closed","template":"","meta":{"footnotes":""},"class_list":["post-9813","page","type-page","status-publish","hentry"],"yoast_head":"<!-- This site is optimized with the Yoast SEO plugin v27.0 - https:\/\/yoast.com\/product\/yoast-seo-wordpress\/ -->\n<title>Accessibilit\u00e9 - Mas Ferran Pals<\/title>\n<meta name=\"robots\" content=\"index, follow, max-snippet:-1, max-image-preview:large, max-video-preview:-1\" \/>\n<link rel=\"canonical\" href=\"https:\/\/www.masferranpals.com\/fr\/accessibilite\/\" \/>\n<meta property=\"og:locale\" content=\"fr_FR\" \/>\n<meta property=\"og:type\" content=\"article\" \/>\n<meta property=\"og:title\" content=\"Accessibilit\u00e9 - Mas Ferran Pals\" \/>\n<meta property=\"og:url\" content=\"https:\/\/www.masferranpals.com\/fr\/accessibilite\/\" \/>\n<meta property=\"og:site_name\" content=\"Mas Ferran Pals\" \/>\n<meta property=\"article:modified_time\" content=\"2025-08-27T11:25:15+00:00\" \/>\n<meta name=\"twitter:card\" content=\"summary_large_image\" \/>\n<meta name=\"twitter:label1\" content=\"Dur\u00e9e de lecture estim\u00e9e\" \/>\n\t<meta name=\"twitter:data1\" content=\"2 minutes\" \/>\n<script type=\"application\/ld+json\" class=\"yoast-schema-graph\">{\"@context\":\"https:\/\/schema.org\",\"@graph\":[{\"@type\":\"WebPage\",\"@id\":\"https:\/\/www.masferranpals.com\/fr\/accessibilite\/\",\"url\":\"https:\/\/www.masferranpals.com\/fr\/accessibilite\/\",\"name\":\"Accessibilit\u00e9 - Mas Ferran Pals\",\"isPartOf\":{\"@id\":\"https:\/\/www.masferranpals.com\/fr\/#website\"},\"datePublished\":\"2025-08-26T09:42:26+00:00\",\"dateModified\":\"2025-08-27T11:25:15+00:00\",\"breadcrumb\":{\"@id\":\"https:\/\/www.masferranpals.com\/fr\/accessibilite\/#breadcrumb\"},\"inLanguage\":\"fr-FR\",\"potentialAction\":[{\"@type\":\"ReadAction\",\"target\":[\"https:\/\/www.masferranpals.com\/fr\/accessibilite\/\"]}]},{\"@type\":\"BreadcrumbList\",\"@id\":\"https:\/\/www.masferranpals.com\/fr\/accessibilite\/#breadcrumb\",\"itemListElement\":[{\"@type\":\"ListItem\",\"position\":1,\"name\":\"Home\",\"item\":\"https:\/\/www.masferranpals.com\/fr\/\"},{\"@type\":\"ListItem\",\"position\":2,\"name\":\"Accessibilit\u00e9\"}]},{\"@type\":\"WebSite\",\"@id\":\"https:\/\/www.masferranpals.com\/fr\/#website\",\"url\":\"https:\/\/www.masferranpals.com\/fr\/\",\"name\":\"Mas Ferran Pals\",\"description\":\"Habitacions en un espai privilegiat a l\u2019Empord\u00e0.\",\"potentialAction\":[{\"@type\":\"SearchAction\",\"target\":{\"@type\":\"EntryPoint\",\"urlTemplate\":\"https:\/\/www.masferranpals.com\/fr\/?s={search_term_string}\"},\"query-input\":{\"@type\":\"PropertyValueSpecification\",\"valueRequired\":true,\"valueName\":\"search_term_string\"}}],\"inLanguage\":\"fr-FR\"}]}<\/script>\n<!-- \/ Yoast SEO plugin. -->","yoast_head_json":{"title":"Accessibilit\u00e9 - Mas Ferran Pals","robots":{"index":"index","follow":"follow","max-snippet":"max-snippet:-1","max-image-preview":"max-image-preview:large","max-video-preview":"max-video-preview:-1"},"canonical":"https:\/\/www.masferranpals.com\/fr\/accessibilite\/","og_locale":"fr_FR","og_type":"article","og_title":"Accessibilit\u00e9 - Mas Ferran Pals","og_url":"https:\/\/www.masferranpals.com\/fr\/accessibilite\/","og_site_name":"Mas Ferran Pals","article_modified_time":"2025-08-27T11:25:15+00:00","twitter_card":"summary_large_image","twitter_misc":{"Dur\u00e9e de lecture estim\u00e9e":"2 minutes"},"schema":{"@context":"https:\/\/schema.org","@graph":[{"@type":"WebPage","@id":"https:\/\/www.masferranpals.com\/fr\/accessibilite\/","url":"https:\/\/www.masferranpals.com\/fr\/accessibilite\/","name":"Accessibilit\u00e9 - Mas Ferran Pals","isPartOf":{"@id":"https:\/\/www.masferranpals.com\/fr\/#website"},"datePublished":"2025-08-26T09:42:26+00:00","dateModified":"2025-08-27T11:25:15+00:00","breadcrumb":{"@id":"https:\/\/www.masferranpals.com\/fr\/accessibilite\/#breadcrumb"},"inLanguage":"fr-FR","potentialAction":[{"@type":"ReadAction","target":["https:\/\/www.masferranpals.com\/fr\/accessibilite\/"]}]},{"@type":"BreadcrumbList","@id":"https:\/\/www.masferranpals.com\/fr\/accessibilite\/#breadcrumb","itemListElement":[{"@type":"ListItem","position":1,"name":"Home","item":"https:\/\/www.masferranpals.com\/fr\/"},{"@type":"ListItem","position":2,"name":"Accessibilit\u00e9"}]},{"@type":"WebSite","@id":"https:\/\/www.masferranpals.com\/fr\/#website","url":"https:\/\/www.masferranpals.com\/fr\/","name":"Mas Ferran Pals","description":"Habitacions en un espai privilegiat a l\u2019Empord\u00e0.","potentialAction":[{"@type":"SearchAction","target":{"@type":"EntryPoint","urlTemplate":"https:\/\/www.masferranpals.com\/fr\/?s={search_term_string}"},"query-input":{"@type":"PropertyValueSpecification","valueRequired":true,"valueName":"search_term_string"}}],"inLanguage":"fr-FR"}]}},"_links":{"self":[{"href":"https:\/\/www.masferranpals.com\/fr\/wp-json\/wp\/v2\/pages\/9813","targetHints":{"allow":["GET"]}}],"collection":[{"href":"https:\/\/www.masferranpals.com\/fr\/wp-json\/wp\/v2\/pages"}],"about":[{"href":"https:\/\/www.masferranpals.com\/fr\/wp-json\/wp\/v2\/types\/page"}],"author":[{"embeddable":true,"href":"https:\/\/www.masferranpals.com\/fr\/wp-json\/wp\/v2\/users\/4"}],"replies":[{"embeddable":true,"href":"https:\/\/www.masferranpals.com\/fr\/wp-json\/wp\/v2\/comments?post=9813"}],"version-history":[{"count":3,"href":"https:\/\/www.masferranpals.com\/fr\/wp-json\/wp\/v2\/pages\/9813\/revisions"}],"predecessor-version":[{"id":9891,"href":"https:\/\/www.masferranpals.com\/fr\/wp-json\/wp\/v2\/pages\/9813\/revisions\/9891"}],"wp:attachment":[{"href":"https:\/\/www.masferranpals.com\/fr\/wp-json\/wp\/v2\/media?parent=9813"}],"curies":[{"name":"wp","href":"https:\/\/api.w.org\/{rel}","templated":true}]}}